{"id":3569,"date":"2024-11-07T18:36:26","date_gmt":"2024-11-07T21:36:26","guid":{"rendered":"https:\/\/acsi.com.br\/lojavirtual\/?post_type=product&#038;p=3569"},"modified":"2025-11-11T11:30:01","modified_gmt":"2025-11-11T14:30:01","slug":"pequenas-oracoes-para-dias-ordinarios","status":"publish","type":"product","link":"https:\/\/acsi.com.br\/lojavirtual\/produto\/pequenas-oracoes-para-dias-ordinarios\/","title":{"rendered":"Pequenas ora\u00e7\u00f5es para dias ordin\u00e1rios"},"content":{"rendered":"<p>&#8220;Papai do C\u00e9u que fez a manh\u00e3, a cada dia, o Senhor acorda o sol. A cada dia, o Senhor est\u00e1 mais perto de n\u00f3s. De novo e de novo, o Senhor nos ama. Muito obrigado por esse novo dia.&#8221;<\/p>\n<p>Do momento em que acordamos at\u00e9 a hora de dormir, nossos dias s\u00e3o recheados de momentos ordin\u00e1rios, ou seja, comuns. Apesar de parecerem n\u00e3o ter muita import\u00e2ncia, Deus est\u00e1 presente em todos eles e deseja que conversemos com ele sobre tudo \u2013 at\u00e9 mesmo sobre coisas que n\u00e3o s\u00e3o mega especiais. \u201cPequenas ora\u00e7\u00f5es para dias ordin\u00e1rios\u201d \u00e9 uma colet\u00e2nea de ora\u00e7\u00f5es para crian\u00e7as utilizarem durante sua rotina: no caminho para a escola, ao se olhar no espelho, quando for escovar os dentes ou antes de brincar.<\/p>\n","protected":false},"excerpt":{"rendered":"<p>&#8220;Papai do C\u00e9u que fez a manh\u00e3, a cada dia, o Senhor acorda o sol. A cada dia, o Senhor est\u00e1 mais perto de n\u00f3s. De novo e de novo, o Senhor nos ama. Muito obrigado por esse novo dia.&#8221;<\/p>\n<p>Do momento em que acordamos at\u00e9 a hora de dormir, nossos dias s\u00e3o recheados de momentos ordin\u00e1rios, ou seja, comuns. Apesar de parecerem n\u00e3o ter muita import\u00e2ncia, Deus est\u00e1 presente em todos eles e deseja que conversemos com ele sobre tudo \u2013 at\u00e9 mesmo sobre coisas que n\u00e3o s\u00e3o mega especiais. \u201cPequenas ora\u00e7\u00f5es para dias ordin\u00e1rios\u201d \u00e9 uma colet\u00e2nea de ora\u00e7\u00f5es para crian\u00e7as utilizarem durante sua rotina: no caminho para a escola, ao se olhar no espelho, quando for escovar os dentes ou antes de brincar.<\/p>\n","protected":false},"featured_media":3570,"comment_status":"open","ping_status":"closed","template":"","meta":[],"product_brand":[],"product_cat":[31],"product_tag":[213,211],"class_list":{"0":"post-3569","1":"product","2":"type-product","3":"status-publish","4":"has-post-thumbnail","6":"product_cat-thomas-nelson","7":"product_tag-capelania","8":"product_tag-ed-infantil-ao-5o-ano","10":"first","11":"instock","12":"featured","13":"shipping-taxable","14":"purchasable","15":"product-type-simple"},"_links":{"self":[{"href":"https:\/\/acsi.com.br\/lojavirtual\/wp-json\/wp\/v2\/product\/3569","targetHints":{"allow":["GET"]}}],"collection":[{"href":"https:\/\/acsi.com.br\/lojavirtual\/wp-json\/wp\/v2\/product"}],"about":[{"href":"https:\/\/acsi.com.br\/lojavirtual\/wp-json\/wp\/v2\/types\/product"}],"replies":[{"embeddable":true,"href":"https:\/\/acsi.com.br\/lojavirtual\/wp-json\/wp\/v2\/comments?post=3569"}],"version-history":[{"count":1,"href":"https:\/\/acsi.com.br\/lojavirtual\/wp-json\/wp\/v2\/product\/3569\/revisions"}],"predecessor-version":[{"id":3571,"href":"https:\/\/acsi.com.br\/lojavirtual\/wp-json\/wp\/v2\/product\/3569\/revisions\/3571"}],"wp:featuredmedia":[{"embeddable":true,"href":"https:\/\/acsi.com.br\/lojavirtual\/wp-json\/wp\/v2\/media\/3570"}],"wp:attachment":[{"href":"https:\/\/acsi.com.br\/lojavirtual\/wp-json\/wp\/v2\/media?parent=3569"}],"wp:term":[{"taxonomy":"product_brand","embeddable":true,"href":"https:\/\/acsi.com.br\/lojavirtual\/wp-json\/wp\/v2\/product_brand?post=3569"},{"taxonomy":"product_cat","embeddable":true,"href":"https:\/\/acsi.com.br\/lojavirtual\/wp-json\/wp\/v2\/product_cat?post=3569"},{"taxonomy":"product_tag","embeddable":true,"href":"https:\/\/acsi.com.br\/lojavirtual\/wp-json\/wp\/v2\/product_tag?post=3569"}],"curies":[{"name":"wp","href":"https:\/\/api.w.org\/{rel}","templated":true}]}}