{"id":3563,"date":"2024-11-07T18:29:25","date_gmt":"2024-11-07T21:29:25","guid":{"rendered":"https:\/\/acsi.com.br\/lojavirtual\/?post_type=product&#038;p=3563"},"modified":"2026-04-16T20:58:08","modified_gmt":"2026-04-16T23:58:08","slug":"enquanto-ana-espera","status":"publish","type":"product","link":"https:\/\/acsi.com.br\/lojavirtual\/produto\/enquanto-ana-espera\/","title":{"rendered":"Enquanto Ana espera"},"content":{"rendered":"<p>A raposinha Ana vivia uma vida perfeita em sua toca, cercada de tudo o que sempre quis. No entanto, havia um desejo em seu cora\u00e7\u00e3o que ainda n\u00e3o havia sido realizado: provar o famoso fruto da Grande \u00c1rvore.<\/p>\n<p>Embarque na encantadora jornada de Ana em busca desse fruto especial e descubra as li\u00e7\u00f5es valiosas sobre paci\u00eancia, gratid\u00e3o e amizade que ela aprender\u00e1 ao longo do caminho.<\/p>\n","protected":false},"excerpt":{"rendered":"<p>A raposinha Ana vivia uma vida perfeita em sua toca, cercada de tudo o que sempre quis. No entanto, havia um desejo em seu cora\u00e7\u00e3o que ainda n\u00e3o havia sido realizado: provar o famoso fruto da Grande \u00c1rvore.<\/p>\n<p>Embarque na encantadora jornada de Ana em busca desse fruto especial e descubra as li\u00e7\u00f5es valiosas sobre paci\u00eancia, gratid\u00e3o e amizade que ela aprender\u00e1 ao longo do caminho.<\/p>\n","protected":false},"featured_media":3564,"comment_status":"closed","ping_status":"closed","template":"","meta":[],"product_brand":[],"product_cat":[31],"product_tag":[213],"class_list":{"0":"post-3563","1":"product","2":"type-product","3":"status-publish","4":"has-post-thumbnail","6":"product_cat-thomas-nelson","7":"product_tag-capelania","9":"first","10":"instock","11":"featured","12":"shipping-taxable","13":"purchasable","14":"product-type-simple"},"_links":{"self":[{"href":"https:\/\/acsi.com.br\/lojavirtual\/wp-json\/wp\/v2\/product\/3563","targetHints":{"allow":["GET"]}}],"collection":[{"href":"https:\/\/acsi.com.br\/lojavirtual\/wp-json\/wp\/v2\/product"}],"about":[{"href":"https:\/\/acsi.com.br\/lojavirtual\/wp-json\/wp\/v2\/types\/product"}],"replies":[{"embeddable":true,"href":"https:\/\/acsi.com.br\/lojavirtual\/wp-json\/wp\/v2\/comments?post=3563"}],"version-history":[{"count":1,"href":"https:\/\/acsi.com.br\/lojavirtual\/wp-json\/wp\/v2\/product\/3563\/revisions"}],"predecessor-version":[{"id":3565,"href":"https:\/\/acsi.com.br\/lojavirtual\/wp-json\/wp\/v2\/product\/3563\/revisions\/3565"}],"wp:featuredmedia":[{"embeddable":true,"href":"https:\/\/acsi.com.br\/lojavirtual\/wp-json\/wp\/v2\/media\/3564"}],"wp:attachment":[{"href":"https:\/\/acsi.com.br\/lojavirtual\/wp-json\/wp\/v2\/media?parent=3563"}],"wp:term":[{"taxonomy":"product_brand","embeddable":true,"href":"https:\/\/acsi.com.br\/lojavirtual\/wp-json\/wp\/v2\/product_brand?post=3563"},{"taxonomy":"product_cat","embeddable":true,"href":"https:\/\/acsi.com.br\/lojavirtual\/wp-json\/wp\/v2\/product_cat?post=3563"},{"taxonomy":"product_tag","embeddable":true,"href":"https:\/\/acsi.com.br\/lojavirtual\/wp-json\/wp\/v2\/product_tag?post=3563"}],"curies":[{"name":"wp","href":"https:\/\/api.w.org\/{rel}","templated":true}]}}