{"id":3560,"date":"2024-11-07T18:25:35","date_gmt":"2024-11-07T21:25:35","guid":{"rendered":"https:\/\/acsi.com.br\/lojavirtual\/?post_type=product&#038;p=3560"},"modified":"2026-04-17T11:32:29","modified_gmt":"2026-04-17T14:32:29","slug":"e-para-o-meu-bem","status":"publish","type":"product","link":"https:\/\/acsi.com.br\/lojavirtual\/produto\/e-para-o-meu-bem\/","title":{"rendered":"\u00c9 Para o Meu Bem"},"content":{"rendered":"<p>A ovelhinha Bernadete vivia dias felizes em um lindo e verde pasto, sob os cuidados do Bom Pastor. Por\u00e9m, um dia ela decide atravessar a cerca que protege o rebanho dos perigos da floresta.Ao lado da raposa Ana e do p\u00e1ssaro Eliseu, Bernadete aprender\u00e1 na pr\u00e1tica sobre a import\u00e2ncia de confiar nos limites estabelecidos por aqueles que nos guiam com amor e sabedoria.<\/p>\n","protected":false},"excerpt":{"rendered":"<p>A ovelhinha Bernadete vivia dias felizes em um lindo e verde pasto, sob os cuidados do Bom Pastor. Por\u00e9m, um dia ela decide atravessar a cerca que protege o rebanho dos perigos da floresta.Ao lado da raposa Ana e do p\u00e1ssaro Eliseu, Bernadete aprender\u00e1 na pr\u00e1tica sobre a import\u00e2ncia de confiar nos limites estabelecidos por aqueles que nos guiam com amor e sabedoria.<\/p>\n","protected":false},"featured_media":3561,"comment_status":"closed","ping_status":"closed","template":"","meta":[],"product_brand":[],"product_cat":[31],"product_tag":[213],"class_list":{"0":"post-3560","1":"product","2":"type-product","3":"status-publish","4":"has-post-thumbnail","6":"product_cat-thomas-nelson","7":"product_tag-capelania","9":"first","10":"instock","11":"featured","12":"shipping-taxable","13":"purchasable","14":"product-type-simple"},"_links":{"self":[{"href":"https:\/\/acsi.com.br\/lojavirtual\/wp-json\/wp\/v2\/product\/3560","targetHints":{"allow":["GET"]}}],"collection":[{"href":"https:\/\/acsi.com.br\/lojavirtual\/wp-json\/wp\/v2\/product"}],"about":[{"href":"https:\/\/acsi.com.br\/lojavirtual\/wp-json\/wp\/v2\/types\/product"}],"replies":[{"embeddable":true,"href":"https:\/\/acsi.com.br\/lojavirtual\/wp-json\/wp\/v2\/comments?post=3560"}],"version-history":[{"count":1,"href":"https:\/\/acsi.com.br\/lojavirtual\/wp-json\/wp\/v2\/product\/3560\/revisions"}],"predecessor-version":[{"id":3562,"href":"https:\/\/acsi.com.br\/lojavirtual\/wp-json\/wp\/v2\/product\/3560\/revisions\/3562"}],"wp:featuredmedia":[{"embeddable":true,"href":"https:\/\/acsi.com.br\/lojavirtual\/wp-json\/wp\/v2\/media\/3561"}],"wp:attachment":[{"href":"https:\/\/acsi.com.br\/lojavirtual\/wp-json\/wp\/v2\/media?parent=3560"}],"wp:term":[{"taxonomy":"product_brand","embeddable":true,"href":"https:\/\/acsi.com.br\/lojavirtual\/wp-json\/wp\/v2\/product_brand?post=3560"},{"taxonomy":"product_cat","embeddable":true,"href":"https:\/\/acsi.com.br\/lojavirtual\/wp-json\/wp\/v2\/product_cat?post=3560"},{"taxonomy":"product_tag","embeddable":true,"href":"https:\/\/acsi.com.br\/lojavirtual\/wp-json\/wp\/v2\/product_tag?post=3560"}],"curies":[{"name":"wp","href":"https:\/\/api.w.org\/{rel}","templated":true}]}}