{"id":3557,"date":"2024-11-07T18:10:50","date_gmt":"2024-11-07T21:10:50","guid":{"rendered":"https:\/\/acsi.com.br\/lojavirtual\/?post_type=product&#038;p=3557"},"modified":"2026-03-30T10:47:51","modified_gmt":"2026-03-30T13:47:51","slug":"meu-sol-de-primavera","status":"publish","type":"product","link":"https:\/\/acsi.com.br\/lojavirtual\/produto\/meu-sol-de-primavera\/","title":{"rendered":"Meu Sol de Primavera"},"content":{"rendered":"<p>H\u00e9r vive aos 15 anos uma paix\u00e3o intensa por um colega de classe. Sonha dar o primeiro beijo, ser pedida em namoro e viver um lindo romance. Quando surge uma oportunidade de fisgar o garoto, Ch\u00e9r n\u00e3o hesita em bolar um plano para conquistar o cora\u00e7\u00e3o do crush. Ser\u00e1 que seus planos dar\u00e3o certo? Ela conseguir\u00e1 viver o romance t\u00e3o desejado?<\/p>\n","protected":false},"excerpt":{"rendered":"<p>H\u00e9r vive aos 15 anos uma paix\u00e3o intensa por um colega de classe. Sonha dar o primeiro beijo, ser pedida em namoro e viver um lindo romance. Quando surge uma oportunidade de fisgar o garoto, Ch\u00e9r n\u00e3o hesita em bolar um plano para conquistar o cora\u00e7\u00e3o do crush. Ser\u00e1 que seus planos dar\u00e3o certo? Ela conseguir\u00e1 viver o romance t\u00e3o desejado?<\/p>\n","protected":false},"featured_media":3558,"comment_status":"open","ping_status":"closed","template":"","meta":[],"product_brand":[],"product_cat":[30],"product_tag":[224],"class_list":{"0":"post-3557","1":"product","2":"type-product","3":"status-publish","4":"has-post-thumbnail","6":"product_cat-mundo-cristao","7":"product_tag-fundamental","9":"first","10":"instock","11":"featured","12":"shipping-taxable","13":"purchasable","14":"product-type-simple"},"_links":{"self":[{"href":"https:\/\/acsi.com.br\/lojavirtual\/wp-json\/wp\/v2\/product\/3557","targetHints":{"allow":["GET"]}}],"collection":[{"href":"https:\/\/acsi.com.br\/lojavirtual\/wp-json\/wp\/v2\/product"}],"about":[{"href":"https:\/\/acsi.com.br\/lojavirtual\/wp-json\/wp\/v2\/types\/product"}],"replies":[{"embeddable":true,"href":"https:\/\/acsi.com.br\/lojavirtual\/wp-json\/wp\/v2\/comments?post=3557"}],"version-history":[{"count":1,"href":"https:\/\/acsi.com.br\/lojavirtual\/wp-json\/wp\/v2\/product\/3557\/revisions"}],"predecessor-version":[{"id":3559,"href":"https:\/\/acsi.com.br\/lojavirtual\/wp-json\/wp\/v2\/product\/3557\/revisions\/3559"}],"wp:featuredmedia":[{"embeddable":true,"href":"https:\/\/acsi.com.br\/lojavirtual\/wp-json\/wp\/v2\/media\/3558"}],"wp:attachment":[{"href":"https:\/\/acsi.com.br\/lojavirtual\/wp-json\/wp\/v2\/media?parent=3557"}],"wp:term":[{"taxonomy":"product_brand","embeddable":true,"href":"https:\/\/acsi.com.br\/lojavirtual\/wp-json\/wp\/v2\/product_brand?post=3557"},{"taxonomy":"product_cat","embeddable":true,"href":"https:\/\/acsi.com.br\/lojavirtual\/wp-json\/wp\/v2\/product_cat?post=3557"},{"taxonomy":"product_tag","embeddable":true,"href":"https:\/\/acsi.com.br\/lojavirtual\/wp-json\/wp\/v2\/product_tag?post=3557"}],"curies":[{"name":"wp","href":"https:\/\/api.w.org\/{rel}","templated":true}]}}