{"id":3551,"date":"2024-11-07T17:59:06","date_gmt":"2024-11-07T20:59:06","guid":{"rendered":"https:\/\/acsi.com.br\/lojavirtual\/?post_type=product&#038;p=3551"},"modified":"2026-04-24T15:24:40","modified_gmt":"2026-04-24T18:24:40","slug":"lele-e-pequenininha","status":"publish","type":"product","link":"https:\/\/acsi.com.br\/lojavirtual\/produto\/lele-e-pequenininha\/","title":{"rendered":"Lel\u00ea \u00e9 Pequenininha"},"content":{"rendered":"<p>A Lel\u00ea mora num pr\u00e9dio cheio de janelinhas, gosta de ir bem alto no balan\u00e7o da pra\u00e7a e de brincar no tanque de areia com os amigos, mas reclama na hora de dividir os brinquedos. De manh\u00e3, passeia com o papai e o cachorro Pagode, vai \u00e0 feira com a mam\u00e3e comer pastel e tomar caldo de cana \u2015 huuum! Depois do almo\u00e7o, quem a leva \u00e0 escola \u00e9 a vov\u00f3. Mas, calma, o dia est\u00e1 s\u00f3 come\u00e7ando.<br \/>\nAs crian\u00e7as pequenininhas, piticas, grandes e grandonas da cidade, do espa\u00e7o sideral e do campo tamb\u00e9m v\u00e3o se reconhecer acompanhando cada detalhe da rotina da Lel\u00ea. Sob o seu olhar, o leitor vai poder observar a cidade e suas miudezas t\u00e3o especiais \u2015 brincar com o tatu-bola, estourar beijinhos do canteiro de plantas, admirar a vitrine da padaria cheinha de gostosuras.<\/p>\n","protected":false},"excerpt":{"rendered":"<p>A Lel\u00ea mora num pr\u00e9dio cheio de janelinhas, gosta de ir bem alto no balan\u00e7o da pra\u00e7a e de brincar no tanque de areia com os amigos, mas reclama na hora de dividir os brinquedos. De manh\u00e3, passeia com o papai e o cachorro Pagode, vai \u00e0 feira com a mam\u00e3e comer pastel e tomar caldo de cana \u2015 huuum! Depois do almo\u00e7o, quem a leva \u00e0 escola \u00e9 a vov\u00f3. Mas, calma, o dia est\u00e1 s\u00f3 come\u00e7ando.<br \/>\nAs crian\u00e7as pequenininhas, piticas, grandes e grandonas da cidade, do espa\u00e7o sideral e do campo tamb\u00e9m v\u00e3o se reconhecer acompanhando cada detalhe da rotina da Lel\u00ea. Sob o seu olhar, o leitor vai poder observar a cidade e suas miudezas t\u00e3o especiais \u2015 brincar com o tatu-bola, estourar beijinhos do canteiro de plantas, admirar a vitrine da padaria cheinha de gostosuras.<\/p>\n","protected":false},"featured_media":3552,"comment_status":"closed","ping_status":"closed","template":"","meta":[],"product_brand":[],"product_cat":[29],"product_tag":[153],"class_list":{"0":"post-3551","1":"product","2":"type-product","3":"status-publish","4":"has-post-thumbnail","6":"product_cat-cia-das-letras-brinque-book","7":"product_tag-ed-infantil","9":"first","10":"instock","11":"shipping-taxable","12":"purchasable","13":"product-type-simple"},"_links":{"self":[{"href":"https:\/\/acsi.com.br\/lojavirtual\/wp-json\/wp\/v2\/product\/3551","targetHints":{"allow":["GET"]}}],"collection":[{"href":"https:\/\/acsi.com.br\/lojavirtual\/wp-json\/wp\/v2\/product"}],"about":[{"href":"https:\/\/acsi.com.br\/lojavirtual\/wp-json\/wp\/v2\/types\/product"}],"replies":[{"embeddable":true,"href":"https:\/\/acsi.com.br\/lojavirtual\/wp-json\/wp\/v2\/comments?post=3551"}],"version-history":[{"count":1,"href":"https:\/\/acsi.com.br\/lojavirtual\/wp-json\/wp\/v2\/product\/3551\/revisions"}],"predecessor-version":[{"id":3553,"href":"https:\/\/acsi.com.br\/lojavirtual\/wp-json\/wp\/v2\/product\/3551\/revisions\/3553"}],"wp:featuredmedia":[{"embeddable":true,"href":"https:\/\/acsi.com.br\/lojavirtual\/wp-json\/wp\/v2\/media\/3552"}],"wp:attachment":[{"href":"https:\/\/acsi.com.br\/lojavirtual\/wp-json\/wp\/v2\/media?parent=3551"}],"wp:term":[{"taxonomy":"product_brand","embeddable":true,"href":"https:\/\/acsi.com.br\/lojavirtual\/wp-json\/wp\/v2\/product_brand?post=3551"},{"taxonomy":"product_cat","embeddable":true,"href":"https:\/\/acsi.com.br\/lojavirtual\/wp-json\/wp\/v2\/product_cat?post=3551"},{"taxonomy":"product_tag","embeddable":true,"href":"https:\/\/acsi.com.br\/lojavirtual\/wp-json\/wp\/v2\/product_tag?post=3551"}],"curies":[{"name":"wp","href":"https:\/\/api.w.org\/{rel}","templated":true}]}}