{"id":3549,"date":"2024-11-07T17:55:52","date_gmt":"2024-11-07T20:55:52","guid":{"rendered":"https:\/\/acsi.com.br\/lojavirtual\/?post_type=product&#038;p=3549"},"modified":"2026-04-16T20:58:08","modified_gmt":"2026-04-16T23:58:08","slug":"a-matematica-do-urso","status":"publish","type":"product","link":"https:\/\/acsi.com.br\/lojavirtual\/produto\/a-matematica-do-urso\/","title":{"rendered":"A Matem\u00e1tica do Urso"},"content":{"rendered":"<p>Esta \u00e9 a hist\u00f3ria de um urso que vem tranquilo pela floresta segurando uma grande e suculenta melancia para o jantar. Em seu caminho, por\u00e9m, aparece uma forte e pesada anta e lhe faz uma proposta tentadora: \u201cQuer trocar uma melancia por dois mel\u00f5es?\u201d. O urso logo v\u00ea que dois \u00e9 mais do que um, ent\u00e3o troca sem medo algum. Em seguida, vem um macaco que lhe oferece tr\u00eas cocos no lugar de dois mel\u00f5es. Mais uma vez, o urso troca sem nem pensar nos porqu\u00eas. E assim, um ap\u00f3s o outro, diferentes animais cruzam o caminho do urso propondo transa\u00e7\u00f5es cada vez mais disparatadas. Ser\u00e1 que as contas do nosso amigo peludo dar\u00e3o certo? Far\u00e1 ele um bom neg\u00f3cio?<br \/>\nAcompanhe a matem\u00e1tica do urso nesta obra rimada e divertid\u00edssima.<\/p>\n","protected":false},"excerpt":{"rendered":"<p>Esta \u00e9 a hist\u00f3ria de um urso que vem tranquilo pela floresta segurando uma grande e suculenta melancia para o jantar. Em seu caminho, por\u00e9m, aparece uma forte e pesada anta e lhe faz uma proposta tentadora: \u201cQuer trocar uma melancia por dois mel\u00f5es?\u201d. O urso logo v\u00ea que dois \u00e9 mais do que um, ent\u00e3o troca sem medo algum. Em seguida, vem um macaco que lhe oferece tr\u00eas cocos no lugar de dois mel\u00f5es. Mais uma vez, o urso troca sem nem pensar nos porqu\u00eas. E assim, um ap\u00f3s o outro, diferentes animais cruzam o caminho do urso propondo transa\u00e7\u00f5es cada vez mais disparatadas. Ser\u00e1 que as contas do nosso amigo peludo dar\u00e3o certo? Far\u00e1 ele um bom neg\u00f3cio?<br \/>\nAcompanhe a matem\u00e1tica do urso nesta obra rimada e divertid\u00edssima.<\/p>\n<p>&nbsp;<\/p>\n","protected":false},"featured_media":3547,"comment_status":"closed","ping_status":"closed","template":"","meta":[],"product_brand":[],"product_cat":[29],"product_tag":[183],"class_list":{"0":"post-3549","1":"product","2":"type-product","3":"status-publish","4":"has-post-thumbnail","6":"product_cat-cia-das-letras-brinque-book","7":"product_tag-1o-e-2o-ano","9":"first","10":"instock","11":"shipping-taxable","12":"purchasable","13":"product-type-simple"},"_links":{"self":[{"href":"https:\/\/acsi.com.br\/lojavirtual\/wp-json\/wp\/v2\/product\/3549","targetHints":{"allow":["GET"]}}],"collection":[{"href":"https:\/\/acsi.com.br\/lojavirtual\/wp-json\/wp\/v2\/product"}],"about":[{"href":"https:\/\/acsi.com.br\/lojavirtual\/wp-json\/wp\/v2\/types\/product"}],"replies":[{"embeddable":true,"href":"https:\/\/acsi.com.br\/lojavirtual\/wp-json\/wp\/v2\/comments?post=3549"}],"version-history":[{"count":1,"href":"https:\/\/acsi.com.br\/lojavirtual\/wp-json\/wp\/v2\/product\/3549\/revisions"}],"predecessor-version":[{"id":3550,"href":"https:\/\/acsi.com.br\/lojavirtual\/wp-json\/wp\/v2\/product\/3549\/revisions\/3550"}],"wp:featuredmedia":[{"embeddable":true,"href":"https:\/\/acsi.com.br\/lojavirtual\/wp-json\/wp\/v2\/media\/3547"}],"wp:attachment":[{"href":"https:\/\/acsi.com.br\/lojavirtual\/wp-json\/wp\/v2\/media?parent=3549"}],"wp:term":[{"taxonomy":"product_brand","embeddable":true,"href":"https:\/\/acsi.com.br\/lojavirtual\/wp-json\/wp\/v2\/product_brand?post=3549"},{"taxonomy":"product_cat","embeddable":true,"href":"https:\/\/acsi.com.br\/lojavirtual\/wp-json\/wp\/v2\/product_cat?post=3549"},{"taxonomy":"product_tag","embeddable":true,"href":"https:\/\/acsi.com.br\/lojavirtual\/wp-json\/wp\/v2\/product_tag?post=3549"}],"curies":[{"name":"wp","href":"https:\/\/api.w.org\/{rel}","templated":true}]}}