{"id":3544,"date":"2024-11-07T17:50:21","date_gmt":"2024-11-07T20:50:21","guid":{"rendered":"https:\/\/acsi.com.br\/lojavirtual\/?post_type=product&#038;p=3544"},"modified":"2025-10-31T16:54:15","modified_gmt":"2025-10-31T19:54:15","slug":"ascensao-e-triunfo-do-self-moderno","status":"publish","type":"product","link":"https:\/\/acsi.com.br\/lojavirtual\/produto\/ascensao-e-triunfo-do-self-moderno\/","title":{"rendered":"Ascens\u00e3o e Triunfo do Self Moderno"},"content":{"rendered":"<p>Para a igreja encontrar maneiras de manter a verdadeira luz da f\u00e9 acesa na escurid\u00e3o atual que n\u00e3o a compreende. Todos n\u00f3s temos a consci\u00eancia de sermos um self. Basicamente, isso se conecta ao nosso senso de individualidade. Estou ciente de que eu sou eu e n\u00e3o, digamos, George Clooney ou Donald Trump. Mas, neste livro, uso o termo para significar mais do que simplesmente um n\u00edvel b\u00e1sico de autoconsci\u00eancia. Para mim, ser um self, no sentido que estou usando o termo neste livro, envolve uma compreens\u00e3o de qual \u00e9 o prop\u00f3sito da minha vida, do que constitui uma vida boa, de como eu me entendo \u2013 meu self \u2013 em rela\u00e7\u00e3o aos outros e ao mundo ao meu redor.<\/p>\n","protected":false},"excerpt":{"rendered":"<p>Para a igreja encontrar maneiras de manter a verdadeira luz da f\u00e9 acesa na escurid\u00e3o atual que n\u00e3o a compreende. Todos n\u00f3s temos a consci\u00eancia de sermos um self. Basicamente, isso se conecta ao nosso senso de individualidade. Estou ciente de que eu sou eu e n\u00e3o, digamos, George Clooney ou Donald Trump. Mas, neste livro, uso o termo para significar mais do que simplesmente um n\u00edvel b\u00e1sico de autoconsci\u00eancia. Para mim, ser um self, no sentido que estou usando o termo neste livro, envolve uma compreens\u00e3o de qual \u00e9 o prop\u00f3sito da minha vida, do que constitui uma vida boa, de como eu me entendo \u2013 meu self \u2013 em rela\u00e7\u00e3o aos outros e ao mundo ao meu redor.<\/p>\n","protected":false},"featured_media":3545,"comment_status":"open","ping_status":"closed","template":"","meta":[],"product_brand":[],"product_cat":[96,154],"product_tag":[],"class_list":{"0":"post-3544","1":"product","2":"type-product","3":"status-publish","4":"has-post-thumbnail","6":"product_cat-cultura-crista","7":"product_cat-formacao-profissional","9":"first","10":"outofstock","11":"featured","12":"shipping-taxable","13":"purchasable","14":"product-type-simple"},"_links":{"self":[{"href":"https:\/\/acsi.com.br\/lojavirtual\/wp-json\/wp\/v2\/product\/3544","targetHints":{"allow":["GET"]}}],"collection":[{"href":"https:\/\/acsi.com.br\/lojavirtual\/wp-json\/wp\/v2\/product"}],"about":[{"href":"https:\/\/acsi.com.br\/lojavirtual\/wp-json\/wp\/v2\/types\/product"}],"replies":[{"embeddable":true,"href":"https:\/\/acsi.com.br\/lojavirtual\/wp-json\/wp\/v2\/comments?post=3544"}],"version-history":[{"count":1,"href":"https:\/\/acsi.com.br\/lojavirtual\/wp-json\/wp\/v2\/product\/3544\/revisions"}],"predecessor-version":[{"id":3546,"href":"https:\/\/acsi.com.br\/lojavirtual\/wp-json\/wp\/v2\/product\/3544\/revisions\/3546"}],"wp:featuredmedia":[{"embeddable":true,"href":"https:\/\/acsi.com.br\/lojavirtual\/wp-json\/wp\/v2\/media\/3545"}],"wp:attachment":[{"href":"https:\/\/acsi.com.br\/lojavirtual\/wp-json\/wp\/v2\/media?parent=3544"}],"wp:term":[{"taxonomy":"product_brand","embeddable":true,"href":"https:\/\/acsi.com.br\/lojavirtual\/wp-json\/wp\/v2\/product_brand?post=3544"},{"taxonomy":"product_cat","embeddable":true,"href":"https:\/\/acsi.com.br\/lojavirtual\/wp-json\/wp\/v2\/product_cat?post=3544"},{"taxonomy":"product_tag","embeddable":true,"href":"https:\/\/acsi.com.br\/lojavirtual\/wp-json\/wp\/v2\/product_tag?post=3544"}],"curies":[{"name":"wp","href":"https:\/\/api.w.org\/{rel}","templated":true}]}}