{"id":354,"date":"2023-08-04T19:35:13","date_gmt":"2023-08-04T19:35:13","guid":{"rendered":"https:\/\/acsi.com.br\/lojavirtual\/?post_type=product&#038;p=354"},"modified":"2026-04-21T22:08:54","modified_gmt":"2026-04-22T01:08:54","slug":"lele-a-missionaria-de-dourados","status":"publish","type":"product","link":"https:\/\/acsi.com.br\/lojavirtual\/produto\/lele-a-missionaria-de-dourados\/","title":{"rendered":"Lel\u00ea, a mission\u00e1ria de Dourados"},"content":{"rendered":"<p>Este livro conta a hist\u00f3ria real de uma menina que nunca entendeu a cor que Deus lhe deu, e se questionava por que seu cabelo liso n\u00e3o ficava. At\u00e9 o dia que um encontro com Deus aconteceu, e um lindo testemunho nasceu. Esta \u00e9 uma hist\u00f3ria de aceita\u00e7\u00e3o, f\u00e9 e autoestima do cabelo aos p\u00e9s. Voc\u00ea conhece algu\u00e9m que consigo mesmo n\u00e3o est\u00e1 contente? D\u00ea a Lel\u00ea para ele de presente. Esse \u00e9 um bom relato que Deus muda tudo de fato!<\/p>\n","protected":false},"excerpt":{"rendered":"<p>Este livro conta a hist\u00f3ria real de uma menina que nunca entendeu a cor que Deus lhe deu, e se questionava por que seu cabelo liso n\u00e3o ficava. At\u00e9 o dia que um encontro com Deus aconteceu, e um lindo testemunho nasceu. Esta \u00e9 uma hist\u00f3ria de aceita\u00e7\u00e3o, f\u00e9 e autoestima do cabelo aos p\u00e9s. Voc\u00ea conhece algu\u00e9m que consigo mesmo n\u00e3o est\u00e1 contente? D\u00ea a Lel\u00ea para ele de presente. Esse \u00e9 um bom relato que Deus muda tudo de fato!<\/p>\n","protected":false},"featured_media":355,"comment_status":"closed","ping_status":"closed","template":"","meta":[],"product_brand":[],"product_cat":[23],"product_tag":[137,152],"class_list":{"0":"post-354","1":"product","2":"type-product","3":"status-publish","4":"has-post-thumbnail","6":"product_cat-diversao-em-letras","7":"product_tag-ate-3o-ano","8":"product_tag-fund-1","10":"first","11":"instock","12":"shipping-taxable","13":"purchasable","14":"product-type-simple"},"_links":{"self":[{"href":"https:\/\/acsi.com.br\/lojavirtual\/wp-json\/wp\/v2\/product\/354","targetHints":{"allow":["GET"]}}],"collection":[{"href":"https:\/\/acsi.com.br\/lojavirtual\/wp-json\/wp\/v2\/product"}],"about":[{"href":"https:\/\/acsi.com.br\/lojavirtual\/wp-json\/wp\/v2\/types\/product"}],"replies":[{"embeddable":true,"href":"https:\/\/acsi.com.br\/lojavirtual\/wp-json\/wp\/v2\/comments?post=354"}],"version-history":[{"count":2,"href":"https:\/\/acsi.com.br\/lojavirtual\/wp-json\/wp\/v2\/product\/354\/revisions"}],"predecessor-version":[{"id":1268,"href":"https:\/\/acsi.com.br\/lojavirtual\/wp-json\/wp\/v2\/product\/354\/revisions\/1268"}],"wp:featuredmedia":[{"embeddable":true,"href":"https:\/\/acsi.com.br\/lojavirtual\/wp-json\/wp\/v2\/media\/355"}],"wp:attachment":[{"href":"https:\/\/acsi.com.br\/lojavirtual\/wp-json\/wp\/v2\/media?parent=354"}],"wp:term":[{"taxonomy":"product_brand","embeddable":true,"href":"https:\/\/acsi.com.br\/lojavirtual\/wp-json\/wp\/v2\/product_brand?post=354"},{"taxonomy":"product_cat","embeddable":true,"href":"https:\/\/acsi.com.br\/lojavirtual\/wp-json\/wp\/v2\/product_cat?post=354"},{"taxonomy":"product_tag","embeddable":true,"href":"https:\/\/acsi.com.br\/lojavirtual\/wp-json\/wp\/v2\/product_tag?post=354"}],"curies":[{"name":"wp","href":"https:\/\/api.w.org\/{rel}","templated":true}]}}