{"id":3538,"date":"2024-11-07T17:45:08","date_gmt":"2024-11-07T20:45:08","guid":{"rendered":"https:\/\/acsi.com.br\/lojavirtual\/?post_type=product&#038;p=3538"},"modified":"2025-10-31T16:53:08","modified_gmt":"2025-10-31T19:53:08","slug":"breve-cartilha-de-apologetica","status":"publish","type":"product","link":"https:\/\/acsi.com.br\/lojavirtual\/produto\/breve-cartilha-de-apologetica\/","title":{"rendered":"Breve Cartilha de Apolog\u00e9tica"},"content":{"rendered":"<p>O presente livro \u00e9, de fato, o que diz seu t\u00edtulo \u2013 uma cartilha, um livro realmente inicial na explora\u00e7\u00e3o da natureza da apolog\u00e9tica crist\u00e3, que, definida de forma simples, \u00e9 uma defesa da f\u00e9 crist\u00e3. Um dos prop\u00f3sitos primordiais deste livro \u00e9 encorajar o estudo, as futuras leituras e, sobretudo, a pr\u00e1tica. A apolog\u00e9tica crist\u00e3, nascida com a igreja primitiva, desaparecer\u00e1 apenas quando a realidade do Cristo crucificado, sepultado e ressurreto, se cumprir na consu\u00adma\u00e7\u00e3o do vindouro reino de Deus. At\u00e9 l\u00e1, temos trabalho a fazer.<\/p>\n","protected":false},"excerpt":{"rendered":"<p>O presente livro \u00e9, de fato, o que diz seu t\u00edtulo \u2013 uma cartilha, um livro realmente inicial na explora\u00e7\u00e3o da natureza da apolog\u00e9tica crist\u00e3, que, definida de forma simples, \u00e9 uma defesa da f\u00e9 crist\u00e3. Um dos prop\u00f3sitos primordiais deste livro \u00e9 encorajar o estudo, as futuras leituras e, sobretudo, a pr\u00e1tica. A apolog\u00e9tica crist\u00e3, nascida com a igreja primitiva, desaparecer\u00e1 apenas quando a realidade do Cristo crucificado, sepultado e ressurreto, se cumprir na consu\u00adma\u00e7\u00e3o do vindouro reino de Deus. At\u00e9 l\u00e1, temos trabalho a fazer.<\/p>\n","protected":false},"featured_media":3539,"comment_status":"open","ping_status":"closed","template":"","meta":[],"product_brand":[],"product_cat":[96,154],"product_tag":[],"class_list":{"0":"post-3538","1":"product","2":"type-product","3":"status-publish","4":"has-post-thumbnail","6":"product_cat-cultura-crista","7":"product_cat-formacao-profissional","9":"first","10":"instock","11":"featured","12":"shipping-taxable","13":"purchasable","14":"product-type-simple"},"_links":{"self":[{"href":"https:\/\/acsi.com.br\/lojavirtual\/wp-json\/wp\/v2\/product\/3538","targetHints":{"allow":["GET"]}}],"collection":[{"href":"https:\/\/acsi.com.br\/lojavirtual\/wp-json\/wp\/v2\/product"}],"about":[{"href":"https:\/\/acsi.com.br\/lojavirtual\/wp-json\/wp\/v2\/types\/product"}],"replies":[{"embeddable":true,"href":"https:\/\/acsi.com.br\/lojavirtual\/wp-json\/wp\/v2\/comments?post=3538"}],"version-history":[{"count":1,"href":"https:\/\/acsi.com.br\/lojavirtual\/wp-json\/wp\/v2\/product\/3538\/revisions"}],"predecessor-version":[{"id":3540,"href":"https:\/\/acsi.com.br\/lojavirtual\/wp-json\/wp\/v2\/product\/3538\/revisions\/3540"}],"wp:featuredmedia":[{"embeddable":true,"href":"https:\/\/acsi.com.br\/lojavirtual\/wp-json\/wp\/v2\/media\/3539"}],"wp:attachment":[{"href":"https:\/\/acsi.com.br\/lojavirtual\/wp-json\/wp\/v2\/media?parent=3538"}],"wp:term":[{"taxonomy":"product_brand","embeddable":true,"href":"https:\/\/acsi.com.br\/lojavirtual\/wp-json\/wp\/v2\/product_brand?post=3538"},{"taxonomy":"product_cat","embeddable":true,"href":"https:\/\/acsi.com.br\/lojavirtual\/wp-json\/wp\/v2\/product_cat?post=3538"},{"taxonomy":"product_tag","embeddable":true,"href":"https:\/\/acsi.com.br\/lojavirtual\/wp-json\/wp\/v2\/product_tag?post=3538"}],"curies":[{"name":"wp","href":"https:\/\/api.w.org\/{rel}","templated":true}]}}