{"id":3532,"date":"2024-11-07T17:38:25","date_gmt":"2024-11-07T20:38:25","guid":{"rendered":"https:\/\/acsi.com.br\/lojavirtual\/?post_type=product&#038;p=3532"},"modified":"2026-04-16T20:58:08","modified_gmt":"2026-04-16T23:58:08","slug":"educacao-na-justica","status":"publish","type":"product","link":"https:\/\/acsi.com.br\/lojavirtual\/produto\/educacao-na-justica\/","title":{"rendered":"Educa\u00e7\u00e3o na Justi\u00e7a"},"content":{"rendered":"<p>Este livro altamente leg\u00edvel combina grande vis\u00e3o b\u00edblica com sabedoria pr\u00e1tica. Em muitas comunidades, o estudo b\u00edblico consiste na leitura de uma passagem da B\u00edblia, seguida pela pergunta: \u201cO que essa passagem me diz?\u201d Em outras palavras: \u201cQuando leio esse texto, quais s\u00e3o os pensamentos ou sentimentos que ele desperta em mim?\u201d Essa pergunta subjetiva permite que as pessoas \u201cencontrem\u201d no texto qualquer ideia que lhes agrade. Desse modo, os crist\u00e3os s\u00e3o incentivados a se concentrar no fragmento de uma verdade \u2013 num moralismo ou num vers\u00edculo que confirme uma doutrina favorita \u2013 e a ignorar todo o resto. Quando observamos essa pr\u00e1tica em outros (\u00e9 dif\u00edcil pegar-nos a n\u00f3s mesmos nessa pr\u00e1tica), observamos que a B\u00edblia tende a \u201cdizer\u201d coisas seguras, que est\u00e3o na moda ou que servem aos nossos pr\u00f3prios prop\u00f3sitos. J\u00e1 que cremos na autoridade da B\u00edblia, necessitamos de um m\u00e9todo objetivo para determinar, da melhor maneira poss\u00edvel, o que a B\u00edblia quis dizer originalmente e o que isso significa hoje.<\/p>\n","protected":false},"excerpt":{"rendered":"<p>Este livro altamente leg\u00edvel combina grande vis\u00e3o b\u00edblica com sabedoria pr\u00e1tica. Em muitas comunidades, o estudo b\u00edblico consiste na leitura de uma passagem da B\u00edblia, seguida pela pergunta: \u201cO que essa passagem me diz?\u201d Em outras palavras: \u201cQuando leio esse texto, quais s\u00e3o os pensamentos ou sentimentos que ele desperta em mim?\u201d Essa pergunta subjetiva permite que as pessoas \u201cencontrem\u201d no texto qualquer ideia que lhes agrade. Desse modo, os crist\u00e3os s\u00e3o incentivados a se concentrar no fragmento de uma verdade \u2013 num moralismo ou num vers\u00edculo que confirme uma doutrina favorita \u2013 e a ignorar todo o resto. Quando observamos essa pr\u00e1tica em outros (\u00e9 dif\u00edcil pegar-nos a n\u00f3s mesmos nessa pr\u00e1tica), observamos que a B\u00edblia tende a \u201cdizer\u201d coisas seguras, que est\u00e3o na moda ou que servem aos nossos pr\u00f3prios prop\u00f3sitos. J\u00e1 que cremos na autoridade da B\u00edblia, necessitamos de um m\u00e9todo objetivo para determinar, da melhor maneira poss\u00edvel, o que a B\u00edblia quis dizer originalmente e o que isso significa hoje.<\/p>\n<p>Excelente para a leitura individual e para estudos em grupo!<\/p>\n","protected":false},"featured_media":3533,"comment_status":"closed","ping_status":"closed","template":"","meta":[],"product_brand":[],"product_cat":[96,154],"product_tag":[],"class_list":{"0":"post-3532","1":"product","2":"type-product","3":"status-publish","4":"has-post-thumbnail","6":"product_cat-cultura-crista","7":"product_cat-formacao-profissional","9":"first","10":"instock","11":"featured","12":"shipping-taxable","13":"purchasable","14":"product-type-simple"},"_links":{"self":[{"href":"https:\/\/acsi.com.br\/lojavirtual\/wp-json\/wp\/v2\/product\/3532","targetHints":{"allow":["GET"]}}],"collection":[{"href":"https:\/\/acsi.com.br\/lojavirtual\/wp-json\/wp\/v2\/product"}],"about":[{"href":"https:\/\/acsi.com.br\/lojavirtual\/wp-json\/wp\/v2\/types\/product"}],"replies":[{"embeddable":true,"href":"https:\/\/acsi.com.br\/lojavirtual\/wp-json\/wp\/v2\/comments?post=3532"}],"version-history":[{"count":1,"href":"https:\/\/acsi.com.br\/lojavirtual\/wp-json\/wp\/v2\/product\/3532\/revisions"}],"predecessor-version":[{"id":3534,"href":"https:\/\/acsi.com.br\/lojavirtual\/wp-json\/wp\/v2\/product\/3532\/revisions\/3534"}],"wp:featuredmedia":[{"embeddable":true,"href":"https:\/\/acsi.com.br\/lojavirtual\/wp-json\/wp\/v2\/media\/3533"}],"wp:attachment":[{"href":"https:\/\/acsi.com.br\/lojavirtual\/wp-json\/wp\/v2\/media?parent=3532"}],"wp:term":[{"taxonomy":"product_brand","embeddable":true,"href":"https:\/\/acsi.com.br\/lojavirtual\/wp-json\/wp\/v2\/product_brand?post=3532"},{"taxonomy":"product_cat","embeddable":true,"href":"https:\/\/acsi.com.br\/lojavirtual\/wp-json\/wp\/v2\/product_cat?post=3532"},{"taxonomy":"product_tag","embeddable":true,"href":"https:\/\/acsi.com.br\/lojavirtual\/wp-json\/wp\/v2\/product_tag?post=3532"}],"curies":[{"name":"wp","href":"https:\/\/api.w.org\/{rel}","templated":true}]}}