{"id":3529,"date":"2024-11-07T17:32:55","date_gmt":"2024-11-07T20:32:55","guid":{"rendered":"https:\/\/acsi.com.br\/lojavirtual\/?post_type=product&#038;p=3529"},"modified":"2026-04-16T20:58:09","modified_gmt":"2026-04-16T23:58:09","slug":"o-universo-ao-lado","status":"publish","type":"product","link":"https:\/\/acsi.com.br\/lojavirtual\/produto\/o-universo-ao-lado\/","title":{"rendered":"O Universo ao lado"},"content":{"rendered":"<p>O universo ao lado estabelece o padr\u00e3o para uma introdu\u00e7\u00e3o clara e leg\u00edvel \u00e0s cosmovis\u00f5es. Nesta nova edi\u00e7\u00e3o, James Sire oferece recursos adicionais para alunos em suas introdu\u00e7\u00f5es concisas e de f\u00e1cil compreens\u00e3o ao te\u00edsmo, de\u00edsmo, naturalismo, marxismo, niilismo, existencialismo, monismo oriental, \u00e0 filosofia da Nova Era e ao p\u00f3s-modernismo. Incluem-se neste formato expandido um novo cap\u00edtulo sobre o islamismo e resumos informativos por toda a parte.<\/p>\n","protected":false},"excerpt":{"rendered":"<p>O universo ao lado estabelece o padr\u00e3o para uma introdu\u00e7\u00e3o clara e leg\u00edvel \u00e0s cosmovis\u00f5es. Nesta nova edi\u00e7\u00e3o, James Sire oferece recursos adicionais para alunos em suas introdu\u00e7\u00f5es concisas e de f\u00e1cil compreens\u00e3o ao te\u00edsmo, de\u00edsmo, naturalismo, marxismo, niilismo, existencialismo, monismo oriental, \u00e0 filosofia da Nova Era e ao p\u00f3s-modernismo. Incluem-se neste formato expandido um novo cap\u00edtulo sobre o islamismo e resumos informativos por toda a parte.<\/p>\n","protected":false},"featured_media":3530,"comment_status":"closed","ping_status":"closed","template":"","meta":[],"product_brand":[],"product_cat":[154,21],"product_tag":[],"class_list":{"0":"post-3529","1":"product","2":"type-product","3":"status-publish","4":"has-post-thumbnail","6":"product_cat-formacao-profissional","7":"product_cat-monergismo","9":"first","10":"instock","11":"shipping-taxable","12":"purchasable","13":"product-type-simple"},"_links":{"self":[{"href":"https:\/\/acsi.com.br\/lojavirtual\/wp-json\/wp\/v2\/product\/3529","targetHints":{"allow":["GET"]}}],"collection":[{"href":"https:\/\/acsi.com.br\/lojavirtual\/wp-json\/wp\/v2\/product"}],"about":[{"href":"https:\/\/acsi.com.br\/lojavirtual\/wp-json\/wp\/v2\/types\/product"}],"replies":[{"embeddable":true,"href":"https:\/\/acsi.com.br\/lojavirtual\/wp-json\/wp\/v2\/comments?post=3529"}],"version-history":[{"count":1,"href":"https:\/\/acsi.com.br\/lojavirtual\/wp-json\/wp\/v2\/product\/3529\/revisions"}],"predecessor-version":[{"id":3531,"href":"https:\/\/acsi.com.br\/lojavirtual\/wp-json\/wp\/v2\/product\/3529\/revisions\/3531"}],"wp:featuredmedia":[{"embeddable":true,"href":"https:\/\/acsi.com.br\/lojavirtual\/wp-json\/wp\/v2\/media\/3530"}],"wp:attachment":[{"href":"https:\/\/acsi.com.br\/lojavirtual\/wp-json\/wp\/v2\/media?parent=3529"}],"wp:term":[{"taxonomy":"product_brand","embeddable":true,"href":"https:\/\/acsi.com.br\/lojavirtual\/wp-json\/wp\/v2\/product_brand?post=3529"},{"taxonomy":"product_cat","embeddable":true,"href":"https:\/\/acsi.com.br\/lojavirtual\/wp-json\/wp\/v2\/product_cat?post=3529"},{"taxonomy":"product_tag","embeddable":true,"href":"https:\/\/acsi.com.br\/lojavirtual\/wp-json\/wp\/v2\/product_tag?post=3529"}],"curies":[{"name":"wp","href":"https:\/\/api.w.org\/{rel}","templated":true}]}}