{"id":3526,"date":"2024-11-07T17:29:58","date_gmt":"2024-11-07T20:29:58","guid":{"rendered":"https:\/\/acsi.com.br\/lojavirtual\/?post_type=product&#038;p=3526"},"modified":"2026-04-16T20:58:09","modified_gmt":"2026-04-16T23:58:09","slug":"redimindo-a-ciencia","status":"publish","type":"product","link":"https:\/\/acsi.com.br\/lojavirtual\/produto\/redimindo-a-ciencia\/","title":{"rendered":"Redimindo a Ci\u00eancia"},"content":{"rendered":"<p>CRISTIANISMO E CI\u00caNCIA<br \/>\nMuitas acreditam que a ci\u00eancia \u00e9 antag\u00f4nica \u00e0 cren\u00e7a crist\u00e3. Afinal, dizem, ao passo que ci\u00eancia demonstra que o universo tem bilh\u00f5es de anos, a B\u00edblia diz que se tratam de apenas milhares de anos. De igual modo, se alega que a ci\u00eancia nos mostra que milagres sobrenaturais s\u00e3o imposs\u00edveis. Esses e outros pontos de disputa fazem com que alguns crist\u00e3os vejam a ci\u00eancia como uma amea\u00e7a \u00e0s suas cren\u00e7as.<br \/>\nRedimindo a ci\u00eancia buscar fomentar nosso apre\u00e7o pela ci\u00eancia que n\u00e3o foge aos prop\u00f3sitos criacionais ? isto \u00e9, uma ci\u00eancia que pode servir como um caminho para louvar a Deus e servir aos nossos semelhantes. Por meio do exame das leis maravilhosamente complexas e imut\u00e1veis da natureza, explica-nos o autor Vern Poythress, dever\u00edamos reconhecer a sabedoria, cuidado e beleza de Deus. Uma cosmovis\u00e3o crist\u00e3 possibilita uma resposta genu\u00edna \u00e0 ci\u00eancia, na qual glorificamos ao Deus que criou e sustenta a natureza.<\/p>\n","protected":false},"excerpt":{"rendered":"<p>CRISTIANISMO E CI\u00caNCIA<br \/>\nMuitas acreditam que a ci\u00eancia \u00e9 antag\u00f4nica \u00e0 cren\u00e7a crist\u00e3. Afinal, dizem, ao passo que ci\u00eancia demonstra que o universo tem bilh\u00f5es de anos, a B\u00edblia diz que se tratam de apenas milhares de anos. De igual modo, se alega que a ci\u00eancia nos mostra que milagres sobrenaturais s\u00e3o imposs\u00edveis. Esses e outros pontos de disputa fazem com que alguns crist\u00e3os vejam a ci\u00eancia como uma amea\u00e7a \u00e0s suas cren\u00e7as.<br \/>\nRedimindo a ci\u00eancia buscar fomentar nosso apre\u00e7o pela ci\u00eancia que n\u00e3o foge aos prop\u00f3sitos criacionais ? isto \u00e9, uma ci\u00eancia que pode servir como um caminho para louvar a Deus e servir aos nossos semelhantes. Por meio do exame das leis maravilhosamente complexas e imut\u00e1veis da natureza, explica-nos o autor Vern Poythress, dever\u00edamos reconhecer a sabedoria, cuidado e beleza de Deus. Uma cosmovis\u00e3o crist\u00e3 possibilita uma resposta genu\u00edna \u00e0 ci\u00eancia, na qual glorificamos ao Deus que criou e sustenta a natureza.<\/p>\n","protected":false},"featured_media":3527,"comment_status":"closed","ping_status":"closed","template":"","meta":[],"product_brand":[],"product_cat":[154,21],"product_tag":[],"class_list":{"0":"post-3526","1":"product","2":"type-product","3":"status-publish","4":"has-post-thumbnail","6":"product_cat-formacao-profissional","7":"product_cat-monergismo","9":"first","10":"instock","11":"shipping-taxable","12":"purchasable","13":"product-type-simple"},"_links":{"self":[{"href":"https:\/\/acsi.com.br\/lojavirtual\/wp-json\/wp\/v2\/product\/3526","targetHints":{"allow":["GET"]}}],"collection":[{"href":"https:\/\/acsi.com.br\/lojavirtual\/wp-json\/wp\/v2\/product"}],"about":[{"href":"https:\/\/acsi.com.br\/lojavirtual\/wp-json\/wp\/v2\/types\/product"}],"replies":[{"embeddable":true,"href":"https:\/\/acsi.com.br\/lojavirtual\/wp-json\/wp\/v2\/comments?post=3526"}],"version-history":[{"count":1,"href":"https:\/\/acsi.com.br\/lojavirtual\/wp-json\/wp\/v2\/product\/3526\/revisions"}],"predecessor-version":[{"id":3528,"href":"https:\/\/acsi.com.br\/lojavirtual\/wp-json\/wp\/v2\/product\/3526\/revisions\/3528"}],"wp:featuredmedia":[{"embeddable":true,"href":"https:\/\/acsi.com.br\/lojavirtual\/wp-json\/wp\/v2\/media\/3527"}],"wp:attachment":[{"href":"https:\/\/acsi.com.br\/lojavirtual\/wp-json\/wp\/v2\/media?parent=3526"}],"wp:term":[{"taxonomy":"product_brand","embeddable":true,"href":"https:\/\/acsi.com.br\/lojavirtual\/wp-json\/wp\/v2\/product_brand?post=3526"},{"taxonomy":"product_cat","embeddable":true,"href":"https:\/\/acsi.com.br\/lojavirtual\/wp-json\/wp\/v2\/product_cat?post=3526"},{"taxonomy":"product_tag","embeddable":true,"href":"https:\/\/acsi.com.br\/lojavirtual\/wp-json\/wp\/v2\/product_tag?post=3526"}],"curies":[{"name":"wp","href":"https:\/\/api.w.org\/{rel}","templated":true}]}}