{"id":3520,"date":"2024-11-07T16:39:17","date_gmt":"2024-11-07T19:39:17","guid":{"rendered":"https:\/\/acsi.com.br\/lojavirtual\/?post_type=product&#038;p=3520"},"modified":"2026-04-16T20:58:09","modified_gmt":"2026-04-16T23:58:09","slug":"produtividade-redimida","status":"publish","type":"product","link":"https:\/\/acsi.com.br\/lojavirtual\/produto\/produtividade-redimida\/","title":{"rendered":"Produtividade Redimida"},"content":{"rendered":"<p>QUAL O CAMINHO PARA UMA VIDA PRODUTIVA E PLENA?<br \/>\nAprender a lidar melhor com o excesso de tarefas ou para aprender a vencer o esgotamento. Fazer mais coisas ou ser mais organizado. Todos esses objetivos t\u00eam seu lugar, mas, de uma perspectiva crist\u00e3, qual \u00e9 o prop\u00f3sito de ser produtivo? Por que e para quem fazemos tudo o que fazemos?<\/p>\n<p>O autor compartilha sua experi\u00eancia com a busca pela produtividade e mostra ao leitor que alinhar o cora\u00e7\u00e3o segundo uma perspectiva crist\u00e3 de produtividade \u00e9 fundamental para se alcan\u00e7ar uma vida de realiza\u00e7\u00e3o. \u00c9 somente quando temos a gl\u00f3ria de Deus como prop\u00f3sito final de tudo o que fazemos que nos sentiremos plenamente realizados.<\/p>\n","protected":false},"excerpt":{"rendered":"<p>QUAL O CAMINHO PARA UMA VIDA PRODUTIVA E PLENA?<br \/>\nAprender a lidar melhor com o excesso de tarefas ou para aprender a vencer o esgotamento. Fazer mais coisas ou ser mais organizado. Todos esses objetivos t\u00eam seu lugar, mas, de uma perspectiva crist\u00e3, qual \u00e9 o prop\u00f3sito de ser produtivo? Por que e para quem fazemos tudo o que fazemos?<\/p>\n<p>O autor compartilha sua experi\u00eancia com a busca pela produtividade e mostra ao leitor que alinhar o cora\u00e7\u00e3o segundo uma perspectiva crist\u00e3 de produtividade \u00e9 fundamental para se alcan\u00e7ar uma vida de realiza\u00e7\u00e3o. \u00c9 somente quando temos a gl\u00f3ria de Deus como prop\u00f3sito final de tudo o que fazemos que nos sentiremos plenamente realizados.<\/p>\n","protected":false},"featured_media":3521,"comment_status":"closed","ping_status":"closed","template":"","meta":[],"product_brand":[],"product_cat":[20,154],"product_tag":[],"class_list":{"0":"post-3520","1":"product","2":"type-product","3":"status-publish","4":"has-post-thumbnail","6":"product_cat-editora-fiel","7":"product_cat-formacao-profissional","9":"first","10":"outofstock","11":"featured","12":"shipping-taxable","13":"purchasable","14":"product-type-simple"},"_links":{"self":[{"href":"https:\/\/acsi.com.br\/lojavirtual\/wp-json\/wp\/v2\/product\/3520","targetHints":{"allow":["GET"]}}],"collection":[{"href":"https:\/\/acsi.com.br\/lojavirtual\/wp-json\/wp\/v2\/product"}],"about":[{"href":"https:\/\/acsi.com.br\/lojavirtual\/wp-json\/wp\/v2\/types\/product"}],"replies":[{"embeddable":true,"href":"https:\/\/acsi.com.br\/lojavirtual\/wp-json\/wp\/v2\/comments?post=3520"}],"version-history":[{"count":1,"href":"https:\/\/acsi.com.br\/lojavirtual\/wp-json\/wp\/v2\/product\/3520\/revisions"}],"predecessor-version":[{"id":3522,"href":"https:\/\/acsi.com.br\/lojavirtual\/wp-json\/wp\/v2\/product\/3520\/revisions\/3522"}],"wp:featuredmedia":[{"embeddable":true,"href":"https:\/\/acsi.com.br\/lojavirtual\/wp-json\/wp\/v2\/media\/3521"}],"wp:attachment":[{"href":"https:\/\/acsi.com.br\/lojavirtual\/wp-json\/wp\/v2\/media?parent=3520"}],"wp:term":[{"taxonomy":"product_brand","embeddable":true,"href":"https:\/\/acsi.com.br\/lojavirtual\/wp-json\/wp\/v2\/product_brand?post=3520"},{"taxonomy":"product_cat","embeddable":true,"href":"https:\/\/acsi.com.br\/lojavirtual\/wp-json\/wp\/v2\/product_cat?post=3520"},{"taxonomy":"product_tag","embeddable":true,"href":"https:\/\/acsi.com.br\/lojavirtual\/wp-json\/wp\/v2\/product_tag?post=3520"}],"curies":[{"name":"wp","href":"https:\/\/api.w.org\/{rel}","templated":true}]}}