{"id":3518,"date":"2024-11-07T16:36:02","date_gmt":"2024-11-07T19:36:02","guid":{"rendered":"https:\/\/acsi.com.br\/lojavirtual\/?post_type=product&#038;p=3518"},"modified":"2025-10-31T13:39:16","modified_gmt":"2025-10-31T16:39:16","slug":"pastoreando-o-coracao-da-crianca","status":"publish","type":"product","link":"https:\/\/acsi.com.br\/lojavirtual\/produto\/pastoreando-o-coracao-da-crianca\/","title":{"rendered":"Pastoreando o Cora\u00e7\u00e3o da Crian\u00e7a"},"content":{"rendered":"<p>Pastoreando o Cora\u00e7\u00e3o da Crian\u00e7a \u00e9 uma obra sobre como falar ao cora\u00e7\u00e3o de nossos filhos. As coisas que seu filho diz e faz brotam do cora\u00e7\u00e3o. Lucas 6.45 afirma isso com as seguintes palavras: `A boca fala do que est\u00e1 cheio o cora\u00e7\u00e3o`. Escrito para pais que t\u00eam filhos de qualquer idade, este livro esclarecedor fornece perspectivas e procedimentos para o pastoreio do cora\u00e7\u00e3o da crian\u00e7a nos caminhos da vida.<\/p>\n","protected":false},"excerpt":{"rendered":"<p>Pastoreando o Cora\u00e7\u00e3o da Crian\u00e7a \u00e9 uma obra sobre como falar ao cora\u00e7\u00e3o de nossos filhos. As coisas que seu filho diz e faz brotam do cora\u00e7\u00e3o. Lucas 6.45 afirma isso com as seguintes palavras: `A boca fala do que est\u00e1 cheio o cora\u00e7\u00e3o`. Escrito para pais que t\u00eam filhos de qualquer idade, este livro esclarecedor fornece perspectivas e procedimentos para o pastoreio do cora\u00e7\u00e3o da crian\u00e7a nos caminhos da vida.<\/p>\n","protected":false},"featured_media":3517,"comment_status":"open","ping_status":"closed","template":"","meta":[],"product_brand":[],"product_cat":[20,154],"product_tag":[],"class_list":{"0":"post-3518","1":"product","2":"type-product","3":"status-publish","4":"has-post-thumbnail","6":"product_cat-editora-fiel","7":"product_cat-formacao-profissional","9":"first","10":"instock","11":"featured","12":"shipping-taxable","13":"purchasable","14":"product-type-simple"},"_links":{"self":[{"href":"https:\/\/acsi.com.br\/lojavirtual\/wp-json\/wp\/v2\/product\/3518","targetHints":{"allow":["GET"]}}],"collection":[{"href":"https:\/\/acsi.com.br\/lojavirtual\/wp-json\/wp\/v2\/product"}],"about":[{"href":"https:\/\/acsi.com.br\/lojavirtual\/wp-json\/wp\/v2\/types\/product"}],"replies":[{"embeddable":true,"href":"https:\/\/acsi.com.br\/lojavirtual\/wp-json\/wp\/v2\/comments?post=3518"}],"version-history":[{"count":1,"href":"https:\/\/acsi.com.br\/lojavirtual\/wp-json\/wp\/v2\/product\/3518\/revisions"}],"predecessor-version":[{"id":3519,"href":"https:\/\/acsi.com.br\/lojavirtual\/wp-json\/wp\/v2\/product\/3518\/revisions\/3519"}],"wp:featuredmedia":[{"embeddable":true,"href":"https:\/\/acsi.com.br\/lojavirtual\/wp-json\/wp\/v2\/media\/3517"}],"wp:attachment":[{"href":"https:\/\/acsi.com.br\/lojavirtual\/wp-json\/wp\/v2\/media?parent=3518"}],"wp:term":[{"taxonomy":"product_brand","embeddable":true,"href":"https:\/\/acsi.com.br\/lojavirtual\/wp-json\/wp\/v2\/product_brand?post=3518"},{"taxonomy":"product_cat","embeddable":true,"href":"https:\/\/acsi.com.br\/lojavirtual\/wp-json\/wp\/v2\/product_cat?post=3518"},{"taxonomy":"product_tag","embeddable":true,"href":"https:\/\/acsi.com.br\/lojavirtual\/wp-json\/wp\/v2\/product_tag?post=3518"}],"curies":[{"name":"wp","href":"https:\/\/api.w.org\/{rel}","templated":true}]}}