{"id":3510,"date":"2024-11-07T16:26:04","date_gmt":"2024-11-07T19:26:04","guid":{"rendered":"https:\/\/acsi.com.br\/lojavirtual\/?post_type=product&#038;p=3510"},"modified":"2025-11-19T07:49:11","modified_gmt":"2025-11-19T10:49:11","slug":"instruindo-o-coracao-da-crianca","status":"publish","type":"product","link":"https:\/\/acsi.com.br\/lojavirtual\/produto\/instruindo-o-coracao-da-crianca\/","title":{"rendered":"Instruindo o Cora\u00e7\u00e3o da Crian\u00e7a"},"content":{"rendered":"<p>Desde a sua intera\u00e7\u00e3o com outras crian\u00e7as at\u00e9 a instru\u00e7\u00e3o e corre\u00e7\u00e3o que recebem em casa, as crian\u00e7as interpretam suas experi\u00eancias a partir de uma cosmovis\u00e3o que busca responder \u00e0s suas perguntas fundamentais: Quem sou eu? Para que existo? Onde posso encontrar alegria? Por essa raz\u00e3o, precisamos providenciar para nossas crian\u00e7as uma estrutura b\u00edblica, persuasiva e consistente, para que compreendam o mundo que Deus criou, bem como o seu papel nele.<br \/>\nInstruir o cora\u00e7\u00e3o da crian\u00e7a \u00e9 essencial para pastorear o cora\u00e7\u00e3o da crian\u00e7a. A instru\u00e7\u00e3o que voc\u00ea lhes d\u00e1 n\u00e3o apenas informa sua mente, mas tamb\u00e9m \u00e9 direcionada a persuadir seu cora\u00e7\u00e3o a respeito da sabedoria e da veracidade dos caminhos de Deus. Grave a verdade no cora\u00e7\u00e3o de seus filhos, n\u00e3o para control\u00e1-los ou domin\u00e1-los, e sim para direcion\u00e1-los ao maior gozo e alegria que podem experimentar \u2013 deleitarem-se em Deus e na excel\u00eancia de Seus caminhos.<\/p>\n","protected":false},"excerpt":{"rendered":"<p>Desde a sua intera\u00e7\u00e3o com outras crian\u00e7as at\u00e9 a instru\u00e7\u00e3o e corre\u00e7\u00e3o que recebem em casa, as crian\u00e7as interpretam suas experi\u00eancias a partir de uma cosmovis\u00e3o que busca responder \u00e0s suas perguntas fundamentais: Quem sou eu? Para que existo? Onde posso encontrar alegria? Por essa raz\u00e3o, precisamos providenciar para nossas crian\u00e7as uma estrutura b\u00edblica, persuasiva e consistente, para que compreendam o mundo que Deus criou, bem como o seu papel nele.<br \/>\nInstruir o cora\u00e7\u00e3o da crian\u00e7a \u00e9 essencial para pastorear o cora\u00e7\u00e3o da crian\u00e7a. A instru\u00e7\u00e3o que voc\u00ea lhes d\u00e1 n\u00e3o apenas informa sua mente, mas tamb\u00e9m \u00e9 direcionada a persuadir seu cora\u00e7\u00e3o a respeito da sabedoria e da veracidade dos caminhos de Deus. Grave a verdade no cora\u00e7\u00e3o de seus filhos, n\u00e3o para control\u00e1-los ou domin\u00e1-los, e sim para direcion\u00e1-los ao maior gozo e alegria que podem experimentar \u2013 deleitarem-se em Deus e na excel\u00eancia de Seus caminhos.<\/p>\n","protected":false},"featured_media":3511,"comment_status":"open","ping_status":"closed","template":"","meta":[],"product_brand":[],"product_cat":[20,154],"product_tag":[],"class_list":{"0":"post-3510","1":"product","2":"type-product","3":"status-publish","4":"has-post-thumbnail","6":"product_cat-editora-fiel","7":"product_cat-formacao-profissional","9":"first","10":"outofstock","11":"featured","12":"shipping-taxable","13":"purchasable","14":"product-type-simple"},"_links":{"self":[{"href":"https:\/\/acsi.com.br\/lojavirtual\/wp-json\/wp\/v2\/product\/3510","targetHints":{"allow":["GET"]}}],"collection":[{"href":"https:\/\/acsi.com.br\/lojavirtual\/wp-json\/wp\/v2\/product"}],"about":[{"href":"https:\/\/acsi.com.br\/lojavirtual\/wp-json\/wp\/v2\/types\/product"}],"replies":[{"embeddable":true,"href":"https:\/\/acsi.com.br\/lojavirtual\/wp-json\/wp\/v2\/comments?post=3510"}],"version-history":[{"count":1,"href":"https:\/\/acsi.com.br\/lojavirtual\/wp-json\/wp\/v2\/product\/3510\/revisions"}],"predecessor-version":[{"id":3512,"href":"https:\/\/acsi.com.br\/lojavirtual\/wp-json\/wp\/v2\/product\/3510\/revisions\/3512"}],"wp:featuredmedia":[{"embeddable":true,"href":"https:\/\/acsi.com.br\/lojavirtual\/wp-json\/wp\/v2\/media\/3511"}],"wp:attachment":[{"href":"https:\/\/acsi.com.br\/lojavirtual\/wp-json\/wp\/v2\/media?parent=3510"}],"wp:term":[{"taxonomy":"product_brand","embeddable":true,"href":"https:\/\/acsi.com.br\/lojavirtual\/wp-json\/wp\/v2\/product_brand?post=3510"},{"taxonomy":"product_cat","embeddable":true,"href":"https:\/\/acsi.com.br\/lojavirtual\/wp-json\/wp\/v2\/product_cat?post=3510"},{"taxonomy":"product_tag","embeddable":true,"href":"https:\/\/acsi.com.br\/lojavirtual\/wp-json\/wp\/v2\/product_tag?post=3510"}],"curies":[{"name":"wp","href":"https:\/\/api.w.org\/{rel}","templated":true}]}}