{"id":3507,"date":"2024-11-07T16:10:25","date_gmt":"2024-11-07T19:10:25","guid":{"rendered":"https:\/\/acsi.com.br\/lojavirtual\/?post_type=product&#038;p=3507"},"modified":"2026-04-16T20:58:09","modified_gmt":"2026-04-16T23:58:09","slug":"construindo-pontes","status":"publish","type":"product","link":"https:\/\/acsi.com.br\/lojavirtual\/produto\/construindo-pontes\/","title":{"rendered":"Construindo Pontes"},"content":{"rendered":"<p>SABER COMO ABORDAR CRIAN\u00c7AS E ADOLESCENTES NO ACONSELHAMENTO PODE SER UM DESAFIO.<br \/>\nEntrar no mundo deles parece imposs\u00edvel, mas existem maneiras biblicamente s\u00e1bias e criativas por meio das quais \u00e9 poss\u00edvel envolver o p\u00fablico mais jovem. Com anos de experi\u00eancia na \u00e1rea de aconselhamento de crian\u00e7as e adolescentes, Julie Lowe orienta o leitor a alcan\u00e7ar o cora\u00e7\u00e3o de seus aconselhados a fim de encontr\u00e1-los em suas lutas e necessidades por meio da verdade da Palavra de Deus. Com atividades pr\u00e1ticas que ajudar\u00e3o conselheiros e aconselhados a interagirem de forma eficaz, Julie mostra que o objetivo final de atrair crian\u00e7as e adolescentes ao aconselhamento b\u00edblico \u00e9 possibilitar a constru\u00e7\u00e3o de futuras pontes entre eles e o Senhor, ao oferecer, de maneira pr\u00e1tica e significativa, a esperan\u00e7a do evangelho.<\/p>\n","protected":false},"excerpt":{"rendered":"<p>SABER COMO ABORDAR CRIAN\u00c7AS E ADOLESCENTES NO ACONSELHAMENTO PODE SER UM DESAFIO.<br \/>\nEntrar no mundo deles parece imposs\u00edvel, mas existem maneiras biblicamente s\u00e1bias e criativas por meio das quais \u00e9 poss\u00edvel envolver o p\u00fablico mais jovem. Com anos de experi\u00eancia na \u00e1rea de aconselhamento de crian\u00e7as e adolescentes, Julie Lowe orienta o leitor a alcan\u00e7ar o cora\u00e7\u00e3o de seus aconselhados a fim de encontr\u00e1-los em suas lutas e necessidades por meio da verdade da Palavra de Deus. Com atividades pr\u00e1ticas que ajudar\u00e3o conselheiros e aconselhados a interagirem de forma eficaz, Julie mostra que o objetivo final de atrair crian\u00e7as e adolescentes ao aconselhamento b\u00edblico \u00e9 possibilitar a constru\u00e7\u00e3o de futuras pontes entre eles e o Senhor, ao oferecer, de maneira pr\u00e1tica e significativa, a esperan\u00e7a do evangelho.<\/p>\n","protected":false},"featured_media":3508,"comment_status":"closed","ping_status":"closed","template":"","meta":[],"product_brand":[],"product_cat":[20,154],"product_tag":[],"class_list":{"0":"post-3507","1":"product","2":"type-product","3":"status-publish","4":"has-post-thumbnail","6":"product_cat-editora-fiel","7":"product_cat-formacao-profissional","9":"first","10":"instock","11":"featured","12":"shipping-taxable","13":"purchasable","14":"product-type-simple"},"_links":{"self":[{"href":"https:\/\/acsi.com.br\/lojavirtual\/wp-json\/wp\/v2\/product\/3507","targetHints":{"allow":["GET"]}}],"collection":[{"href":"https:\/\/acsi.com.br\/lojavirtual\/wp-json\/wp\/v2\/product"}],"about":[{"href":"https:\/\/acsi.com.br\/lojavirtual\/wp-json\/wp\/v2\/types\/product"}],"replies":[{"embeddable":true,"href":"https:\/\/acsi.com.br\/lojavirtual\/wp-json\/wp\/v2\/comments?post=3507"}],"version-history":[{"count":1,"href":"https:\/\/acsi.com.br\/lojavirtual\/wp-json\/wp\/v2\/product\/3507\/revisions"}],"predecessor-version":[{"id":3509,"href":"https:\/\/acsi.com.br\/lojavirtual\/wp-json\/wp\/v2\/product\/3507\/revisions\/3509"}],"wp:featuredmedia":[{"embeddable":true,"href":"https:\/\/acsi.com.br\/lojavirtual\/wp-json\/wp\/v2\/media\/3508"}],"wp:attachment":[{"href":"https:\/\/acsi.com.br\/lojavirtual\/wp-json\/wp\/v2\/media?parent=3507"}],"wp:term":[{"taxonomy":"product_brand","embeddable":true,"href":"https:\/\/acsi.com.br\/lojavirtual\/wp-json\/wp\/v2\/product_brand?post=3507"},{"taxonomy":"product_cat","embeddable":true,"href":"https:\/\/acsi.com.br\/lojavirtual\/wp-json\/wp\/v2\/product_cat?post=3507"},{"taxonomy":"product_tag","embeddable":true,"href":"https:\/\/acsi.com.br\/lojavirtual\/wp-json\/wp\/v2\/product_tag?post=3507"}],"curies":[{"name":"wp","href":"https:\/\/api.w.org\/{rel}","templated":true}]}}