{"id":345,"date":"2023-08-04T19:26:30","date_gmt":"2023-08-04T19:26:30","guid":{"rendered":"https:\/\/acsi.com.br\/lojavirtual\/?post_type=product&#038;p=345"},"modified":"2026-04-16T20:59:08","modified_gmt":"2026-04-16T23:59:08","slug":"william-tyndale-uma-historia-para-criancas","status":"publish","type":"product","link":"https:\/\/acsi.com.br\/lojavirtual\/produto\/william-tyndale-uma-historia-para-criancas\/","title":{"rendered":"William Tyndale. Uma Hist\u00f3ria para crian\u00e7as"},"content":{"rendered":"<p>E se seu filho pudesse conhecer a biografia de her\u00f3is da Reforma Protestante, lendo hist\u00f3rias incr\u00edveis de como eles impactaram a vida de outras crian\u00e7as? Esta \u00e9 a proposta, embarque nesta aventura!<\/p>\n<p>A m\u00e3e id\u00f3latra e o pai beberr\u00e3o.<\/p>\n<p>Um homem obstinado por publicar um livro.<\/p>\n<p>O que poderia unir essas pessoas e mudar o destino delas?<\/p>\n","protected":false},"excerpt":{"rendered":"<p>E se seu filho pudesse conhecer a biografia de her\u00f3is da Reforma Protestante, lendo hist\u00f3rias incr\u00edveis de como eles impactaram a vida de outras crian\u00e7as? Esta \u00e9 a proposta, embarque nesta aventura!<\/p>\n<p>A m\u00e3e id\u00f3latra e o pai beberr\u00e3o.<\/p>\n<p>Um homem obstinado por publicar um livro.<\/p>\n<p>O que poderia unir essas pessoas e mudar o destino delas?<\/p>\n","protected":false},"featured_media":346,"comment_status":"closed","ping_status":"closed","template":"","meta":[],"product_brand":[],"product_cat":[22],"product_tag":[139,152],"class_list":{"0":"post-345","1":"product","2":"type-product","3":"status-publish","4":"has-post-thumbnail","6":"product_cat-crista-evangelica","7":"product_tag-ate-5o-ano","8":"product_tag-fund-1","10":"first","11":"instock","12":"shipping-taxable","13":"purchasable","14":"product-type-simple"},"_links":{"self":[{"href":"https:\/\/acsi.com.br\/lojavirtual\/wp-json\/wp\/v2\/product\/345","targetHints":{"allow":["GET"]}}],"collection":[{"href":"https:\/\/acsi.com.br\/lojavirtual\/wp-json\/wp\/v2\/product"}],"about":[{"href":"https:\/\/acsi.com.br\/lojavirtual\/wp-json\/wp\/v2\/types\/product"}],"replies":[{"embeddable":true,"href":"https:\/\/acsi.com.br\/lojavirtual\/wp-json\/wp\/v2\/comments?post=345"}],"version-history":[{"count":1,"href":"https:\/\/acsi.com.br\/lojavirtual\/wp-json\/wp\/v2\/product\/345\/revisions"}],"predecessor-version":[{"id":347,"href":"https:\/\/acsi.com.br\/lojavirtual\/wp-json\/wp\/v2\/product\/345\/revisions\/347"}],"wp:featuredmedia":[{"embeddable":true,"href":"https:\/\/acsi.com.br\/lojavirtual\/wp-json\/wp\/v2\/media\/346"}],"wp:attachment":[{"href":"https:\/\/acsi.com.br\/lojavirtual\/wp-json\/wp\/v2\/media?parent=345"}],"wp:term":[{"taxonomy":"product_brand","embeddable":true,"href":"https:\/\/acsi.com.br\/lojavirtual\/wp-json\/wp\/v2\/product_brand?post=345"},{"taxonomy":"product_cat","embeddable":true,"href":"https:\/\/acsi.com.br\/lojavirtual\/wp-json\/wp\/v2\/product_cat?post=345"},{"taxonomy":"product_tag","embeddable":true,"href":"https:\/\/acsi.com.br\/lojavirtual\/wp-json\/wp\/v2\/product_tag?post=345"}],"curies":[{"name":"wp","href":"https:\/\/api.w.org\/{rel}","templated":true}]}}