{"id":342,"date":"2023-08-04T19:23:46","date_gmt":"2023-08-04T19:23:46","guid":{"rendered":"https:\/\/acsi.com.br\/lojavirtual\/?post_type=product&#038;p=342"},"modified":"2026-04-16T20:59:34","modified_gmt":"2026-04-16T23:59:34","slug":"quem-controla-a-escola-governa-o-mundo","status":"publish","type":"product","link":"https:\/\/acsi.com.br\/lojavirtual\/produto\/quem-controla-a-escola-governa-o-mundo\/","title":{"rendered":"Quem Controla a Escola Governa o Mundo"},"content":{"rendered":"<p>&#8220;Quem controla a escola governa o mundo&#8221; mostra como a educa\u00e7\u00e3o pode ser usada como instrumento de mudan\u00e7a social desde karl marx e adolf hitler at\u00e9 o humanismo secular e o islamismo radical. Os oponentes da nossa cosmovis\u00e3o entenderam que na educa\u00e7\u00e3o se trava a guerra de ideias. Se n\u00f3s crist\u00e3os formos s\u00e9rios a fim de assegurarmos o futuro dos nossos filhos, ent\u00e3o devemos entender a natureza da guerra que lutamos.<\/p>\n","protected":false},"excerpt":{"rendered":"<p>&#8220;Quem controla a escola governa o mundo&#8221; mostra como a educa\u00e7\u00e3o pode ser usada como instrumento de mudan\u00e7a social desde karl marx e adolf hitler at\u00e9 o humanismo secular e o islamismo radical. Os oponentes da nossa cosmovis\u00e3o entenderam que na educa\u00e7\u00e3o se trava a guerra de ideias. Se n\u00f3s crist\u00e3os formos s\u00e9rios a fim de assegurarmos o futuro dos nossos filhos, ent\u00e3o devemos entender a natureza da guerra que lutamos.<\/p>\n","protected":false},"featured_media":343,"comment_status":"closed","ping_status":"closed","template":"","meta":[],"product_brand":[],"product_cat":[154,21],"product_tag":[],"class_list":{"0":"post-342","1":"product","2":"type-product","3":"status-publish","4":"has-post-thumbnail","6":"product_cat-formacao-profissional","7":"product_cat-monergismo","9":"first","10":"outofstock","11":"shipping-taxable","12":"purchasable","13":"product-type-simple"},"_links":{"self":[{"href":"https:\/\/acsi.com.br\/lojavirtual\/wp-json\/wp\/v2\/product\/342","targetHints":{"allow":["GET"]}}],"collection":[{"href":"https:\/\/acsi.com.br\/lojavirtual\/wp-json\/wp\/v2\/product"}],"about":[{"href":"https:\/\/acsi.com.br\/lojavirtual\/wp-json\/wp\/v2\/types\/product"}],"replies":[{"embeddable":true,"href":"https:\/\/acsi.com.br\/lojavirtual\/wp-json\/wp\/v2\/comments?post=342"}],"version-history":[{"count":1,"href":"https:\/\/acsi.com.br\/lojavirtual\/wp-json\/wp\/v2\/product\/342\/revisions"}],"predecessor-version":[{"id":344,"href":"https:\/\/acsi.com.br\/lojavirtual\/wp-json\/wp\/v2\/product\/342\/revisions\/344"}],"wp:featuredmedia":[{"embeddable":true,"href":"https:\/\/acsi.com.br\/lojavirtual\/wp-json\/wp\/v2\/media\/343"}],"wp:attachment":[{"href":"https:\/\/acsi.com.br\/lojavirtual\/wp-json\/wp\/v2\/media?parent=342"}],"wp:term":[{"taxonomy":"product_brand","embeddable":true,"href":"https:\/\/acsi.com.br\/lojavirtual\/wp-json\/wp\/v2\/product_brand?post=342"},{"taxonomy":"product_cat","embeddable":true,"href":"https:\/\/acsi.com.br\/lojavirtual\/wp-json\/wp\/v2\/product_cat?post=342"},{"taxonomy":"product_tag","embeddable":true,"href":"https:\/\/acsi.com.br\/lojavirtual\/wp-json\/wp\/v2\/product_tag?post=342"}],"curies":[{"name":"wp","href":"https:\/\/api.w.org\/{rel}","templated":true}]}}