{"id":3405,"date":"2024-10-02T14:31:15","date_gmt":"2024-10-02T14:31:15","guid":{"rendered":"https:\/\/acsi.com.br\/lojavirtual\/?post_type=product&#038;p=3405"},"modified":"2026-04-16T20:58:09","modified_gmt":"2026-04-16T23:58:09","slug":"se-um-dia-voce-se-sentir-so","status":"publish","type":"product","link":"https:\/\/acsi.com.br\/lojavirtual\/produto\/se-um-dia-voce-se-sentir-so\/","title":{"rendered":"Se Um Dia Voc\u00ea Se Sentir S\u00f3&#8230;"},"content":{"rendered":"<p>Para uma crian\u00e7a, um dia pode durar para sempre, e os sentimentos de tristeza podem afundar rapidamente. Se est\u00e3o com dificuldades para fazer amigos, lutando para aprender algo novo ou apenas tendo um dia triste, as crian\u00e7as precisam de lembretes di\u00e1rios de quanto s\u00e3o amadas. Se um Dia Voc\u00ea se Sentir S\u00f3 afasta a solid\u00e3o prometendo \u00e0s crian\u00e7as que seus pais ou cuidadores sempre arranjar\u00e3o tempo para elas &#8211; eles afastar\u00e3o a tristeza e receber\u00e3o de volta a alegria todos os dias. Al\u00e9m disso, ele lembra que Deus est\u00e1 sempre conosco, e por isso ele pode ficar em paz, porque ele nunca est\u00e1 s\u00f3.<\/p>\n","protected":false},"excerpt":{"rendered":"<p>Para uma crian\u00e7a, um dia pode durar para sempre, e os sentimentos de tristeza podem afundar rapidamente. Se est\u00e3o com dificuldades para fazer amigos, lutando para aprender algo novo ou apenas tendo um dia triste, as crian\u00e7as precisam de lembretes di\u00e1rios de quanto s\u00e3o amadas. Se um Dia Voc\u00ea se Sentir S\u00f3 afasta a solid\u00e3o prometendo \u00e0s crian\u00e7as que seus pais ou cuidadores sempre arranjar\u00e3o tempo para elas &#8211; eles afastar\u00e3o a tristeza e receber\u00e3o de volta a alegria todos os dias. Al\u00e9m disso, ele lembra que Deus est\u00e1 sempre conosco, e por isso ele pode ficar em paz, porque ele nunca est\u00e1 s\u00f3.<\/p>\n","protected":false},"featured_media":3406,"comment_status":"closed","ping_status":"closed","template":"","meta":[],"product_brand":[],"product_cat":[32],"product_tag":[213],"class_list":{"0":"post-3405","1":"product","2":"type-product","3":"status-publish","4":"has-post-thumbnail","6":"product_cat-livraria-100-cristao","7":"product_tag-capelania","9":"first","10":"instock","11":"shipping-taxable","12":"purchasable","13":"product-type-simple"},"_links":{"self":[{"href":"https:\/\/acsi.com.br\/lojavirtual\/wp-json\/wp\/v2\/product\/3405","targetHints":{"allow":["GET"]}}],"collection":[{"href":"https:\/\/acsi.com.br\/lojavirtual\/wp-json\/wp\/v2\/product"}],"about":[{"href":"https:\/\/acsi.com.br\/lojavirtual\/wp-json\/wp\/v2\/types\/product"}],"replies":[{"embeddable":true,"href":"https:\/\/acsi.com.br\/lojavirtual\/wp-json\/wp\/v2\/comments?post=3405"}],"version-history":[{"count":1,"href":"https:\/\/acsi.com.br\/lojavirtual\/wp-json\/wp\/v2\/product\/3405\/revisions"}],"predecessor-version":[{"id":3407,"href":"https:\/\/acsi.com.br\/lojavirtual\/wp-json\/wp\/v2\/product\/3405\/revisions\/3407"}],"wp:featuredmedia":[{"embeddable":true,"href":"https:\/\/acsi.com.br\/lojavirtual\/wp-json\/wp\/v2\/media\/3406"}],"wp:attachment":[{"href":"https:\/\/acsi.com.br\/lojavirtual\/wp-json\/wp\/v2\/media?parent=3405"}],"wp:term":[{"taxonomy":"product_brand","embeddable":true,"href":"https:\/\/acsi.com.br\/lojavirtual\/wp-json\/wp\/v2\/product_brand?post=3405"},{"taxonomy":"product_cat","embeddable":true,"href":"https:\/\/acsi.com.br\/lojavirtual\/wp-json\/wp\/v2\/product_cat?post=3405"},{"taxonomy":"product_tag","embeddable":true,"href":"https:\/\/acsi.com.br\/lojavirtual\/wp-json\/wp\/v2\/product_tag?post=3405"}],"curies":[{"name":"wp","href":"https:\/\/api.w.org\/{rel}","templated":true}]}}