{"id":3400,"date":"2024-10-02T14:18:15","date_gmt":"2024-10-02T14:18:15","guid":{"rendered":"https:\/\/acsi.com.br\/lojavirtual\/?post_type=product&#038;p=3400"},"modified":"2026-04-16T20:58:09","modified_gmt":"2026-04-16T23:58:09","slug":"minhas-primeiras-aventuras-com-deus","status":"publish","type":"product","link":"https:\/\/acsi.com.br\/lojavirtual\/produto\/minhas-primeiras-aventuras-com-deus\/","title":{"rendered":"Minhas Primeiras Aventuras com Deus"},"content":{"rendered":"<p>Pensando na necessidade de contextualizar a forma\u00e7\u00e3o da f\u00e9 desde a mais tenra idade, as autoras Bruna Luz, Ester Gallina e Ruth Blazejuk desenvolveram uma fant\u00e1stica narrativa que explica quest\u00f5es b\u00e1sicas do Cristianismo de forma simples e de f\u00e1cil compreens\u00e3o para os pequenos curiosos. O intuito deste projeto \u00e9 retornar para os princ\u00edpios b\u00edblicos e gentilmente conduzir n\u00e3o s\u00f3 as crian\u00e7as, mas tamb\u00e9m suas fam\u00edlias a compreenderem os fundamentos que embasam o tesouro da nossa f\u00e9.<\/p>\n","protected":false},"excerpt":{"rendered":"<p>Pensando na necessidade de contextualizar a forma\u00e7\u00e3o da f\u00e9 desde a mais tenra idade, as autoras Bruna Luz, Ester Gallina e Ruth Blazejuk desenvolveram uma fant\u00e1stica narrativa que explica quest\u00f5es b\u00e1sicas do Cristianismo de forma simples e de f\u00e1cil compreens\u00e3o para os pequenos curiosos. O intuito deste projeto \u00e9 retornar para os princ\u00edpios b\u00edblicos e gentilmente conduzir n\u00e3o s\u00f3 as crian\u00e7as, mas tamb\u00e9m suas fam\u00edlias a compreenderem os fundamentos que embasam o tesouro da nossa f\u00e9.<\/p>\n","protected":false},"featured_media":3403,"comment_status":"closed","ping_status":"closed","template":"","meta":[],"product_brand":[],"product_cat":[27],"product_tag":[],"class_list":{"0":"post-3400","1":"product","2":"type-product","3":"status-publish","4":"has-post-thumbnail","6":"product_cat-editora-vida","8":"first","9":"instock","10":"shipping-taxable","11":"purchasable","12":"product-type-simple"},"_links":{"self":[{"href":"https:\/\/acsi.com.br\/lojavirtual\/wp-json\/wp\/v2\/product\/3400","targetHints":{"allow":["GET"]}}],"collection":[{"href":"https:\/\/acsi.com.br\/lojavirtual\/wp-json\/wp\/v2\/product"}],"about":[{"href":"https:\/\/acsi.com.br\/lojavirtual\/wp-json\/wp\/v2\/types\/product"}],"replies":[{"embeddable":true,"href":"https:\/\/acsi.com.br\/lojavirtual\/wp-json\/wp\/v2\/comments?post=3400"}],"version-history":[{"count":1,"href":"https:\/\/acsi.com.br\/lojavirtual\/wp-json\/wp\/v2\/product\/3400\/revisions"}],"predecessor-version":[{"id":3401,"href":"https:\/\/acsi.com.br\/lojavirtual\/wp-json\/wp\/v2\/product\/3400\/revisions\/3401"}],"wp:featuredmedia":[{"embeddable":true,"href":"https:\/\/acsi.com.br\/lojavirtual\/wp-json\/wp\/v2\/media\/3403"}],"wp:attachment":[{"href":"https:\/\/acsi.com.br\/lojavirtual\/wp-json\/wp\/v2\/media?parent=3400"}],"wp:term":[{"taxonomy":"product_brand","embeddable":true,"href":"https:\/\/acsi.com.br\/lojavirtual\/wp-json\/wp\/v2\/product_brand?post=3400"},{"taxonomy":"product_cat","embeddable":true,"href":"https:\/\/acsi.com.br\/lojavirtual\/wp-json\/wp\/v2\/product_cat?post=3400"},{"taxonomy":"product_tag","embeddable":true,"href":"https:\/\/acsi.com.br\/lojavirtual\/wp-json\/wp\/v2\/product_tag?post=3400"}],"curies":[{"name":"wp","href":"https:\/\/api.w.org\/{rel}","templated":true}]}}