{"id":3397,"date":"2024-10-02T14:14:02","date_gmt":"2024-10-02T14:14:02","guid":{"rendered":"https:\/\/acsi.com.br\/lojavirtual\/?post_type=product&#038;p=3397"},"modified":"2026-04-16T20:58:09","modified_gmt":"2026-04-16T23:58:09","slug":"minha-primeira-biblia","status":"publish","type":"product","link":"https:\/\/acsi.com.br\/lojavirtual\/produto\/minha-primeira-biblia\/","title":{"rendered":"Minha Primeira B\u00edblia"},"content":{"rendered":"<p>VOC\u00ca GOSTA DE AVENTURAS? Ent\u00e3o, segure-se! Agora voc\u00ea vai viver a maior aventura da sua vida. Nas p\u00e1ginas desta B\u00edblia, voc\u00ea ler\u00e1 sobre como foi a cria\u00e7\u00e3o do mundo. Tamb\u00e9m ver\u00e1 uma serpente malvada; navegar\u00e1 em um barco gigante repleto de animais; montar\u00e1 em camelos por entre as pir\u00e2mides; conhecer\u00e1 a terra da qual manam leite e mel; contemplar\u00e1 fara\u00f3s e princesas; observar\u00e1 dez pragas assolarem uma terra magn\u00edfica; ver\u00e1 um pequeno pastor matando o terr\u00edvel gigante; e conhecer\u00e1 reis s\u00e1bios e justos. E o mais importante: voc\u00ea conhecer\u00e1, a Jesus de Nazar\u00e9. O Filho de Deus que veio dar uma nova esperan\u00e7a ao mundo.<\/p>\n","protected":false},"excerpt":{"rendered":"<p>VOC\u00ca GOSTA DE AVENTURAS? Ent\u00e3o, segure-se! Agora voc\u00ea vai viver a maior aventura da sua vida. Nas p\u00e1ginas desta B\u00edblia, voc\u00ea ler\u00e1 sobre como foi a cria\u00e7\u00e3o do mundo. Tamb\u00e9m ver\u00e1 uma serpente malvada; navegar\u00e1 em um barco gigante repleto de animais; montar\u00e1 em camelos por entre as pir\u00e2mides; conhecer\u00e1 a terra da qual manam leite e mel; contemplar\u00e1 fara\u00f3s e princesas; observar\u00e1 dez pragas assolarem uma terra magn\u00edfica; ver\u00e1 um pequeno pastor matando o terr\u00edvel gigante; e conhecer\u00e1 reis s\u00e1bios e justos. E o mais importante: voc\u00ea conhecer\u00e1, a Jesus de Nazar\u00e9. O Filho de Deus que veio dar uma nova esperan\u00e7a ao mundo.<\/p>\n","protected":false},"featured_media":3404,"comment_status":"closed","ping_status":"closed","template":"","meta":[],"product_brand":[],"product_cat":[27],"product_tag":[212],"class_list":{"0":"post-3397","1":"product","2":"type-product","3":"status-publish","4":"has-post-thumbnail","6":"product_cat-editora-vida","7":"product_tag-ed-infantil-ao-2o-ano","9":"first","10":"instock","11":"shipping-taxable","12":"purchasable","13":"product-type-simple"},"_links":{"self":[{"href":"https:\/\/acsi.com.br\/lojavirtual\/wp-json\/wp\/v2\/product\/3397","targetHints":{"allow":["GET"]}}],"collection":[{"href":"https:\/\/acsi.com.br\/lojavirtual\/wp-json\/wp\/v2\/product"}],"about":[{"href":"https:\/\/acsi.com.br\/lojavirtual\/wp-json\/wp\/v2\/types\/product"}],"replies":[{"embeddable":true,"href":"https:\/\/acsi.com.br\/lojavirtual\/wp-json\/wp\/v2\/comments?post=3397"}],"version-history":[{"count":1,"href":"https:\/\/acsi.com.br\/lojavirtual\/wp-json\/wp\/v2\/product\/3397\/revisions"}],"predecessor-version":[{"id":3399,"href":"https:\/\/acsi.com.br\/lojavirtual\/wp-json\/wp\/v2\/product\/3397\/revisions\/3399"}],"wp:featuredmedia":[{"embeddable":true,"href":"https:\/\/acsi.com.br\/lojavirtual\/wp-json\/wp\/v2\/media\/3404"}],"wp:attachment":[{"href":"https:\/\/acsi.com.br\/lojavirtual\/wp-json\/wp\/v2\/media?parent=3397"}],"wp:term":[{"taxonomy":"product_brand","embeddable":true,"href":"https:\/\/acsi.com.br\/lojavirtual\/wp-json\/wp\/v2\/product_brand?post=3397"},{"taxonomy":"product_cat","embeddable":true,"href":"https:\/\/acsi.com.br\/lojavirtual\/wp-json\/wp\/v2\/product_cat?post=3397"},{"taxonomy":"product_tag","embeddable":true,"href":"https:\/\/acsi.com.br\/lojavirtual\/wp-json\/wp\/v2\/product_tag?post=3397"}],"curies":[{"name":"wp","href":"https:\/\/api.w.org\/{rel}","templated":true}]}}