{"id":3391,"date":"2024-10-02T14:06:10","date_gmt":"2024-10-02T14:06:10","guid":{"rendered":"https:\/\/acsi.com.br\/lojavirtual\/?post_type=product&#038;p=3391"},"modified":"2026-04-16T20:58:09","modified_gmt":"2026-04-16T23:58:09","slug":"deus-nos-fez-diferentes-kit-aluno-e-professor","status":"publish","type":"product","link":"https:\/\/acsi.com.br\/lojavirtual\/produto\/deus-nos-fez-diferentes-kit-aluno-e-professor\/","title":{"rendered":"Deus nos fez Diferentes (Kit aluno e professor)"},"content":{"rendered":"<p>Voc\u00ea acha dif\u00edcil tratar temos pol\u00eamicos com crian\u00e7as? Que tal falar com elas sobre diversidade racial? Sim, diversidade racial. Deus, que \u00e9 muito criativo, fez pessoas de diferentes cores, formas, cultura, por isso, devemos respeitar o outro, procurar conviver bem e, de maneira alguma, aceitar o bullying.<\/p>\n<p>Neste lan\u00e7amento da Editora Crist\u00e3 Evang\u00e9lica, voc\u00ea contar\u00e1 com quatro li\u00e7\u00f5es e uma material adicional incr\u00edvel, que v\u00e3o ajudar voc\u00ea a entender a obra de Deus na diversidade racial e como o crist\u00e3o, desde crian\u00e7a, pode aprender essa verdade. O material \u00e9 em parceria com a Editora Fiel \u2013 livro de refer\u00eancia: \u201cDeus nos fez assim: celebrando o design de Deus para a diversidade \u00e9tnica\u201c.<\/p>\n","protected":false},"excerpt":{"rendered":"<p>Voc\u00ea acha dif\u00edcil tratar temos pol\u00eamicos com crian\u00e7as? Que tal falar com elas sobre diversidade racial? Sim, diversidade racial. Deus, que \u00e9 muito criativo, fez pessoas de diferentes cores, formas, cultura, por isso, devemos respeitar o outro, procurar conviver bem e, de maneira alguma, aceitar o bullying.<\/p>\n<p>Neste lan\u00e7amento da Editora Crist\u00e3 Evang\u00e9lica, voc\u00ea contar\u00e1 com quatro li\u00e7\u00f5es e uma material adicional incr\u00edvel, que v\u00e3o ajudar voc\u00ea a entender a obra de Deus na diversidade racial e como o crist\u00e3o, desde crian\u00e7a, pode aprender essa verdade. O material \u00e9 em parceria com a Editora Fiel \u2013 livro de refer\u00eancia: \u201cDeus nos fez assim: celebrando o design de Deus para a diversidade \u00e9tnica\u201c.<\/p>\n","protected":false},"featured_media":3392,"comment_status":"closed","ping_status":"closed","template":"","meta":[],"product_brand":[],"product_cat":[22],"product_tag":[211],"class_list":{"0":"post-3391","1":"product","2":"type-product","3":"status-publish","4":"has-post-thumbnail","6":"product_cat-crista-evangelica","7":"product_tag-ed-infantil-ao-5o-ano","9":"first","10":"instock","11":"shipping-taxable","12":"purchasable","13":"product-type-simple"},"_links":{"self":[{"href":"https:\/\/acsi.com.br\/lojavirtual\/wp-json\/wp\/v2\/product\/3391","targetHints":{"allow":["GET"]}}],"collection":[{"href":"https:\/\/acsi.com.br\/lojavirtual\/wp-json\/wp\/v2\/product"}],"about":[{"href":"https:\/\/acsi.com.br\/lojavirtual\/wp-json\/wp\/v2\/types\/product"}],"replies":[{"embeddable":true,"href":"https:\/\/acsi.com.br\/lojavirtual\/wp-json\/wp\/v2\/comments?post=3391"}],"version-history":[{"count":1,"href":"https:\/\/acsi.com.br\/lojavirtual\/wp-json\/wp\/v2\/product\/3391\/revisions"}],"predecessor-version":[{"id":3393,"href":"https:\/\/acsi.com.br\/lojavirtual\/wp-json\/wp\/v2\/product\/3391\/revisions\/3393"}],"wp:featuredmedia":[{"embeddable":true,"href":"https:\/\/acsi.com.br\/lojavirtual\/wp-json\/wp\/v2\/media\/3392"}],"wp:attachment":[{"href":"https:\/\/acsi.com.br\/lojavirtual\/wp-json\/wp\/v2\/media?parent=3391"}],"wp:term":[{"taxonomy":"product_brand","embeddable":true,"href":"https:\/\/acsi.com.br\/lojavirtual\/wp-json\/wp\/v2\/product_brand?post=3391"},{"taxonomy":"product_cat","embeddable":true,"href":"https:\/\/acsi.com.br\/lojavirtual\/wp-json\/wp\/v2\/product_cat?post=3391"},{"taxonomy":"product_tag","embeddable":true,"href":"https:\/\/acsi.com.br\/lojavirtual\/wp-json\/wp\/v2\/product_tag?post=3391"}],"curies":[{"name":"wp","href":"https:\/\/api.w.org\/{rel}","templated":true}]}}