{"id":3380,"date":"2024-10-02T13:36:08","date_gmt":"2024-10-02T13:36:08","guid":{"rendered":"https:\/\/acsi.com.br\/lojavirtual\/?post_type=product&#038;p=3380"},"modified":"2026-03-17T08:24:41","modified_gmt":"2026-03-17T11:24:41","slug":"o-caminho-de-sexto","status":"publish","type":"product","link":"https:\/\/acsi.com.br\/lojavirtual\/produto\/o-caminho-de-sexto\/","title":{"rendered":"O Caminho de Sexto"},"content":{"rendered":"<p>Sexto tem apenas onze anos e vive no pac\u00edfico reino de Valodya, trabalhando em uma taberna na beira da estrada. Mas, quando uma descoberta terr\u00edvel e uma amea\u00e7a de guerra viram sua vida de cabe\u00e7a para baixo, nosso pequeno heroi \u00e9 lan\u00e7ado em uma aventura cheia de perigos e desafios, em busca de sua identidade e de um destino extraordin\u00e1rio&#8230;&#8221;O Caminho de Sexto&#8221; \u00e9 uma aventura de cavaleiros que vai conquistar o cora\u00e7\u00e3o de leitores de todas as idades.<\/p>\n","protected":false},"excerpt":{"rendered":"<p>Sexto tem apenas onze anos e vive no pac\u00edfico reino de Valodya, trabalhando em uma taberna na beira da estrada. Mas, quando uma descoberta terr\u00edvel e uma amea\u00e7a de guerra viram sua vida de cabe\u00e7a para baixo, nosso pequeno heroi \u00e9 lan\u00e7ado em uma aventura cheia de perigos e desafios, em busca de sua identidade e de um destino extraordin\u00e1rio&#8230;&#8221;O Caminho de Sexto&#8221; \u00e9 uma aventura de cavaleiros que vai conquistar o cora\u00e7\u00e3o de leitores de todas as idades.<\/p>\n","protected":false},"featured_media":3382,"comment_status":"open","ping_status":"closed","template":"","meta":[],"product_brand":[],"product_cat":[25],"product_tag":[160],"class_list":{"0":"post-3380","1":"product","2":"type-product","3":"status-publish","4":"has-post-thumbnail","6":"product_cat-domik-educacional","7":"product_tag-6o-e-7o-ano","9":"first","10":"instock","11":"featured","12":"shipping-taxable","13":"purchasable","14":"product-type-simple"},"_links":{"self":[{"href":"https:\/\/acsi.com.br\/lojavirtual\/wp-json\/wp\/v2\/product\/3380","targetHints":{"allow":["GET"]}}],"collection":[{"href":"https:\/\/acsi.com.br\/lojavirtual\/wp-json\/wp\/v2\/product"}],"about":[{"href":"https:\/\/acsi.com.br\/lojavirtual\/wp-json\/wp\/v2\/types\/product"}],"replies":[{"embeddable":true,"href":"https:\/\/acsi.com.br\/lojavirtual\/wp-json\/wp\/v2\/comments?post=3380"}],"version-history":[{"count":2,"href":"https:\/\/acsi.com.br\/lojavirtual\/wp-json\/wp\/v2\/product\/3380\/revisions"}],"predecessor-version":[{"id":6747,"href":"https:\/\/acsi.com.br\/lojavirtual\/wp-json\/wp\/v2\/product\/3380\/revisions\/6747"}],"wp:featuredmedia":[{"embeddable":true,"href":"https:\/\/acsi.com.br\/lojavirtual\/wp-json\/wp\/v2\/media\/3382"}],"wp:attachment":[{"href":"https:\/\/acsi.com.br\/lojavirtual\/wp-json\/wp\/v2\/media?parent=3380"}],"wp:term":[{"taxonomy":"product_brand","embeddable":true,"href":"https:\/\/acsi.com.br\/lojavirtual\/wp-json\/wp\/v2\/product_brand?post=3380"},{"taxonomy":"product_cat","embeddable":true,"href":"https:\/\/acsi.com.br\/lojavirtual\/wp-json\/wp\/v2\/product_cat?post=3380"},{"taxonomy":"product_tag","embeddable":true,"href":"https:\/\/acsi.com.br\/lojavirtual\/wp-json\/wp\/v2\/product_tag?post=3380"}],"curies":[{"name":"wp","href":"https:\/\/api.w.org\/{rel}","templated":true}]}}