{"id":3319,"date":"2024-09-20T17:26:42","date_gmt":"2024-09-20T17:26:42","guid":{"rendered":"https:\/\/acsi.com.br\/lojavirtual\/?post_type=product&#038;p=3319"},"modified":"2026-04-16T20:58:09","modified_gmt":"2026-04-16T23:58:09","slug":"as-misericordias-do-senhor-renovam-se-a-cada-manha","status":"publish","type":"product","link":"https:\/\/acsi.com.br\/lojavirtual\/produto\/as-misericordias-do-senhor-renovam-se-a-cada-manha\/","title":{"rendered":"As Miseric\u00f3rdias do Senhor Renovam-se a Cada Manh\u00e3"},"content":{"rendered":"<p>As manh\u00e3s podem ser dif\u00edceis. \u00e0s vezes, apenas um p\u00e3o com manteiga e uma x\u00edcara de caf\u00e9 forte n\u00e3o s\u00e3o suficientes. Oferecendo mais do que uma dose a mais de cafe\u00edna, o autor quer energiz\u00e1-lo com um estimulante mais potente que se possa imaginar: o evangelho. Esque\u00e7a \u201cmudar de comportamento\u201d ou aforismos tipo sentir-se bem. Tripp sabe que o que realmente precisamos \u00e9 um encontro com o Deus vivo. Ent\u00e3o, estaremos preparados para confiar na bondade de Deus, confiar na sua gra\u00e7a e viver para a sua gl\u00f3ria a cada dia. O livro cont\u00e9m 365 leituras devocionais centradas na mensagem do evangelho para o ano inteiro. Assim, este devocionais di\u00e1rios, oferecem uma hist\u00f3ria cheia do evangelho junto com um desafio e um pedido relacionado \u00e0 vida di\u00e1ria. Estas passagens das escrituras emparelhadas com mensagens cheias de esperan\u00e7a s\u00e3o uma \u00f3tima maneira de aprender mais sobre a mensagem do evangelho e da pessoa de Jesus Cristo.<\/p>\n","protected":false},"excerpt":{"rendered":"<p>As manh\u00e3s podem ser dif\u00edceis. \u00e0s vezes, apenas um p\u00e3o com manteiga e uma x\u00edcara de caf\u00e9 forte n\u00e3o s\u00e3o suficientes. Oferecendo mais do que uma dose a mais de cafe\u00edna, o autor quer energiz\u00e1-lo com um estimulante mais potente que se possa imaginar: o evangelho. Esque\u00e7a \u201cmudar de comportamento\u201d ou aforismos tipo sentir-se bem. Tripp sabe que o que realmente precisamos \u00e9 um encontro com o Deus vivo. Ent\u00e3o, estaremos preparados para confiar na bondade de Deus, confiar na sua gra\u00e7a e viver para a sua gl\u00f3ria a cada dia. O livro cont\u00e9m 365 leituras devocionais centradas na mensagem do evangelho para o ano inteiro. Assim, este devocionais di\u00e1rios, oferecem uma hist\u00f3ria cheia do evangelho junto com um desafio e um pedido relacionado \u00e0 vida di\u00e1ria. Estas passagens das escrituras emparelhadas com mensagens cheias de esperan\u00e7a s\u00e3o uma \u00f3tima maneira de aprender mais sobre a mensagem do evangelho e da pessoa de Jesus Cristo.<\/p>\n","protected":false},"featured_media":3321,"comment_status":"closed","ping_status":"closed","template":"","meta":[],"product_brand":[],"product_cat":[206,154],"product_tag":[],"class_list":{"0":"post-3319","1":"product","2":"type-product","3":"status-publish","4":"has-post-thumbnail","6":"product_cat-editora-peregrino","7":"product_cat-formacao-profissional","9":"first","10":"instock","11":"shipping-taxable","12":"purchasable","13":"product-type-simple"},"_links":{"self":[{"href":"https:\/\/acsi.com.br\/lojavirtual\/wp-json\/wp\/v2\/product\/3319","targetHints":{"allow":["GET"]}}],"collection":[{"href":"https:\/\/acsi.com.br\/lojavirtual\/wp-json\/wp\/v2\/product"}],"about":[{"href":"https:\/\/acsi.com.br\/lojavirtual\/wp-json\/wp\/v2\/types\/product"}],"replies":[{"embeddable":true,"href":"https:\/\/acsi.com.br\/lojavirtual\/wp-json\/wp\/v2\/comments?post=3319"}],"version-history":[{"count":2,"href":"https:\/\/acsi.com.br\/lojavirtual\/wp-json\/wp\/v2\/product\/3319\/revisions"}],"predecessor-version":[{"id":3324,"href":"https:\/\/acsi.com.br\/lojavirtual\/wp-json\/wp\/v2\/product\/3319\/revisions\/3324"}],"wp:featuredmedia":[{"embeddable":true,"href":"https:\/\/acsi.com.br\/lojavirtual\/wp-json\/wp\/v2\/media\/3321"}],"wp:attachment":[{"href":"https:\/\/acsi.com.br\/lojavirtual\/wp-json\/wp\/v2\/media?parent=3319"}],"wp:term":[{"taxonomy":"product_brand","embeddable":true,"href":"https:\/\/acsi.com.br\/lojavirtual\/wp-json\/wp\/v2\/product_brand?post=3319"},{"taxonomy":"product_cat","embeddable":true,"href":"https:\/\/acsi.com.br\/lojavirtual\/wp-json\/wp\/v2\/product_cat?post=3319"},{"taxonomy":"product_tag","embeddable":true,"href":"https:\/\/acsi.com.br\/lojavirtual\/wp-json\/wp\/v2\/product_tag?post=3319"}],"curies":[{"name":"wp","href":"https:\/\/api.w.org\/{rel}","templated":true}]}}