{"id":328,"date":"2023-08-04T19:15:20","date_gmt":"2023-08-04T19:15:20","guid":{"rendered":"https:\/\/acsi.com.br\/lojavirtual\/?post_type=product&#038;p=328"},"modified":"2026-04-16T20:59:34","modified_gmt":"2026-04-16T23:59:34","slug":"as-cronicas-de-olam-volume-2","status":"publish","type":"product","link":"https:\/\/acsi.com.br\/lojavirtual\/produto\/as-cronicas-de-olam-volume-2\/","title":{"rendered":"As Cr\u00f4nicas de Olam &#8211; Volume 2"},"content":{"rendered":"<p>A inesperada queda da cidade branca e o v\u00e1cuo de poder provocam um estado de guerra generalizada entre as cidades de Olam. O caos avan\u00e7a enquanto drag\u00f5es e behemots se enfrentam em batalhas mortais. Apesar de vitoriosos, os shedins s\u00e3o for\u00e7ados a recuar para a cortina de trevas afim de se recuperarem das baixas causadas pelo poder da pedra branca. Enquanto os inimigos preparam-se para consumar seu antigo plano de libertar todos os dem\u00f4nios do Abadom, o Guardi\u00e3o de Livros, de posse de Herevel, a espada sagrada, busca entender qual \u00e9 o seu verdadeiro papel na guerra, bem como sua verdadeira identidade. A conclus\u00e3o do caminho da ilumina\u00e7\u00e3o no Farol de Sinim ainda precisa demonstrar qual ser\u00e1 o destino do Olho de Olam, se ser\u00e1 manipulado por m\u00e3os dignas ou usurpadoras. O crescimento da escurid\u00e3o \u00e9 um s\u00f3 um pren\u00fancio das terr\u00edveis batalhas que se aproximam onde luz e sombras, fogo e gelo, mundo e submundo se enfrentar\u00e3o como nunca antes.<\/p>\n","protected":false},"excerpt":{"rendered":"<p>A inesperada queda da cidade branca e o v\u00e1cuo de poder provocam um estado de guerra generalizada entre as cidades de Olam. O caos avan\u00e7a enquanto drag\u00f5es e behemots se enfrentam em batalhas mortais. Apesar de vitoriosos, os shedins s\u00e3o for\u00e7ados a recuar para a cortina de trevas afim de se recuperarem das baixas causadas pelo poder da pedra branca. Enquanto os inimigos preparam-se para consumar seu antigo plano de libertar todos os dem\u00f4nios do Abadom, o Guardi\u00e3o de Livros, de posse de Herevel, a espada sagrada, busca entender qual \u00e9 o seu verdadeiro papel na guerra, bem como sua verdadeira identidade. A conclus\u00e3o do caminho da ilumina\u00e7\u00e3o no Farol de Sinim ainda precisa demonstrar qual ser\u00e1 o destino do Olho de Olam, se ser\u00e1 manipulado por m\u00e3os dignas ou usurpadoras. O crescimento da escurid\u00e3o \u00e9 um s\u00f3 um pren\u00fancio das terr\u00edveis batalhas que se aproximam onde luz e sombras, fogo e gelo, mundo e submundo se enfrentar\u00e3o como nunca antes.<\/p>\n","protected":false},"featured_media":329,"comment_status":"closed","ping_status":"closed","template":"","meta":[],"product_brand":[],"product_cat":[20],"product_tag":[142],"class_list":{"0":"post-328","1":"product","2":"type-product","3":"status-publish","4":"has-post-thumbnail","6":"product_cat-editora-fiel","7":"product_tag-ensino-medio","9":"first","10":"instock","11":"shipping-taxable","12":"purchasable","13":"product-type-simple"},"_links":{"self":[{"href":"https:\/\/acsi.com.br\/lojavirtual\/wp-json\/wp\/v2\/product\/328","targetHints":{"allow":["GET"]}}],"collection":[{"href":"https:\/\/acsi.com.br\/lojavirtual\/wp-json\/wp\/v2\/product"}],"about":[{"href":"https:\/\/acsi.com.br\/lojavirtual\/wp-json\/wp\/v2\/types\/product"}],"replies":[{"embeddable":true,"href":"https:\/\/acsi.com.br\/lojavirtual\/wp-json\/wp\/v2\/comments?post=328"}],"version-history":[{"count":2,"href":"https:\/\/acsi.com.br\/lojavirtual\/wp-json\/wp\/v2\/product\/328\/revisions"}],"predecessor-version":[{"id":334,"href":"https:\/\/acsi.com.br\/lojavirtual\/wp-json\/wp\/v2\/product\/328\/revisions\/334"}],"wp:featuredmedia":[{"embeddable":true,"href":"https:\/\/acsi.com.br\/lojavirtual\/wp-json\/wp\/v2\/media\/329"}],"wp:attachment":[{"href":"https:\/\/acsi.com.br\/lojavirtual\/wp-json\/wp\/v2\/media?parent=328"}],"wp:term":[{"taxonomy":"product_brand","embeddable":true,"href":"https:\/\/acsi.com.br\/lojavirtual\/wp-json\/wp\/v2\/product_brand?post=328"},{"taxonomy":"product_cat","embeddable":true,"href":"https:\/\/acsi.com.br\/lojavirtual\/wp-json\/wp\/v2\/product_cat?post=328"},{"taxonomy":"product_tag","embeddable":true,"href":"https:\/\/acsi.com.br\/lojavirtual\/wp-json\/wp\/v2\/product_tag?post=328"}],"curies":[{"name":"wp","href":"https:\/\/api.w.org\/{rel}","templated":true}]}}