{"id":322,"date":"2023-08-04T19:08:59","date_gmt":"2023-08-04T19:08:59","guid":{"rendered":"https:\/\/acsi.com.br\/lojavirtual\/?post_type=product&#038;p=322"},"modified":"2026-04-16T20:59:34","modified_gmt":"2026-04-16T23:59:34","slug":"ester-na-casa-da-persia","status":"publish","type":"product","link":"https:\/\/acsi.com.br\/lojavirtual\/produto\/ester-na-casa-da-persia\/","title":{"rendered":"Ester na casa da P\u00e9rsia"},"content":{"rendered":"<p>Em Ester na Casa da P\u00e9rsia, o leitor \u00e9 transportado a um mundo, ao mesmo tempo, distante e pr\u00f3ximo de nossa pr\u00f3pria \u00e9poca. Emilio Garofalo Neto mostra que a vida de Ester e do povo de Deus na P\u00e9rsia do s\u00e9culo V a.C guarda impressionantes semelhan\u00e7as com a vida crist\u00e3 no mundo secular de hoje, al\u00e9m de chamar o leitor a afirmar sua identidade crist\u00e3, seus valores e sua f\u00e9 em meio aos poderes de uma cultura perigosamente sedutora e terrivelmente hostil ao Deus da B\u00edblia e ao seu povo<\/p>\n","protected":false},"excerpt":{"rendered":"<p>Em Ester na Casa da P\u00e9rsia, o leitor \u00e9 transportado a um mundo, ao mesmo tempo, distante e pr\u00f3ximo de nossa pr\u00f3pria \u00e9poca. Emilio Garofalo Neto mostra que a vida de Ester e do povo de Deus na P\u00e9rsia do s\u00e9culo V a.C guarda impressionantes semelhan\u00e7as com a vida crist\u00e3 no mundo secular de hoje, al\u00e9m de chamar o leitor a afirmar sua identidade crist\u00e3, seus valores e sua f\u00e9 em meio aos poderes de uma cultura perigosamente sedutora e terrivelmente hostil ao Deus da B\u00edblia e ao seu povo<\/p>\n","protected":false},"featured_media":323,"comment_status":"closed","ping_status":"closed","template":"","meta":[],"product_brand":[],"product_cat":[20],"product_tag":[142],"class_list":{"0":"post-322","1":"product","2":"type-product","3":"status-publish","4":"has-post-thumbnail","6":"product_cat-editora-fiel","7":"product_tag-ensino-medio","9":"first","10":"instock","11":"shipping-taxable","12":"purchasable","13":"product-type-simple"},"_links":{"self":[{"href":"https:\/\/acsi.com.br\/lojavirtual\/wp-json\/wp\/v2\/product\/322","targetHints":{"allow":["GET"]}}],"collection":[{"href":"https:\/\/acsi.com.br\/lojavirtual\/wp-json\/wp\/v2\/product"}],"about":[{"href":"https:\/\/acsi.com.br\/lojavirtual\/wp-json\/wp\/v2\/types\/product"}],"replies":[{"embeddable":true,"href":"https:\/\/acsi.com.br\/lojavirtual\/wp-json\/wp\/v2\/comments?post=322"}],"version-history":[{"count":1,"href":"https:\/\/acsi.com.br\/lojavirtual\/wp-json\/wp\/v2\/product\/322\/revisions"}],"predecessor-version":[{"id":324,"href":"https:\/\/acsi.com.br\/lojavirtual\/wp-json\/wp\/v2\/product\/322\/revisions\/324"}],"wp:featuredmedia":[{"embeddable":true,"href":"https:\/\/acsi.com.br\/lojavirtual\/wp-json\/wp\/v2\/media\/323"}],"wp:attachment":[{"href":"https:\/\/acsi.com.br\/lojavirtual\/wp-json\/wp\/v2\/media?parent=322"}],"wp:term":[{"taxonomy":"product_brand","embeddable":true,"href":"https:\/\/acsi.com.br\/lojavirtual\/wp-json\/wp\/v2\/product_brand?post=322"},{"taxonomy":"product_cat","embeddable":true,"href":"https:\/\/acsi.com.br\/lojavirtual\/wp-json\/wp\/v2\/product_cat?post=322"},{"taxonomy":"product_tag","embeddable":true,"href":"https:\/\/acsi.com.br\/lojavirtual\/wp-json\/wp\/v2\/product_tag?post=322"}],"curies":[{"name":"wp","href":"https:\/\/api.w.org\/{rel}","templated":true}]}}