{"id":3173,"date":"2024-08-14T13:34:02","date_gmt":"2024-08-14T13:34:02","guid":{"rendered":"https:\/\/acsi.com.br\/lojavirtual\/?post_type=product&#038;p=3173"},"modified":"2026-04-24T15:22:58","modified_gmt":"2026-04-24T18:22:58","slug":"a-dadiva-mais-preciosa","status":"publish","type":"product","link":"https:\/\/acsi.com.br\/lojavirtual\/produto\/a-dadiva-mais-preciosa\/","title":{"rendered":"A D\u00e1diva mais Preciosa"},"content":{"rendered":"<p>Tarefas que podem mudar sua vida. Conhe\u00e7a a hist\u00f3ria de Jason Stevens, um rapaz que herdou uma fortuna. Chamados para a leitura do testamento, um a um, os herdeiros v\u00e3o recebendo sua parte. Quando enfim chega a vez de Jason, ocorre algo totalmente inesperado. Para ficar com o que lhe coube na heran\u00e7a, ele deve cumprir doze tarefas. O leitor est\u00e1 convidado a acompanh\u00e1-lo nessa jornada.<\/p>\n","protected":false},"excerpt":{"rendered":"<p>Tarefas que podem mudar sua vida. Conhe\u00e7a a hist\u00f3ria de Jason Stevens, um rapaz que herdou uma fortuna. Chamados para a leitura do testamento, um a um, os herdeiros v\u00e3o recebendo sua parte. Quando enfim chega a vez de Jason, ocorre algo totalmente inesperado. Para ficar com o que lhe coube na heran\u00e7a, ele deve cumprir doze tarefas. O leitor est\u00e1 convidado a acompanh\u00e1-lo nessa jornada.<\/p>\n","protected":false},"featured_media":3174,"comment_status":"closed","ping_status":"closed","template":"","meta":[],"product_brand":[],"product_cat":[38],"product_tag":[160],"class_list":{"0":"post-3173","1":"product","2":"type-product","3":"status-publish","4":"has-post-thumbnail","6":"product_cat-editora-betania","7":"product_tag-6o-e-7o-ano","9":"first","10":"instock","11":"shipping-taxable","12":"purchasable","13":"product-type-simple"},"_links":{"self":[{"href":"https:\/\/acsi.com.br\/lojavirtual\/wp-json\/wp\/v2\/product\/3173","targetHints":{"allow":["GET"]}}],"collection":[{"href":"https:\/\/acsi.com.br\/lojavirtual\/wp-json\/wp\/v2\/product"}],"about":[{"href":"https:\/\/acsi.com.br\/lojavirtual\/wp-json\/wp\/v2\/types\/product"}],"replies":[{"embeddable":true,"href":"https:\/\/acsi.com.br\/lojavirtual\/wp-json\/wp\/v2\/comments?post=3173"}],"version-history":[{"count":1,"href":"https:\/\/acsi.com.br\/lojavirtual\/wp-json\/wp\/v2\/product\/3173\/revisions"}],"predecessor-version":[{"id":3175,"href":"https:\/\/acsi.com.br\/lojavirtual\/wp-json\/wp\/v2\/product\/3173\/revisions\/3175"}],"wp:featuredmedia":[{"embeddable":true,"href":"https:\/\/acsi.com.br\/lojavirtual\/wp-json\/wp\/v2\/media\/3174"}],"wp:attachment":[{"href":"https:\/\/acsi.com.br\/lojavirtual\/wp-json\/wp\/v2\/media?parent=3173"}],"wp:term":[{"taxonomy":"product_brand","embeddable":true,"href":"https:\/\/acsi.com.br\/lojavirtual\/wp-json\/wp\/v2\/product_brand?post=3173"},{"taxonomy":"product_cat","embeddable":true,"href":"https:\/\/acsi.com.br\/lojavirtual\/wp-json\/wp\/v2\/product_cat?post=3173"},{"taxonomy":"product_tag","embeddable":true,"href":"https:\/\/acsi.com.br\/lojavirtual\/wp-json\/wp\/v2\/product_tag?post=3173"}],"curies":[{"name":"wp","href":"https:\/\/api.w.org\/{rel}","templated":true}]}}