{"id":3164,"date":"2024-08-14T13:21:41","date_gmt":"2024-08-14T13:21:41","guid":{"rendered":"https:\/\/acsi.com.br\/lojavirtual\/?post_type=product&#038;p=3164"},"modified":"2026-04-16T20:58:09","modified_gmt":"2026-04-16T23:58:09","slug":"10-meninas-que-mudaram-o-mundo","status":"publish","type":"product","link":"https:\/\/acsi.com.br\/lojavirtual\/produto\/10-meninas-que-mudaram-o-mundo\/","title":{"rendered":"10 Meninas que mudaram o Mundo"},"content":{"rendered":"<p>VOC\u00ca GOSTARIA DE MUDAR O MUNDO?<\/p>\n<p>Dez meninas conseguiram provocar grandes mudan\u00e7as!<\/p>\n<p>Uma arrega\u00e7ou as mangas e ofereceu ajuda aos desamparados. Outra transformou sua pr\u00f3pria casa em um ref\u00fagio para salvar vidas. Uma terceira influenciou todo um continente. Outra ousou sonhar alto e se tornou escritora. Uma ainda sobreviveu a um acidente e continua a realizar um trabalho inspirador. E outras viram seus filhos se tornarem homens profundamente usados por Deus.<\/p>\n","protected":false},"excerpt":{"rendered":"<p>VOC\u00ca GOSTARIA DE MUDAR O MUNDO?<\/p>\n<p>Dez meninas conseguiram provocar grandes mudan\u00e7as!<\/p>\n<p>Uma arrega\u00e7ou as mangas e ofereceu ajuda aos desamparados. Outra transformou sua pr\u00f3pria casa em um ref\u00fagio para salvar vidas. Uma terceira influenciou todo um continente. Outra ousou sonhar alto e se tornou escritora. Uma ainda sobreviveu a um acidente e continua a realizar um trabalho inspirador. E outras viram seus filhos se tornarem homens profundamente usados por Deus.<\/p>\n","protected":false},"featured_media":3165,"comment_status":"closed","ping_status":"closed","template":"","meta":[],"product_brand":[],"product_cat":[27],"product_tag":[],"class_list":{"0":"post-3164","1":"product","2":"type-product","3":"status-publish","4":"has-post-thumbnail","6":"product_cat-editora-vida","8":"first","9":"instock","10":"shipping-taxable","11":"purchasable","12":"product-type-simple"},"_links":{"self":[{"href":"https:\/\/acsi.com.br\/lojavirtual\/wp-json\/wp\/v2\/product\/3164","targetHints":{"allow":["GET"]}}],"collection":[{"href":"https:\/\/acsi.com.br\/lojavirtual\/wp-json\/wp\/v2\/product"}],"about":[{"href":"https:\/\/acsi.com.br\/lojavirtual\/wp-json\/wp\/v2\/types\/product"}],"replies":[{"embeddable":true,"href":"https:\/\/acsi.com.br\/lojavirtual\/wp-json\/wp\/v2\/comments?post=3164"}],"version-history":[{"count":2,"href":"https:\/\/acsi.com.br\/lojavirtual\/wp-json\/wp\/v2\/product\/3164\/revisions"}],"predecessor-version":[{"id":3177,"href":"https:\/\/acsi.com.br\/lojavirtual\/wp-json\/wp\/v2\/product\/3164\/revisions\/3177"}],"wp:featuredmedia":[{"embeddable":true,"href":"https:\/\/acsi.com.br\/lojavirtual\/wp-json\/wp\/v2\/media\/3165"}],"wp:attachment":[{"href":"https:\/\/acsi.com.br\/lojavirtual\/wp-json\/wp\/v2\/media?parent=3164"}],"wp:term":[{"taxonomy":"product_brand","embeddable":true,"href":"https:\/\/acsi.com.br\/lojavirtual\/wp-json\/wp\/v2\/product_brand?post=3164"},{"taxonomy":"product_cat","embeddable":true,"href":"https:\/\/acsi.com.br\/lojavirtual\/wp-json\/wp\/v2\/product_cat?post=3164"},{"taxonomy":"product_tag","embeddable":true,"href":"https:\/\/acsi.com.br\/lojavirtual\/wp-json\/wp\/v2\/product_tag?post=3164"}],"curies":[{"name":"wp","href":"https:\/\/api.w.org\/{rel}","templated":true}]}}