{"id":3160,"date":"2024-08-14T13:17:05","date_gmt":"2024-08-14T13:17:05","guid":{"rendered":"https:\/\/acsi.com.br\/lojavirtual\/?post_type=product&#038;p=3160"},"modified":"2026-04-16T20:58:09","modified_gmt":"2026-04-16T23:58:09","slug":"proverbios-em-fabulas-2","status":"publish","type":"product","link":"https:\/\/acsi.com.br\/lojavirtual\/produto\/proverbios-em-fabulas-2\/","title":{"rendered":"Prov\u00e9rbios em F\u00e1bulas 2"},"content":{"rendered":"<p>Prov\u00e9rbios em f\u00e1bulas 2 d\u00e1 continuidade \u00e0 obra que tem alcan\u00e7ado grande aceita\u00e7\u00e3o n\u00e3o s\u00f3 de crian\u00e7as como tamb\u00e9m de adultos.<\/p>\n<p>Paulo Debs continua labutando, garimpando e lapidando a palavra escrita at\u00e9 que a crian\u00e7a viva tanto a fantasia contida nas f\u00e1bulas quanto a ess\u00eancia contida nos prov\u00e9rbios de tradi\u00e7\u00e3o hebraica.<\/p>\n","protected":false},"excerpt":{"rendered":"<p>Prov\u00e9rbios em f\u00e1bulas 2 d\u00e1 continuidade \u00e0 obra que tem alcan\u00e7ado grande aceita\u00e7\u00e3o n\u00e3o s\u00f3 de crian\u00e7as como tamb\u00e9m de adultos.<\/p>\n<p>Paulo Debs continua labutando, garimpando e lapidando a palavra escrita at\u00e9 que a crian\u00e7a viva tanto a fantasia contida nas f\u00e1bulas quanto a ess\u00eancia contida nos prov\u00e9rbios de tradi\u00e7\u00e3o hebraica.<\/p>\n","protected":false},"featured_media":3161,"comment_status":"closed","ping_status":"closed","template":"","meta":[],"product_brand":[],"product_cat":[27],"product_tag":[203,152],"class_list":{"0":"post-3160","1":"product","2":"type-product","3":"status-publish","4":"has-post-thumbnail","6":"product_cat-editora-vida","7":"product_tag-3o-ao-5o-ano","8":"product_tag-fund-1","10":"first","11":"instock","12":"shipping-taxable","13":"purchasable","14":"product-type-simple"},"_links":{"self":[{"href":"https:\/\/acsi.com.br\/lojavirtual\/wp-json\/wp\/v2\/product\/3160","targetHints":{"allow":["GET"]}}],"collection":[{"href":"https:\/\/acsi.com.br\/lojavirtual\/wp-json\/wp\/v2\/product"}],"about":[{"href":"https:\/\/acsi.com.br\/lojavirtual\/wp-json\/wp\/v2\/types\/product"}],"replies":[{"embeddable":true,"href":"https:\/\/acsi.com.br\/lojavirtual\/wp-json\/wp\/v2\/comments?post=3160"}],"version-history":[{"count":1,"href":"https:\/\/acsi.com.br\/lojavirtual\/wp-json\/wp\/v2\/product\/3160\/revisions"}],"predecessor-version":[{"id":3162,"href":"https:\/\/acsi.com.br\/lojavirtual\/wp-json\/wp\/v2\/product\/3160\/revisions\/3162"}],"wp:featuredmedia":[{"embeddable":true,"href":"https:\/\/acsi.com.br\/lojavirtual\/wp-json\/wp\/v2\/media\/3161"}],"wp:attachment":[{"href":"https:\/\/acsi.com.br\/lojavirtual\/wp-json\/wp\/v2\/media?parent=3160"}],"wp:term":[{"taxonomy":"product_brand","embeddable":true,"href":"https:\/\/acsi.com.br\/lojavirtual\/wp-json\/wp\/v2\/product_brand?post=3160"},{"taxonomy":"product_cat","embeddable":true,"href":"https:\/\/acsi.com.br\/lojavirtual\/wp-json\/wp\/v2\/product_cat?post=3160"},{"taxonomy":"product_tag","embeddable":true,"href":"https:\/\/acsi.com.br\/lojavirtual\/wp-json\/wp\/v2\/product_tag?post=3160"}],"curies":[{"name":"wp","href":"https:\/\/api.w.org\/{rel}","templated":true}]}}