{"id":313,"date":"2023-08-03T22:56:50","date_gmt":"2023-08-03T22:56:50","guid":{"rendered":"https:\/\/acsi.com.br\/lojavirtual\/?post_type=product&#038;p=313"},"modified":"2026-04-16T20:59:34","modified_gmt":"2026-04-16T23:59:34","slug":"deus-fez-tudo-em-mim","status":"publish","type":"product","link":"https:\/\/acsi.com.br\/lojavirtual\/produto\/deus-fez-tudo-em-mim\/","title":{"rendered":"Deus fez tudo em mim"},"content":{"rendered":"<p>Este livro aborda, de forma s\u00e1bia e simples, um assunto que toda fam\u00edlia precisa pensar nos dias de hoje para preven\u00e7\u00e3o do abuso sexual infantil. Com ilustra\u00e7\u00f5es e linguagem apropriadas \u00e0 faixa et\u00e1ria dos pequenos de dois a oito anos, este livro busca ajudar os pais a ensinar seus filhos por que seus corpos s\u00e3o importantes e como proteg\u00ea-los.<\/p>\n","protected":false},"excerpt":{"rendered":"<p>Este livro aborda, de forma s\u00e1bia e simples, um assunto que toda fam\u00edlia precisa pensar nos dias de hoje para preven\u00e7\u00e3o do abuso sexual infantil. Com ilustra\u00e7\u00f5es e linguagem apropriadas \u00e0 faixa et\u00e1ria dos pequenos de dois a oito anos, este livro busca ajudar os pais a ensinar seus filhos por que seus corpos s\u00e3o importantes e como proteg\u00ea-los.<\/p>\n","protected":false},"featured_media":314,"comment_status":"closed","ping_status":"closed","template":"","meta":[],"product_brand":[],"product_cat":[20],"product_tag":[139,152],"class_list":{"0":"post-313","1":"product","2":"type-product","3":"status-publish","4":"has-post-thumbnail","6":"product_cat-editora-fiel","7":"product_tag-ate-5o-ano","8":"product_tag-fund-1","10":"first","11":"instock","12":"shipping-taxable","13":"purchasable","14":"product-type-simple"},"_links":{"self":[{"href":"https:\/\/acsi.com.br\/lojavirtual\/wp-json\/wp\/v2\/product\/313","targetHints":{"allow":["GET"]}}],"collection":[{"href":"https:\/\/acsi.com.br\/lojavirtual\/wp-json\/wp\/v2\/product"}],"about":[{"href":"https:\/\/acsi.com.br\/lojavirtual\/wp-json\/wp\/v2\/types\/product"}],"replies":[{"embeddable":true,"href":"https:\/\/acsi.com.br\/lojavirtual\/wp-json\/wp\/v2\/comments?post=313"}],"version-history":[{"count":2,"href":"https:\/\/acsi.com.br\/lojavirtual\/wp-json\/wp\/v2\/product\/313\/revisions"}],"predecessor-version":[{"id":1267,"href":"https:\/\/acsi.com.br\/lojavirtual\/wp-json\/wp\/v2\/product\/313\/revisions\/1267"}],"wp:featuredmedia":[{"embeddable":true,"href":"https:\/\/acsi.com.br\/lojavirtual\/wp-json\/wp\/v2\/media\/314"}],"wp:attachment":[{"href":"https:\/\/acsi.com.br\/lojavirtual\/wp-json\/wp\/v2\/media?parent=313"}],"wp:term":[{"taxonomy":"product_brand","embeddable":true,"href":"https:\/\/acsi.com.br\/lojavirtual\/wp-json\/wp\/v2\/product_brand?post=313"},{"taxonomy":"product_cat","embeddable":true,"href":"https:\/\/acsi.com.br\/lojavirtual\/wp-json\/wp\/v2\/product_cat?post=313"},{"taxonomy":"product_tag","embeddable":true,"href":"https:\/\/acsi.com.br\/lojavirtual\/wp-json\/wp\/v2\/product_tag?post=313"}],"curies":[{"name":"wp","href":"https:\/\/api.w.org\/{rel}","templated":true}]}}