{"id":304,"date":"2023-08-03T22:50:37","date_gmt":"2023-08-03T22:50:37","guid":{"rendered":"https:\/\/acsi.com.br\/lojavirtual\/?post_type=product&#038;p=304"},"modified":"2026-04-16T20:59:34","modified_gmt":"2026-04-16T23:59:34","slug":"o-grande-erro-de-henrique","status":"publish","type":"product","link":"https:\/\/acsi.com.br\/lojavirtual\/produto\/o-grande-erro-de-henrique\/","title":{"rendered":"O grande erro de Henrique"},"content":{"rendered":"<p>Quando coloca aparelho nos dentes, Sofia fica com dificuldade para pronunciar algumas palavras. Isso irrita seu irm\u00e3o Henrique, que, um dia, a provoca na frente de seus amigos e acaba magoando Sofia. Henrique fica com uma sensa\u00e7\u00e3o inc\u00f4moda que n\u00e3o o larga. Ele tenta ser legal com Sofia, mas isso n\u00e3o o ajuda em nada. Ao aprender com a srta. Beatriz sobre culpa e o que Deus quer que fa\u00e7amos quando pecamos, Henrique ganha coragem para pedir perd\u00e3o a Deus e \u00e0 Sofia. Parte da s\u00e9rie Boas-novas para os cora\u00e7\u00f5ezinhos, \u201cO grande erro de Henrique\u201d ajuda os pequenos leitores a aprenderem que confessar seus pecados a Deus \u00e9 a \u00fanica maneira de fazer desaparecer o sentimento de culpa.<\/p>\n","protected":false},"excerpt":{"rendered":"<p>Quando coloca aparelho nos dentes, Sofia fica com dificuldade para pronunciar algumas palavras. Isso irrita seu irm\u00e3o Henrique, que, um dia, a provoca na frente de seus amigos e acaba magoando Sofia. Henrique fica com uma sensa\u00e7\u00e3o inc\u00f4moda que n\u00e3o o larga. Ele tenta ser legal com Sofia, mas isso n\u00e3o o ajuda em nada. Ao aprender com a srta. Beatriz sobre culpa e o que Deus quer que fa\u00e7amos quando pecamos, Henrique ganha coragem para pedir perd\u00e3o a Deus e \u00e0 Sofia. Parte da s\u00e9rie Boas-novas para os cora\u00e7\u00f5ezinhos, \u201cO grande erro de Henrique\u201d ajuda os pequenos leitores a aprenderem que confessar seus pecados a Deus \u00e9 a \u00fanica maneira de fazer desaparecer o sentimento de culpa.<\/p>\n","protected":false},"featured_media":305,"comment_status":"closed","ping_status":"closed","template":"","meta":[],"product_brand":[],"product_cat":[20],"product_tag":[139,152],"class_list":{"0":"post-304","1":"product","2":"type-product","3":"status-publish","4":"has-post-thumbnail","6":"product_cat-editora-fiel","7":"product_tag-ate-5o-ano","8":"product_tag-fund-1","10":"first","11":"instock","12":"shipping-taxable","13":"purchasable","14":"product-type-simple"},"_links":{"self":[{"href":"https:\/\/acsi.com.br\/lojavirtual\/wp-json\/wp\/v2\/product\/304","targetHints":{"allow":["GET"]}}],"collection":[{"href":"https:\/\/acsi.com.br\/lojavirtual\/wp-json\/wp\/v2\/product"}],"about":[{"href":"https:\/\/acsi.com.br\/lojavirtual\/wp-json\/wp\/v2\/types\/product"}],"replies":[{"embeddable":true,"href":"https:\/\/acsi.com.br\/lojavirtual\/wp-json\/wp\/v2\/comments?post=304"}],"version-history":[{"count":2,"href":"https:\/\/acsi.com.br\/lojavirtual\/wp-json\/wp\/v2\/product\/304\/revisions"}],"predecessor-version":[{"id":2491,"href":"https:\/\/acsi.com.br\/lojavirtual\/wp-json\/wp\/v2\/product\/304\/revisions\/2491"}],"wp:featuredmedia":[{"embeddable":true,"href":"https:\/\/acsi.com.br\/lojavirtual\/wp-json\/wp\/v2\/media\/305"}],"wp:attachment":[{"href":"https:\/\/acsi.com.br\/lojavirtual\/wp-json\/wp\/v2\/media?parent=304"}],"wp:term":[{"taxonomy":"product_brand","embeddable":true,"href":"https:\/\/acsi.com.br\/lojavirtual\/wp-json\/wp\/v2\/product_brand?post=304"},{"taxonomy":"product_cat","embeddable":true,"href":"https:\/\/acsi.com.br\/lojavirtual\/wp-json\/wp\/v2\/product_cat?post=304"},{"taxonomy":"product_tag","embeddable":true,"href":"https:\/\/acsi.com.br\/lojavirtual\/wp-json\/wp\/v2\/product_tag?post=304"}],"curies":[{"name":"wp","href":"https:\/\/api.w.org\/{rel}","templated":true}]}}