{"id":298,"date":"2023-08-03T22:47:24","date_gmt":"2023-08-03T22:47:24","guid":{"rendered":"https:\/\/acsi.com.br\/lojavirtual\/?post_type=product&#038;p=298"},"modified":"2026-04-23T14:04:22","modified_gmt":"2026-04-23T17:04:22","slug":"caio-estraga-a-festa","status":"publish","type":"product","link":"https:\/\/acsi.com.br\/lojavirtual\/produto\/caio-estraga-a-festa\/","title":{"rendered":"Caio Estraga a Festa"},"content":{"rendered":"<p>O esquilo Caio est\u00e1 com inveja da aten\u00e7\u00e3o que seu irm\u00e3o Jo\u00e3o recebeu em sua festa de anivers\u00e1rio. Por meio de ilustra\u00e7\u00f5es cativantes e uma hist\u00f3ria realista, com um brinquedo infl\u00e1vel em colapso, Edward T. Welch ajuda os pequenos leitores a reconhecerem a inveja e suas consequ\u00eancias destrutivas, apontando-os para o contentamento que vem de confiar em Jesus. Parte da s\u00e9rie Boas-novas para os cora\u00e7\u00f5ezinhos, \u201cCaio estraga a festa\u201d oferece ajuda fundamentada na gra\u00e7a para a inveja.<\/p>\n","protected":false},"excerpt":{"rendered":"<p>O esquilo Caio est\u00e1 com inveja da aten\u00e7\u00e3o que seu irm\u00e3o Jo\u00e3o recebeu em sua festa de anivers\u00e1rio. Por meio de ilustra\u00e7\u00f5es cativantes e uma hist\u00f3ria realista, com um brinquedo infl\u00e1vel em colapso, Edward T. Welch ajuda os pequenos leitores a reconhecerem a inveja e suas consequ\u00eancias destrutivas, apontando-os para o contentamento que vem de confiar em Jesus. Parte da s\u00e9rie Boas-novas para os cora\u00e7\u00f5ezinhos, \u201cCaio estraga a festa\u201d oferece ajuda fundamentada na gra\u00e7a para a inveja.<\/p>\n","protected":false},"featured_media":299,"comment_status":"closed","ping_status":"closed","template":"","meta":[],"product_brand":[],"product_cat":[20],"product_tag":[139,152],"class_list":{"0":"post-298","1":"product","2":"type-product","3":"status-publish","4":"has-post-thumbnail","6":"product_cat-editora-fiel","7":"product_tag-ate-5o-ano","8":"product_tag-fund-1","10":"first","11":"instock","12":"shipping-taxable","13":"purchasable","14":"product-type-simple"},"_links":{"self":[{"href":"https:\/\/acsi.com.br\/lojavirtual\/wp-json\/wp\/v2\/product\/298","targetHints":{"allow":["GET"]}}],"collection":[{"href":"https:\/\/acsi.com.br\/lojavirtual\/wp-json\/wp\/v2\/product"}],"about":[{"href":"https:\/\/acsi.com.br\/lojavirtual\/wp-json\/wp\/v2\/types\/product"}],"replies":[{"embeddable":true,"href":"https:\/\/acsi.com.br\/lojavirtual\/wp-json\/wp\/v2\/comments?post=298"}],"version-history":[{"count":1,"href":"https:\/\/acsi.com.br\/lojavirtual\/wp-json\/wp\/v2\/product\/298\/revisions"}],"predecessor-version":[{"id":300,"href":"https:\/\/acsi.com.br\/lojavirtual\/wp-json\/wp\/v2\/product\/298\/revisions\/300"}],"wp:featuredmedia":[{"embeddable":true,"href":"https:\/\/acsi.com.br\/lojavirtual\/wp-json\/wp\/v2\/media\/299"}],"wp:attachment":[{"href":"https:\/\/acsi.com.br\/lojavirtual\/wp-json\/wp\/v2\/media?parent=298"}],"wp:term":[{"taxonomy":"product_brand","embeddable":true,"href":"https:\/\/acsi.com.br\/lojavirtual\/wp-json\/wp\/v2\/product_brand?post=298"},{"taxonomy":"product_cat","embeddable":true,"href":"https:\/\/acsi.com.br\/lojavirtual\/wp-json\/wp\/v2\/product_cat?post=298"},{"taxonomy":"product_tag","embeddable":true,"href":"https:\/\/acsi.com.br\/lojavirtual\/wp-json\/wp\/v2\/product_tag?post=298"}],"curies":[{"name":"wp","href":"https:\/\/api.w.org\/{rel}","templated":true}]}}