{"id":295,"date":"2023-08-03T22:44:56","date_gmt":"2023-08-03T22:44:56","guid":{"rendered":"https:\/\/acsi.com.br\/lojavirtual\/?post_type=product&#038;p=295"},"modified":"2026-03-24T15:19:48","modified_gmt":"2026-03-24T18:19:48","slug":"diego-tropeca-nas-orelhas","status":"publish","type":"product","link":"https:\/\/acsi.com.br\/lojavirtual\/produto\/diego-tropeca-nas-orelhas\/","title":{"rendered":"Diego trope\u00e7a nas orelhas"},"content":{"rendered":"<p>Diego estava certo de ser o coelhinho mais r\u00e1pido da campina. Mas, durante uma corrida no acampamento de ver\u00e3o, nada acontece como ele havia planejado, e Diego \u00e9 exposto. Depois de seu tombo \u00e9pico, sua irm\u00e3 mais velha, Alice, ajuda-o a ver que o fracasso \u00e9 uma oportunidade de crescimento. Quando Diego recorda o amor de Deus, ele consegue se desvencilhar das opini\u00f5es dos outros e aceitar que est\u00e1 tudo bem quando se tenta fazer o seu melhor, mesmo n\u00e3o sendo o melhor entre todos. Organizado por Edward T. Welch, \u201cDiego trope\u00e7a nas orelhas\u201d termina com uma se\u00e7\u00e3o especial que orienta os pais a ensinarem seus filhos sobre como o evangelho de Jesus Cristo nos conforta e sustenta durante os fracassos, tirando nosso foco de n\u00f3s mesmos e voltando-o para o outro.<\/p>\n","protected":false},"excerpt":{"rendered":"<p>Diego estava certo de ser o coelhinho mais r\u00e1pido da campina. Mas, durante uma corrida no acampamento de ver\u00e3o, nada acontece como ele havia planejado, e Diego \u00e9 exposto. Depois de seu tombo \u00e9pico, sua irm\u00e3 mais velha, Alice, ajuda-o a ver que o fracasso \u00e9 uma oportunidade de crescimento. Quando Diego recorda o amor de Deus, ele consegue se desvencilhar das opini\u00f5es dos outros e aceitar que est\u00e1 tudo bem quando se tenta fazer o seu melhor, mesmo n\u00e3o sendo o melhor entre todos. Organizado por Edward T. Welch, \u201cDiego trope\u00e7a nas orelhas\u201d termina com uma se\u00e7\u00e3o especial que orienta os pais a ensinarem seus filhos sobre como o evangelho de Jesus Cristo nos conforta e sustenta durante os fracassos, tirando nosso foco de n\u00f3s mesmos e voltando-o para o outro.<\/p>\n","protected":false},"featured_media":296,"comment_status":"open","ping_status":"closed","template":"","meta":[],"product_brand":[],"product_cat":[20],"product_tag":[139,152],"class_list":{"0":"post-295","1":"product","2":"type-product","3":"status-publish","4":"has-post-thumbnail","6":"product_cat-editora-fiel","7":"product_tag-ate-5o-ano","8":"product_tag-fund-1","10":"first","11":"instock","12":"featured","13":"shipping-taxable","14":"purchasable","15":"product-type-simple"},"_links":{"self":[{"href":"https:\/\/acsi.com.br\/lojavirtual\/wp-json\/wp\/v2\/product\/295","targetHints":{"allow":["GET"]}}],"collection":[{"href":"https:\/\/acsi.com.br\/lojavirtual\/wp-json\/wp\/v2\/product"}],"about":[{"href":"https:\/\/acsi.com.br\/lojavirtual\/wp-json\/wp\/v2\/types\/product"}],"replies":[{"embeddable":true,"href":"https:\/\/acsi.com.br\/lojavirtual\/wp-json\/wp\/v2\/comments?post=295"}],"version-history":[{"count":1,"href":"https:\/\/acsi.com.br\/lojavirtual\/wp-json\/wp\/v2\/product\/295\/revisions"}],"predecessor-version":[{"id":297,"href":"https:\/\/acsi.com.br\/lojavirtual\/wp-json\/wp\/v2\/product\/295\/revisions\/297"}],"wp:featuredmedia":[{"embeddable":true,"href":"https:\/\/acsi.com.br\/lojavirtual\/wp-json\/wp\/v2\/media\/296"}],"wp:attachment":[{"href":"https:\/\/acsi.com.br\/lojavirtual\/wp-json\/wp\/v2\/media?parent=295"}],"wp:term":[{"taxonomy":"product_brand","embeddable":true,"href":"https:\/\/acsi.com.br\/lojavirtual\/wp-json\/wp\/v2\/product_brand?post=295"},{"taxonomy":"product_cat","embeddable":true,"href":"https:\/\/acsi.com.br\/lojavirtual\/wp-json\/wp\/v2\/product_cat?post=295"},{"taxonomy":"product_tag","embeddable":true,"href":"https:\/\/acsi.com.br\/lojavirtual\/wp-json\/wp\/v2\/product_tag?post=295"}],"curies":[{"name":"wp","href":"https:\/\/api.w.org\/{rel}","templated":true}]}}