{"id":292,"date":"2023-08-03T22:42:57","date_gmt":"2023-08-03T22:42:57","guid":{"rendered":"https:\/\/acsi.com.br\/lojavirtual\/?post_type=product&#038;p=292"},"modified":"2026-04-16T20:59:34","modified_gmt":"2026-04-16T23:59:34","slug":"sofia-toma-uma-atitude","status":"publish","type":"product","link":"https:\/\/acsi.com.br\/lojavirtual\/produto\/sofia-toma-uma-atitude\/","title":{"rendered":"Sofia toma uma atitude"},"content":{"rendered":"<p>Sofia quer se encaixar no grupo, mas quando suas amigas decidem excluir uma menina da classe, Sofia n\u00e3o sabe o que fazer. Por meio de p\u00e1ginas lindamente ilustradas, Paul David Tripp ajuda os pequenos leitores a lidarem com as press\u00f5es de se encaixar no grupinho ao encontrarem coragem em Jesus. Parte da s\u00e9rie Boas-novas para os cora\u00e7\u00f5ezinhos, \u201cSofia toma uma atitude\u201d oferece ajuda concreta e fundamentada na gra\u00e7a para os pequenos.<\/p>\n","protected":false},"excerpt":{"rendered":"<p>Sofia quer se encaixar no grupo, mas quando suas amigas decidem excluir uma menina da classe, Sofia n\u00e3o sabe o que fazer. Por meio de p\u00e1ginas lindamente ilustradas, Paul David Tripp ajuda os pequenos leitores a lidarem com as press\u00f5es de se encaixar no grupinho ao encontrarem coragem em Jesus. Parte da s\u00e9rie Boas-novas para os cora\u00e7\u00f5ezinhos, \u201cSofia toma uma atitude\u201d oferece ajuda concreta e fundamentada na gra\u00e7a para os pequenos.<\/p>\n","protected":false},"featured_media":293,"comment_status":"closed","ping_status":"closed","template":"","meta":[],"product_brand":[],"product_cat":[20],"product_tag":[139,152],"class_list":{"0":"post-292","1":"product","2":"type-product","3":"status-publish","4":"has-post-thumbnail","6":"product_cat-editora-fiel","7":"product_tag-ate-5o-ano","8":"product_tag-fund-1","10":"first","11":"instock","12":"shipping-taxable","13":"purchasable","14":"product-type-simple"},"_links":{"self":[{"href":"https:\/\/acsi.com.br\/lojavirtual\/wp-json\/wp\/v2\/product\/292","targetHints":{"allow":["GET"]}}],"collection":[{"href":"https:\/\/acsi.com.br\/lojavirtual\/wp-json\/wp\/v2\/product"}],"about":[{"href":"https:\/\/acsi.com.br\/lojavirtual\/wp-json\/wp\/v2\/types\/product"}],"replies":[{"embeddable":true,"href":"https:\/\/acsi.com.br\/lojavirtual\/wp-json\/wp\/v2\/comments?post=292"}],"version-history":[{"count":1,"href":"https:\/\/acsi.com.br\/lojavirtual\/wp-json\/wp\/v2\/product\/292\/revisions"}],"predecessor-version":[{"id":294,"href":"https:\/\/acsi.com.br\/lojavirtual\/wp-json\/wp\/v2\/product\/292\/revisions\/294"}],"wp:featuredmedia":[{"embeddable":true,"href":"https:\/\/acsi.com.br\/lojavirtual\/wp-json\/wp\/v2\/media\/293"}],"wp:attachment":[{"href":"https:\/\/acsi.com.br\/lojavirtual\/wp-json\/wp\/v2\/media?parent=292"}],"wp:term":[{"taxonomy":"product_brand","embeddable":true,"href":"https:\/\/acsi.com.br\/lojavirtual\/wp-json\/wp\/v2\/product_brand?post=292"},{"taxonomy":"product_cat","embeddable":true,"href":"https:\/\/acsi.com.br\/lojavirtual\/wp-json\/wp\/v2\/product_cat?post=292"},{"taxonomy":"product_tag","embeddable":true,"href":"https:\/\/acsi.com.br\/lojavirtual\/wp-json\/wp\/v2\/product_tag?post=292"}],"curies":[{"name":"wp","href":"https:\/\/api.w.org\/{rel}","templated":true}]}}