{"id":288,"date":"2023-08-03T22:39:11","date_gmt":"2023-08-03T22:39:11","guid":{"rendered":"https:\/\/acsi.com.br\/lojavirtual\/?post_type=product&#038;p=288"},"modified":"2026-04-16T20:59:35","modified_gmt":"2026-04-16T23:59:35","slug":"gustavo-perde-o-controle","status":"publish","type":"product","link":"https:\/\/acsi.com.br\/lojavirtual\/produto\/gustavo-perde-o-controle\/","title":{"rendered":"Gustavo perde o controle"},"content":{"rendered":"<p>Este livro lindamente ilustrado convida as crian\u00e7as a lembrarem que Jesus nos ajuda quando somos tentados. Gustavo, que ama todas as coisas doces, aprende o que acontece quando ele deseja demais alguma coisa. Depois que Gustavo \u00e9 flagrado pegando doces da loja, Papai o lembra de que a tenta\u00e7\u00e3o pode ser forte para n\u00f3s, mas n\u00e3o \u00e9 forte demais para Jesus. Gustavo ent\u00e3o descobre que Jesus \u00e9 sua ajuda bem presente. Ao final, o livro inclui ainda uma se\u00e7\u00e3o que ajudar\u00e1 os pais a aplicarem as verdades b\u00edblicas relacionadas \u00e0 hist\u00f3ria ao cora\u00e7\u00e3o dos pequenos.<\/p>\n","protected":false},"excerpt":{"rendered":"<p>Este livro lindamente ilustrado convida as crian\u00e7as a lembrarem que Jesus nos ajuda quando somos tentados. Gustavo, que ama todas as coisas doces, aprende o que acontece quando ele deseja demais alguma coisa. Depois que Gustavo \u00e9 flagrado pegando doces da loja, Papai o lembra de que a tenta\u00e7\u00e3o pode ser forte para n\u00f3s, mas n\u00e3o \u00e9 forte demais para Jesus. Gustavo ent\u00e3o descobre que Jesus \u00e9 sua ajuda bem presente. Ao final, o livro inclui ainda uma se\u00e7\u00e3o que ajudar\u00e1 os pais a aplicarem as verdades b\u00edblicas relacionadas \u00e0 hist\u00f3ria ao cora\u00e7\u00e3o dos pequenos.<\/p>\n","protected":false},"featured_media":290,"comment_status":"closed","ping_status":"closed","template":"","meta":[],"product_brand":[],"product_cat":[20],"product_tag":[139,152],"class_list":{"0":"post-288","1":"product","2":"type-product","3":"status-publish","4":"has-post-thumbnail","6":"product_cat-editora-fiel","7":"product_tag-ate-5o-ano","8":"product_tag-fund-1","10":"first","11":"instock","12":"shipping-taxable","13":"purchasable","14":"product-type-simple"},"_links":{"self":[{"href":"https:\/\/acsi.com.br\/lojavirtual\/wp-json\/wp\/v2\/product\/288","targetHints":{"allow":["GET"]}}],"collection":[{"href":"https:\/\/acsi.com.br\/lojavirtual\/wp-json\/wp\/v2\/product"}],"about":[{"href":"https:\/\/acsi.com.br\/lojavirtual\/wp-json\/wp\/v2\/types\/product"}],"replies":[{"embeddable":true,"href":"https:\/\/acsi.com.br\/lojavirtual\/wp-json\/wp\/v2\/comments?post=288"}],"version-history":[{"count":1,"href":"https:\/\/acsi.com.br\/lojavirtual\/wp-json\/wp\/v2\/product\/288\/revisions"}],"predecessor-version":[{"id":291,"href":"https:\/\/acsi.com.br\/lojavirtual\/wp-json\/wp\/v2\/product\/288\/revisions\/291"}],"wp:featuredmedia":[{"embeddable":true,"href":"https:\/\/acsi.com.br\/lojavirtual\/wp-json\/wp\/v2\/media\/290"}],"wp:attachment":[{"href":"https:\/\/acsi.com.br\/lojavirtual\/wp-json\/wp\/v2\/media?parent=288"}],"wp:term":[{"taxonomy":"product_brand","embeddable":true,"href":"https:\/\/acsi.com.br\/lojavirtual\/wp-json\/wp\/v2\/product_brand?post=288"},{"taxonomy":"product_cat","embeddable":true,"href":"https:\/\/acsi.com.br\/lojavirtual\/wp-json\/wp\/v2\/product_cat?post=288"},{"taxonomy":"product_tag","embeddable":true,"href":"https:\/\/acsi.com.br\/lojavirtual\/wp-json\/wp\/v2\/product_tag?post=288"}],"curies":[{"name":"wp","href":"https:\/\/api.w.org\/{rel}","templated":true}]}}