{"id":2838,"date":"2024-05-22T15:03:52","date_gmt":"2024-05-22T15:03:52","guid":{"rendered":"https:\/\/acsi.com.br\/lojavirtual\/?post_type=product&#038;p=2838"},"modified":"2026-04-01T10:36:57","modified_gmt":"2026-04-01T13:36:57","slug":"galinhas-nao-enxergam-no-escuro","status":"publish","type":"product","link":"https:\/\/acsi.com.br\/lojavirtual\/produto\/galinhas-nao-enxergam-no-escuro\/","title":{"rendered":"Galinhas n\u00e3o enxergam no Escuro"},"content":{"rendered":"<p>Dizem que as galinhas n\u00e3o enxergam no escuro, mas Pipa duvida disso. Ent\u00e3o, ela sai em busca de uma resposta. Ser\u00e1 que ela vai conseguir provar para todas as galinhas da fazenda Sol do Dia que \u00e9 poss\u00edvel sim galinhas enxergarem no escuro?<\/p>\n","protected":false},"excerpt":{"rendered":"<p>Dizem que as galinhas n\u00e3o enxergam no escuro, mas Pipa duvida disso. Ent\u00e3o, ela sai em busca de uma resposta. Ser\u00e1 que ela vai conseguir provar para todas as galinhas da fazenda Sol do Dia que \u00e9 poss\u00edvel sim galinhas enxergarem no escuro?<\/p>\n","protected":false},"featured_media":2819,"comment_status":"open","ping_status":"closed","template":"","meta":[],"product_brand":[],"product_cat":[28],"product_tag":[207],"class_list":{"0":"post-2838","1":"product","2":"type-product","3":"status-publish","4":"has-post-thumbnail","6":"product_cat-ciranda-cultural","7":"product_tag-ed-inf-ao-2o-ano","9":"first","10":"instock","11":"featured","12":"shipping-taxable","13":"purchasable","14":"product-type-simple"},"_links":{"self":[{"href":"https:\/\/acsi.com.br\/lojavirtual\/wp-json\/wp\/v2\/product\/2838","targetHints":{"allow":["GET"]}}],"collection":[{"href":"https:\/\/acsi.com.br\/lojavirtual\/wp-json\/wp\/v2\/product"}],"about":[{"href":"https:\/\/acsi.com.br\/lojavirtual\/wp-json\/wp\/v2\/types\/product"}],"replies":[{"embeddable":true,"href":"https:\/\/acsi.com.br\/lojavirtual\/wp-json\/wp\/v2\/comments?post=2838"}],"version-history":[{"count":1,"href":"https:\/\/acsi.com.br\/lojavirtual\/wp-json\/wp\/v2\/product\/2838\/revisions"}],"predecessor-version":[{"id":2839,"href":"https:\/\/acsi.com.br\/lojavirtual\/wp-json\/wp\/v2\/product\/2838\/revisions\/2839"}],"wp:featuredmedia":[{"embeddable":true,"href":"https:\/\/acsi.com.br\/lojavirtual\/wp-json\/wp\/v2\/media\/2819"}],"wp:attachment":[{"href":"https:\/\/acsi.com.br\/lojavirtual\/wp-json\/wp\/v2\/media?parent=2838"}],"wp:term":[{"taxonomy":"product_brand","embeddable":true,"href":"https:\/\/acsi.com.br\/lojavirtual\/wp-json\/wp\/v2\/product_brand?post=2838"},{"taxonomy":"product_cat","embeddable":true,"href":"https:\/\/acsi.com.br\/lojavirtual\/wp-json\/wp\/v2\/product_cat?post=2838"},{"taxonomy":"product_tag","embeddable":true,"href":"https:\/\/acsi.com.br\/lojavirtual\/wp-json\/wp\/v2\/product_tag?post=2838"}],"curies":[{"name":"wp","href":"https:\/\/api.w.org\/{rel}","templated":true}]}}