{"id":2833,"date":"2024-05-22T14:50:41","date_gmt":"2024-05-22T14:50:41","guid":{"rendered":"https:\/\/acsi.com.br\/lojavirtual\/?post_type=product&#038;p=2833"},"modified":"2026-04-16T20:58:09","modified_gmt":"2026-04-16T23:58:09","slug":"o-dom-criativo","status":"publish","type":"product","link":"https:\/\/acsi.com.br\/lojavirtual\/produto\/o-dom-criativo\/","title":{"rendered":"O Dom Criativo"},"content":{"rendered":"<p>A escritora americana flannery o\u2019connor disse certa vez que a f\u00e9 crist\u00e3 n\u00e3o subtra\u00eda nada de sua compreens\u00e3o da realidade; antes, ao contr\u00e1rio, acrescentava \u00e0 sua observa\u00e7\u00e3o uma dimens\u00e3o que muitos n\u00e3o podiam reconhecer. Essa \u201cdimens\u00e3o acrescentada\u201d tamb\u00e9m se mostra nos ensaios que comp\u00f5em este livro. Visto que deus \u00e9 criador de todas as coisas, legislador do universo e senhor da hist\u00f3ria, qualquer tentativa de compreender o mundo que ignore o elemento divino \u00e9 limitada e, em \u00faltima an\u00e1lise, equivocada \u2014 porque lhe falta um dado fundamental. O trabalho reflexivo apresentado neste volume mostra que muito se enganam aqueles que julgam que a obra de h. R. Rookmaaker \u00e9 repetitiva e relevante apenas a quem tem um interesse particular pelas artes. Este o dom criativo ultrapassa os limites da cr\u00edtica de arte e constitui uma verdadeira cr\u00edtica cultural, no sentido de que abarca quest\u00f5es importantes \u2014 da pol\u00edtica \u00e0 hist\u00f3ria, das artes \u00e0 ci\u00eancia e tecnologia, da moralidade \u00e0 manifesta\u00e7\u00e3o de \u201cfor\u00e7as espirituais objetivas\u201d. O olhar arguto de rookmaaker \u00e9 instrutivo em dois sentidos distintos: de um lado, leva os crist\u00e3os a refletir sobre temas costumeiramente ausentes de suas preocupa\u00e7\u00f5es; de outro lado, procura corrigir equ\u00edvocos causados por uma vis\u00e3o n\u00e3o raro demasiado estreita de fen\u00f4menos sociais. Assim, saltam aos olhos a caracteriza\u00e7\u00e3o de tipos pol\u00edticos representados pelos filhos de caim e lameque ou de set e enoque; o chamado ao pleno desenvolvimento dos recursos dispon\u00edveis na cria\u00e7\u00e3o; a crise de autoridade na sociedade moderna; a necessidade de responder com a devida profundidade \u00e0s perguntas feitas pelo secularismo. Um dos pontos altos do livro, sem d\u00favida, \u00e9 a se\u00e7\u00e3o dedicada ao \u201ccompartilhamento criativo do evangelho\u201d, em que somos desafiados a reconhecer o homem moderno tamb\u00e9m como portador da imagem de deus \u2014 e as implica\u00e7\u00f5es disso em nossa pr\u00e1tica evangel\u00edstica e apolog\u00e9tica. N\u00e3o por acaso francis a. Schaeffer recomenda este livro com as seguintes palavras: \u201cesses ensaios representam o melhor do pensamento crist\u00e3o no campo da arte e da criatividade. At\u00e9 sua morte recente, o dr. Rookmaaker era conhecido como acad\u00eamico da mais alta envergadura e como homem de profundo compromisso crist\u00e3o\u201d.<\/p>\n","protected":false},"excerpt":{"rendered":"<p>A escritora americana flannery o\u2019connor disse certa vez que a f\u00e9 crist\u00e3 n\u00e3o subtra\u00eda nada de sua compreens\u00e3o da realidade; antes, ao contr\u00e1rio, acrescentava \u00e0 sua observa\u00e7\u00e3o uma dimens\u00e3o que muitos n\u00e3o podiam reconhecer. Essa \u201cdimens\u00e3o acrescentada\u201d tamb\u00e9m se mostra nos ensaios que comp\u00f5em este livro. Visto que deus \u00e9 criador de todas as coisas, legislador do universo e senhor da hist\u00f3ria, qualquer tentativa de compreender o mundo que ignore o elemento divino \u00e9 limitada e, em \u00faltima an\u00e1lise, equivocada \u2014 porque lhe falta um dado fundamental. O trabalho reflexivo apresentado neste volume mostra que muito se enganam aqueles que julgam que a obra de h. R. Rookmaaker \u00e9 repetitiva e relevante apenas a quem tem um interesse particular pelas artes. Este o dom criativo ultrapassa os limites da cr\u00edtica de arte e constitui uma verdadeira cr\u00edtica cultural, no sentido de que abarca quest\u00f5es importantes \u2014 da pol\u00edtica \u00e0 hist\u00f3ria, das artes \u00e0 ci\u00eancia e tecnologia, da moralidade \u00e0 manifesta\u00e7\u00e3o de \u201cfor\u00e7as espirituais objetivas\u201d. O olhar arguto de rookmaaker \u00e9 instrutivo em dois sentidos distintos: de um lado, leva os crist\u00e3os a refletir sobre temas costumeiramente ausentes de suas preocupa\u00e7\u00f5es; de outro lado, procura corrigir equ\u00edvocos causados por uma vis\u00e3o n\u00e3o raro demasiado estreita de fen\u00f4menos sociais. Assim, saltam aos olhos a caracteriza\u00e7\u00e3o de tipos pol\u00edticos representados pelos filhos de caim e lameque ou de set e enoque; o chamado ao pleno desenvolvimento dos recursos dispon\u00edveis na cria\u00e7\u00e3o; a crise de autoridade na sociedade moderna; a necessidade de responder com a devida profundidade \u00e0s perguntas feitas pelo secularismo. Um dos pontos altos do livro, sem d\u00favida, \u00e9 a se\u00e7\u00e3o dedicada ao \u201ccompartilhamento criativo do evangelho\u201d, em que somos desafiados a reconhecer o homem moderno tamb\u00e9m como portador da imagem de deus \u2014 e as implica\u00e7\u00f5es disso em nossa pr\u00e1tica evangel\u00edstica e apolog\u00e9tica. N\u00e3o por acaso francis a. Schaeffer recomenda este livro com as seguintes palavras: \u201cesses ensaios representam o melhor do pensamento crist\u00e3o no campo da arte e da criatividade. At\u00e9 sua morte recente, o dr. Rookmaaker era conhecido como acad\u00eamico da mais alta envergadura e como homem de profundo compromisso crist\u00e3o\u201d.<\/p>\n","protected":false},"featured_media":2824,"comment_status":"closed","ping_status":"closed","template":"","meta":[],"product_brand":[],"product_cat":[154,21],"product_tag":[],"class_list":{"0":"post-2833","1":"product","2":"type-product","3":"status-publish","4":"has-post-thumbnail","6":"product_cat-formacao-profissional","7":"product_cat-monergismo","9":"first","10":"instock","11":"shipping-taxable","12":"purchasable","13":"product-type-simple"},"_links":{"self":[{"href":"https:\/\/acsi.com.br\/lojavirtual\/wp-json\/wp\/v2\/product\/2833","targetHints":{"allow":["GET"]}}],"collection":[{"href":"https:\/\/acsi.com.br\/lojavirtual\/wp-json\/wp\/v2\/product"}],"about":[{"href":"https:\/\/acsi.com.br\/lojavirtual\/wp-json\/wp\/v2\/types\/product"}],"replies":[{"embeddable":true,"href":"https:\/\/acsi.com.br\/lojavirtual\/wp-json\/wp\/v2\/comments?post=2833"}],"version-history":[{"count":2,"href":"https:\/\/acsi.com.br\/lojavirtual\/wp-json\/wp\/v2\/product\/2833\/revisions"}],"predecessor-version":[{"id":2837,"href":"https:\/\/acsi.com.br\/lojavirtual\/wp-json\/wp\/v2\/product\/2833\/revisions\/2837"}],"wp:featuredmedia":[{"embeddable":true,"href":"https:\/\/acsi.com.br\/lojavirtual\/wp-json\/wp\/v2\/media\/2824"}],"wp:attachment":[{"href":"https:\/\/acsi.com.br\/lojavirtual\/wp-json\/wp\/v2\/media?parent=2833"}],"wp:term":[{"taxonomy":"product_brand","embeddable":true,"href":"https:\/\/acsi.com.br\/lojavirtual\/wp-json\/wp\/v2\/product_brand?post=2833"},{"taxonomy":"product_cat","embeddable":true,"href":"https:\/\/acsi.com.br\/lojavirtual\/wp-json\/wp\/v2\/product_cat?post=2833"},{"taxonomy":"product_tag","embeddable":true,"href":"https:\/\/acsi.com.br\/lojavirtual\/wp-json\/wp\/v2\/product_tag?post=2833"}],"curies":[{"name":"wp","href":"https:\/\/api.w.org\/{rel}","templated":true}]}}