{"id":2829,"date":"2024-05-22T14:46:10","date_gmt":"2024-05-22T14:46:10","guid":{"rendered":"https:\/\/acsi.com.br\/lojavirtual\/?post_type=product&#038;p=2829"},"modified":"2026-04-16T20:58:09","modified_gmt":"2026-04-16T23:58:09","slug":"redimindo-a-sociologia","status":"publish","type":"product","link":"https:\/\/acsi.com.br\/lojavirtual\/produto\/redimindo-a-sociologia\/","title":{"rendered":"Redimindo a Sociologia"},"content":{"rendered":"<p>Em sua busca pelo bem-estar social, soci\u00f3logos e cidad\u00e3os comuns t\u00eam adotado uma cosmovis\u00e3o que falha em explicar a natureza de Deus e a deprava\u00e7\u00e3o da humanidade. Ignorar Deus e o pecado tem resultado em an\u00e1lises equivocadas e solu\u00e7\u00f5es ineficazes para as quest\u00f5es sociais. Chegou a hora de repensar o estudo da sociologia, pois essas suposi\u00e7\u00f5es deficientes manifestamente afetaram a disciplina como um todo.<\/p>\n<p>Reconhecendo que os relacionamentos humanos s\u00e3o derivados dos relacionamentos tri\u00fanos que existem dentro da Deidade, Poythress argumenta que as intera\u00e7\u00f5es sociais devem ser avaliadas atrav\u00e9s de uma estrutura b\u00edblica que leve a s\u00e9rio o problema do pecado. Assim, ele escreveu este volume convincente para estimular a reconfigura\u00e7\u00e3o e transforma\u00e7\u00e3o de uma cosmovis\u00e3o que deu errado, ajudando-nos a pensar corretamente sobre os relacionamentos humanos ca\u00eddos e nossos modelos para entender e melhor\u00e1-los.<\/p>\n","protected":false},"excerpt":{"rendered":"<p>Em sua busca pelo bem-estar social, soci\u00f3logos e cidad\u00e3os comuns t\u00eam adotado uma cosmovis\u00e3o que falha em explicar a natureza de Deus e a deprava\u00e7\u00e3o da humanidade. Ignorar Deus e o pecado tem resultado em an\u00e1lises equivocadas e solu\u00e7\u00f5es ineficazes para as quest\u00f5es sociais. Chegou a hora de repensar o estudo da sociologia, pois essas suposi\u00e7\u00f5es deficientes manifestamente afetaram a disciplina como um todo.<\/p>\n<p>Reconhecendo que os relacionamentos humanos s\u00e3o derivados dos relacionamentos tri\u00fanos que existem dentro da Deidade, Poythress argumenta que as intera\u00e7\u00f5es sociais devem ser avaliadas atrav\u00e9s de uma estrutura b\u00edblica que leve a s\u00e9rio o problema do pecado. Assim, ele escreveu este volume convincente para estimular a reconfigura\u00e7\u00e3o e transforma\u00e7\u00e3o de uma cosmovis\u00e3o que deu errado, ajudando-nos a pensar corretamente sobre os relacionamentos humanos ca\u00eddos e nossos modelos para entender e melhor\u00e1-los.<\/p>\n","protected":false},"featured_media":2820,"comment_status":"closed","ping_status":"closed","template":"","meta":[],"product_brand":[],"product_cat":[154,21],"product_tag":[],"class_list":{"0":"post-2829","1":"product","2":"type-product","3":"status-publish","4":"has-post-thumbnail","6":"product_cat-formacao-profissional","7":"product_cat-monergismo","9":"first","10":"instock","11":"shipping-taxable","12":"purchasable","13":"product-type-simple"},"_links":{"self":[{"href":"https:\/\/acsi.com.br\/lojavirtual\/wp-json\/wp\/v2\/product\/2829","targetHints":{"allow":["GET"]}}],"collection":[{"href":"https:\/\/acsi.com.br\/lojavirtual\/wp-json\/wp\/v2\/product"}],"about":[{"href":"https:\/\/acsi.com.br\/lojavirtual\/wp-json\/wp\/v2\/types\/product"}],"replies":[{"embeddable":true,"href":"https:\/\/acsi.com.br\/lojavirtual\/wp-json\/wp\/v2\/comments?post=2829"}],"version-history":[{"count":1,"href":"https:\/\/acsi.com.br\/lojavirtual\/wp-json\/wp\/v2\/product\/2829\/revisions"}],"predecessor-version":[{"id":2830,"href":"https:\/\/acsi.com.br\/lojavirtual\/wp-json\/wp\/v2\/product\/2829\/revisions\/2830"}],"wp:featuredmedia":[{"embeddable":true,"href":"https:\/\/acsi.com.br\/lojavirtual\/wp-json\/wp\/v2\/media\/2820"}],"wp:attachment":[{"href":"https:\/\/acsi.com.br\/lojavirtual\/wp-json\/wp\/v2\/media?parent=2829"}],"wp:term":[{"taxonomy":"product_brand","embeddable":true,"href":"https:\/\/acsi.com.br\/lojavirtual\/wp-json\/wp\/v2\/product_brand?post=2829"},{"taxonomy":"product_cat","embeddable":true,"href":"https:\/\/acsi.com.br\/lojavirtual\/wp-json\/wp\/v2\/product_cat?post=2829"},{"taxonomy":"product_tag","embeddable":true,"href":"https:\/\/acsi.com.br\/lojavirtual\/wp-json\/wp\/v2\/product_tag?post=2829"}],"curies":[{"name":"wp","href":"https:\/\/api.w.org\/{rel}","templated":true}]}}