{"id":2827,"date":"2024-05-22T14:43:54","date_gmt":"2024-05-22T14:43:54","guid":{"rendered":"https:\/\/acsi.com.br\/lojavirtual\/?post_type=product&#038;p=2827"},"modified":"2026-04-16T20:58:09","modified_gmt":"2026-04-16T23:58:09","slug":"redimindo-a-matematica","status":"publish","type":"product","link":"https:\/\/acsi.com.br\/lojavirtual\/produto\/redimindo-a-matematica\/","title":{"rendered":"Redimindo a Matem\u00e1tica"},"content":{"rendered":"<p>O que Deus tem a ver com a matem\u00e1tica? Tudo.<br \/>\nNeste livro, Vern Poythress argumenta que a harmonia das verdades matem\u00e1ticas abstratas, o mundo f\u00edsico das coisas e o mundo pessoal do nosso pensamento dependem da exist\u00eancia do Deus crist\u00e3o. Poythress demostra que essas ?perspectivas? distintas sobre matem\u00e1tica s\u00e3o coerentes porque todas as tr\u00eas encontram sua origem no car\u00e1ter e natureza consistentes de Deus.<br \/>\nSeja no caso de uma simples adi\u00e7\u00e3o ou subtra\u00e7\u00e3o, ou em conceitos matem\u00e1ticos mais complexos como a teoria dos conjuntos e a natureza do infinito, este livro fascinante lan\u00e7a um fundamento te\u00edsta para toda pesquisa matem\u00e1tica.<\/p>\n","protected":false},"excerpt":{"rendered":"<p>O que Deus tem a ver com a matem\u00e1tica? Tudo.<br \/>\nNeste livro, Vern Poythress argumenta que a harmonia das verdades matem\u00e1ticas abstratas, o mundo f\u00edsico das coisas e o mundo pessoal do nosso pensamento dependem da exist\u00eancia do Deus crist\u00e3o. Poythress demostra que essas ?perspectivas? distintas sobre matem\u00e1tica s\u00e3o coerentes porque todas as tr\u00eas encontram sua origem no car\u00e1ter e natureza consistentes de Deus.<br \/>\nSeja no caso de uma simples adi\u00e7\u00e3o ou subtra\u00e7\u00e3o, ou em conceitos matem\u00e1ticos mais complexos como a teoria dos conjuntos e a natureza do infinito, este livro fascinante lan\u00e7a um fundamento te\u00edsta para toda pesquisa matem\u00e1tica.<\/p>\n","protected":false},"featured_media":2821,"comment_status":"closed","ping_status":"closed","template":"","meta":[],"product_brand":[],"product_cat":[154,21],"product_tag":[],"class_list":{"0":"post-2827","1":"product","2":"type-product","3":"status-publish","4":"has-post-thumbnail","6":"product_cat-formacao-profissional","7":"product_cat-monergismo","9":"first","10":"instock","11":"shipping-taxable","12":"purchasable","13":"product-type-simple"},"_links":{"self":[{"href":"https:\/\/acsi.com.br\/lojavirtual\/wp-json\/wp\/v2\/product\/2827","targetHints":{"allow":["GET"]}}],"collection":[{"href":"https:\/\/acsi.com.br\/lojavirtual\/wp-json\/wp\/v2\/product"}],"about":[{"href":"https:\/\/acsi.com.br\/lojavirtual\/wp-json\/wp\/v2\/types\/product"}],"replies":[{"embeddable":true,"href":"https:\/\/acsi.com.br\/lojavirtual\/wp-json\/wp\/v2\/comments?post=2827"}],"version-history":[{"count":2,"href":"https:\/\/acsi.com.br\/lojavirtual\/wp-json\/wp\/v2\/product\/2827\/revisions"}],"predecessor-version":[{"id":2842,"href":"https:\/\/acsi.com.br\/lojavirtual\/wp-json\/wp\/v2\/product\/2827\/revisions\/2842"}],"wp:featuredmedia":[{"embeddable":true,"href":"https:\/\/acsi.com.br\/lojavirtual\/wp-json\/wp\/v2\/media\/2821"}],"wp:attachment":[{"href":"https:\/\/acsi.com.br\/lojavirtual\/wp-json\/wp\/v2\/media?parent=2827"}],"wp:term":[{"taxonomy":"product_brand","embeddable":true,"href":"https:\/\/acsi.com.br\/lojavirtual\/wp-json\/wp\/v2\/product_brand?post=2827"},{"taxonomy":"product_cat","embeddable":true,"href":"https:\/\/acsi.com.br\/lojavirtual\/wp-json\/wp\/v2\/product_cat?post=2827"},{"taxonomy":"product_tag","embeddable":true,"href":"https:\/\/acsi.com.br\/lojavirtual\/wp-json\/wp\/v2\/product_tag?post=2827"}],"curies":[{"name":"wp","href":"https:\/\/api.w.org\/{rel}","templated":true}]}}