{"id":282,"date":"2023-08-03T22:33:34","date_gmt":"2023-08-03T22:33:34","guid":{"rendered":"https:\/\/acsi.com.br\/lojavirtual\/?post_type=product&#038;p=282"},"modified":"2026-04-16T20:59:35","modified_gmt":"2026-04-16T23:59:35","slug":"diego-tenta-escapar","status":"publish","type":"product","link":"https:\/\/acsi.com.br\/lojavirtual\/produto\/diego-tenta-escapar\/","title":{"rendered":"Diego tenta escapar"},"content":{"rendered":"<p>Atrav\u00e9s de uma hist\u00f3ria realista que inclui um treinador intenso e pais preocupados, os jovens leitores aprender\u00e3o a reconhecer e a lidar com o estresse, voltando-se para Jesus em busca de ajuda quando surgem os problemas. Parte da s\u00e9rie Boas-novas para os cora\u00e7\u00f5ezinhos, Diego tenta escapar oferece ajuda concreta e fundamentada na gra\u00e7a para ensinar as crian\u00e7as a lidarem com o estresse.<\/p>\n","protected":false},"excerpt":{"rendered":"<p>Atrav\u00e9s de uma hist\u00f3ria realista que inclui um treinador intenso e pais preocupados, os jovens leitores aprender\u00e3o a reconhecer e a lidar com o estresse, voltando-se para Jesus em busca de ajuda quando surgem os problemas. Parte da s\u00e9rie Boas-novas para os cora\u00e7\u00f5ezinhos, Diego tenta escapar oferece ajuda concreta e fundamentada na gra\u00e7a para ensinar as crian\u00e7as a lidarem com o estresse.<\/p>\n","protected":false},"featured_media":283,"comment_status":"closed","ping_status":"closed","template":"","meta":[],"product_brand":[],"product_cat":[20],"product_tag":[139,152],"class_list":{"0":"post-282","1":"product","2":"type-product","3":"status-publish","4":"has-post-thumbnail","6":"product_cat-editora-fiel","7":"product_tag-ate-5o-ano","8":"product_tag-fund-1","10":"first","11":"instock","12":"shipping-taxable","13":"purchasable","14":"product-type-simple"},"_links":{"self":[{"href":"https:\/\/acsi.com.br\/lojavirtual\/wp-json\/wp\/v2\/product\/282","targetHints":{"allow":["GET"]}}],"collection":[{"href":"https:\/\/acsi.com.br\/lojavirtual\/wp-json\/wp\/v2\/product"}],"about":[{"href":"https:\/\/acsi.com.br\/lojavirtual\/wp-json\/wp\/v2\/types\/product"}],"replies":[{"embeddable":true,"href":"https:\/\/acsi.com.br\/lojavirtual\/wp-json\/wp\/v2\/comments?post=282"}],"version-history":[{"count":2,"href":"https:\/\/acsi.com.br\/lojavirtual\/wp-json\/wp\/v2\/product\/282\/revisions"}],"predecessor-version":[{"id":6206,"href":"https:\/\/acsi.com.br\/lojavirtual\/wp-json\/wp\/v2\/product\/282\/revisions\/6206"}],"wp:featuredmedia":[{"embeddable":true,"href":"https:\/\/acsi.com.br\/lojavirtual\/wp-json\/wp\/v2\/media\/283"}],"wp:attachment":[{"href":"https:\/\/acsi.com.br\/lojavirtual\/wp-json\/wp\/v2\/media?parent=282"}],"wp:term":[{"taxonomy":"product_brand","embeddable":true,"href":"https:\/\/acsi.com.br\/lojavirtual\/wp-json\/wp\/v2\/product_brand?post=282"},{"taxonomy":"product_cat","embeddable":true,"href":"https:\/\/acsi.com.br\/lojavirtual\/wp-json\/wp\/v2\/product_cat?post=282"},{"taxonomy":"product_tag","embeddable":true,"href":"https:\/\/acsi.com.br\/lojavirtual\/wp-json\/wp\/v2\/product_tag?post=282"}],"curies":[{"name":"wp","href":"https:\/\/api.w.org\/{rel}","templated":true}]}}