{"id":2818,"date":"2024-05-22T14:38:29","date_gmt":"2024-05-22T14:38:29","guid":{"rendered":"https:\/\/acsi.com.br\/lojavirtual\/?post_type=product&#038;p=2818"},"modified":"2026-04-16T20:58:09","modified_gmt":"2026-04-16T23:58:09","slug":"redimindo-a-filosofia","status":"publish","type":"product","link":"https:\/\/acsi.com.br\/lojavirtual\/produto\/redimindo-a-filosofia\/","title":{"rendered":"Redimindo a Filosofia"},"content":{"rendered":"<p>A vida \u00e9 cheia de grandes quest\u00f5es. O estudo da filosofia busca responder-lhes. Neste livro, o autor Vern Poythress investiga os fundamentos e limites da filosofia ocidental, esbo\u00e7ando uma abordagem distintamente crist\u00e3 para responder quest\u00f5es b\u00e1sicas sobre a natureza da humanidade, a exist\u00eancia de Deus, a busca por significado e a base para a moralidade.<\/p>\n<p>Para crist\u00e3os \u00e1vidos por se envolver com as quest\u00f5es filos\u00f3ficas atemporais que t\u00eam deixado homens e mulheres perplexos h\u00e1 mil\u00eanios, este \u00e9 o lugar para se come\u00e7ar.<\/p>\n<p>Poythress acertou de novo. Este livro cont\u00e9m uma grande quantidade de novas ideias e um cuidadoso trabalho filos\u00f3fico crist\u00e3o. \u00c9 a integra\u00e7\u00e3o mais clara que Poythress faz entre a lingu\u00edstica, filosofia e exegese. Certamente este livro cont\u00e9m as an\u00e1lises mais incisivas de ma\u00e7\u00e3s e marcadores que voc\u00ea encontrar\u00e1. O ponto, claro, \u00e9 que todas as coisas no mundo de Deus refletem a riqueza do Deus tri\u00fano.<br \/>\nJohn M. Frame<\/p>\n","protected":false},"excerpt":{"rendered":"<p>A vida \u00e9 cheia de grandes quest\u00f5es. O estudo da filosofia busca responder-lhes. Neste livro, o autor Vern Poythress investiga os fundamentos e limites da filosofia ocidental, esbo\u00e7ando uma abordagem distintamente crist\u00e3 para responder quest\u00f5es b\u00e1sicas sobre a natureza da humanidade, a exist\u00eancia de Deus, a busca por significado e a base para a moralidade.<\/p>\n<p>Para crist\u00e3os \u00e1vidos por se envolver com as quest\u00f5es filos\u00f3ficas atemporais que t\u00eam deixado homens e mulheres perplexos h\u00e1 mil\u00eanios, este \u00e9 o lugar para se come\u00e7ar.<\/p>\n<p>Poythress acertou de novo. Este livro cont\u00e9m uma grande quantidade de novas ideias e um cuidadoso trabalho filos\u00f3fico crist\u00e3o. \u00c9 a integra\u00e7\u00e3o mais clara que Poythress faz entre a lingu\u00edstica, filosofia e exegese. Certamente este livro cont\u00e9m as an\u00e1lises mais incisivas de ma\u00e7\u00e3s e marcadores que voc\u00ea encontrar\u00e1. O ponto, claro, \u00e9 que todas as coisas no mundo de Deus refletem a riqueza do Deus tri\u00fano.<br \/>\nJohn M. Frame<\/p>\n","protected":false},"featured_media":2822,"comment_status":"closed","ping_status":"closed","template":"","meta":[],"product_brand":[],"product_cat":[154,21],"product_tag":[],"class_list":{"0":"post-2818","1":"product","2":"type-product","3":"status-publish","4":"has-post-thumbnail","6":"product_cat-formacao-profissional","7":"product_cat-monergismo","9":"first","10":"instock","11":"shipping-taxable","12":"purchasable","13":"product-type-simple"},"_links":{"self":[{"href":"https:\/\/acsi.com.br\/lojavirtual\/wp-json\/wp\/v2\/product\/2818","targetHints":{"allow":["GET"]}}],"collection":[{"href":"https:\/\/acsi.com.br\/lojavirtual\/wp-json\/wp\/v2\/product"}],"about":[{"href":"https:\/\/acsi.com.br\/lojavirtual\/wp-json\/wp\/v2\/types\/product"}],"replies":[{"embeddable":true,"href":"https:\/\/acsi.com.br\/lojavirtual\/wp-json\/wp\/v2\/comments?post=2818"}],"version-history":[{"count":2,"href":"https:\/\/acsi.com.br\/lojavirtual\/wp-json\/wp\/v2\/product\/2818\/revisions"}],"predecessor-version":[{"id":7227,"href":"https:\/\/acsi.com.br\/lojavirtual\/wp-json\/wp\/v2\/product\/2818\/revisions\/7227"}],"wp:featuredmedia":[{"embeddable":true,"href":"https:\/\/acsi.com.br\/lojavirtual\/wp-json\/wp\/v2\/media\/2822"}],"wp:attachment":[{"href":"https:\/\/acsi.com.br\/lojavirtual\/wp-json\/wp\/v2\/media?parent=2818"}],"wp:term":[{"taxonomy":"product_brand","embeddable":true,"href":"https:\/\/acsi.com.br\/lojavirtual\/wp-json\/wp\/v2\/product_brand?post=2818"},{"taxonomy":"product_cat","embeddable":true,"href":"https:\/\/acsi.com.br\/lojavirtual\/wp-json\/wp\/v2\/product_cat?post=2818"},{"taxonomy":"product_tag","embeddable":true,"href":"https:\/\/acsi.com.br\/lojavirtual\/wp-json\/wp\/v2\/product_tag?post=2818"}],"curies":[{"name":"wp","href":"https:\/\/api.w.org\/{rel}","templated":true}]}}