{"id":279,"date":"2023-08-03T22:30:30","date_gmt":"2023-08-03T22:30:30","guid":{"rendered":"https:\/\/acsi.com.br\/lojavirtual\/?post_type=product&#038;p=279"},"modified":"2026-04-16T20:59:35","modified_gmt":"2026-04-16T23:59:35","slug":"joao-treme-a-cauda","status":"publish","type":"product","link":"https:\/\/acsi.com.br\/lojavirtual\/produto\/joao-treme-a-cauda\/","title":{"rendered":"Jo\u00e3o treme a cauda"},"content":{"rendered":"<p>Em Jo\u00e3o treme a cauda, toda a fam\u00edlia Esquilo acaba chateada quando a coleta de bolotas n\u00e3o acontece de acordo com o planejado. Embora os esquilos Papai, Mam\u00e3e, Jo\u00e3o e Caio fiquem irados, eles tamb\u00e9m aprendem sobre o poder de dizer sinto muito, procurar perd\u00e3o, lembrar das palavras de Deus e orar juntos. Organizado por David Powlison, Jo\u00e3o treme a cauda termina com uma se\u00e7\u00e3o especial que orienta os pais a ensinarem \u00e0s crian\u00e7as como o evangelho de Jesus Cristo transforma o modo como respondemos quando a vida nos apresenta problemas.<\/p>\n","protected":false},"excerpt":{"rendered":"<p>Em Jo\u00e3o treme a cauda, toda a fam\u00edlia Esquilo acaba chateada quando a coleta de bolotas n\u00e3o acontece de acordo com o planejado. Embora os esquilos Papai, Mam\u00e3e, Jo\u00e3o e Caio fiquem irados, eles tamb\u00e9m aprendem sobre o poder de dizer sinto muito, procurar perd\u00e3o, lembrar das palavras de Deus e orar juntos. Organizado por David Powlison, Jo\u00e3o treme a cauda termina com uma se\u00e7\u00e3o especial que orienta os pais a ensinarem \u00e0s crian\u00e7as como o evangelho de Jesus Cristo transforma o modo como respondemos quando a vida nos apresenta problemas.<\/p>\n","protected":false},"featured_media":280,"comment_status":"closed","ping_status":"closed","template":"","meta":[],"product_brand":[],"product_cat":[20],"product_tag":[139,152],"class_list":{"0":"post-279","1":"product","2":"type-product","3":"status-publish","4":"has-post-thumbnail","6":"product_cat-editora-fiel","7":"product_tag-ate-5o-ano","8":"product_tag-fund-1","10":"first","11":"instock","12":"shipping-taxable","13":"purchasable","14":"product-type-simple"},"_links":{"self":[{"href":"https:\/\/acsi.com.br\/lojavirtual\/wp-json\/wp\/v2\/product\/279","targetHints":{"allow":["GET"]}}],"collection":[{"href":"https:\/\/acsi.com.br\/lojavirtual\/wp-json\/wp\/v2\/product"}],"about":[{"href":"https:\/\/acsi.com.br\/lojavirtual\/wp-json\/wp\/v2\/types\/product"}],"replies":[{"embeddable":true,"href":"https:\/\/acsi.com.br\/lojavirtual\/wp-json\/wp\/v2\/comments?post=279"}],"version-history":[{"count":1,"href":"https:\/\/acsi.com.br\/lojavirtual\/wp-json\/wp\/v2\/product\/279\/revisions"}],"predecessor-version":[{"id":281,"href":"https:\/\/acsi.com.br\/lojavirtual\/wp-json\/wp\/v2\/product\/279\/revisions\/281"}],"wp:featuredmedia":[{"embeddable":true,"href":"https:\/\/acsi.com.br\/lojavirtual\/wp-json\/wp\/v2\/media\/280"}],"wp:attachment":[{"href":"https:\/\/acsi.com.br\/lojavirtual\/wp-json\/wp\/v2\/media?parent=279"}],"wp:term":[{"taxonomy":"product_brand","embeddable":true,"href":"https:\/\/acsi.com.br\/lojavirtual\/wp-json\/wp\/v2\/product_brand?post=279"},{"taxonomy":"product_cat","embeddable":true,"href":"https:\/\/acsi.com.br\/lojavirtual\/wp-json\/wp\/v2\/product_cat?post=279"},{"taxonomy":"product_tag","embeddable":true,"href":"https:\/\/acsi.com.br\/lojavirtual\/wp-json\/wp\/v2\/product_tag?post=279"}],"curies":[{"name":"wp","href":"https:\/\/api.w.org\/{rel}","templated":true}]}}