{"id":276,"date":"2023-08-03T22:28:16","date_gmt":"2023-08-03T22:28:16","guid":{"rendered":"https:\/\/acsi.com.br\/lojavirtual\/?post_type=product&#038;p=276"},"modified":"2026-04-16T20:59:35","modified_gmt":"2026-04-16T23:59:35","slug":"henrique-diz-adeus","status":"publish","type":"product","link":"https:\/\/acsi.com.br\/lojavirtual\/produto\/henrique-diz-adeus\/","title":{"rendered":"Henrique diz Adeus"},"content":{"rendered":"<p>Henrique, o ouri\u00e7o, ama sua joaninha de estima\u00e7\u00e3o. Ela faz companhia a ele e diverte os familiares e amigos com seus truques de voo. Mas, um dia, ele ter\u00e1 que se despedir de sua joaninha. Henrique e toda a sua fam\u00edlia est\u00e3o tristes, mas, ao longo da hist\u00f3ria, aprendem a ir at\u00e9 Jesus com sua tristeza para receber consolo. Ao final do livro, os pais tamb\u00e9m receber\u00e3o instru\u00e7\u00e3o para aplica\u00e7\u00e3o das verdades b\u00edblicas ensinadas ao longo da hist\u00f3ria. Juntos, pais e filhos ser\u00e3o orientados a conversas relevantes sobre como viver pela f\u00e9 nos detalhes da vida cotidiana.<\/p>\n","protected":false},"excerpt":{"rendered":"<p>Henrique, o ouri\u00e7o, ama sua joaninha de estima\u00e7\u00e3o. Ela faz companhia a ele e diverte os familiares e amigos com seus truques de voo. Mas, um dia, ele ter\u00e1 que se despedir de sua joaninha. Henrique e toda a sua fam\u00edlia est\u00e3o tristes, mas, ao longo da hist\u00f3ria, aprendem a ir at\u00e9 Jesus com sua tristeza para receber consolo. Ao final do livro, os pais tamb\u00e9m receber\u00e3o instru\u00e7\u00e3o para aplica\u00e7\u00e3o das verdades b\u00edblicas ensinadas ao longo da hist\u00f3ria. Juntos, pais e filhos ser\u00e3o orientados a conversas relevantes sobre como viver pela f\u00e9 nos detalhes da vida cotidiana.<\/p>\n","protected":false},"featured_media":277,"comment_status":"closed","ping_status":"closed","template":"","meta":[],"product_brand":[],"product_cat":[20],"product_tag":[139,152],"class_list":{"0":"post-276","1":"product","2":"type-product","3":"status-publish","4":"has-post-thumbnail","6":"product_cat-editora-fiel","7":"product_tag-ate-5o-ano","8":"product_tag-fund-1","10":"first","11":"instock","12":"shipping-taxable","13":"purchasable","14":"product-type-simple"},"_links":{"self":[{"href":"https:\/\/acsi.com.br\/lojavirtual\/wp-json\/wp\/v2\/product\/276","targetHints":{"allow":["GET"]}}],"collection":[{"href":"https:\/\/acsi.com.br\/lojavirtual\/wp-json\/wp\/v2\/product"}],"about":[{"href":"https:\/\/acsi.com.br\/lojavirtual\/wp-json\/wp\/v2\/types\/product"}],"replies":[{"embeddable":true,"href":"https:\/\/acsi.com.br\/lojavirtual\/wp-json\/wp\/v2\/comments?post=276"}],"version-history":[{"count":1,"href":"https:\/\/acsi.com.br\/lojavirtual\/wp-json\/wp\/v2\/product\/276\/revisions"}],"predecessor-version":[{"id":278,"href":"https:\/\/acsi.com.br\/lojavirtual\/wp-json\/wp\/v2\/product\/276\/revisions\/278"}],"wp:featuredmedia":[{"embeddable":true,"href":"https:\/\/acsi.com.br\/lojavirtual\/wp-json\/wp\/v2\/media\/277"}],"wp:attachment":[{"href":"https:\/\/acsi.com.br\/lojavirtual\/wp-json\/wp\/v2\/media?parent=276"}],"wp:term":[{"taxonomy":"product_brand","embeddable":true,"href":"https:\/\/acsi.com.br\/lojavirtual\/wp-json\/wp\/v2\/product_brand?post=276"},{"taxonomy":"product_cat","embeddable":true,"href":"https:\/\/acsi.com.br\/lojavirtual\/wp-json\/wp\/v2\/product_cat?post=276"},{"taxonomy":"product_tag","embeddable":true,"href":"https:\/\/acsi.com.br\/lojavirtual\/wp-json\/wp\/v2\/product_tag?post=276"}],"curies":[{"name":"wp","href":"https:\/\/api.w.org\/{rel}","templated":true}]}}