{"id":273,"date":"2023-08-03T22:26:44","date_gmt":"2023-08-03T22:26:44","guid":{"rendered":"https:\/\/acsi.com.br\/lojavirtual\/?post_type=product&#038;p=273"},"modified":"2026-04-16T20:59:35","modified_gmt":"2026-04-16T23:59:35","slug":"laura-sai-do-casco","status":"publish","type":"product","link":"https:\/\/acsi.com.br\/lojavirtual\/produto\/laura-sai-do-casco\/","title":{"rendered":"Laura sai do casco"},"content":{"rendered":"<p>A tartaruga Laura se sente sozinha. Ela acabou de se mudar para um novo lago e uma nova escola com sua fam\u00edlia, mas parece que todo mundo tem um amigo, exceto ela. A professora percebe que ela se sente sozinha e a ajuda a lembrar-se de que Jesus \u00e9 sempre o seu amigo e, ao longo do caminho, ela faz novas amizades. A \u00faltima p\u00e1gina cont\u00e9m informa\u00e7\u00f5es para os pais sobre como Deus, em sua Palavra, nos ajuda a voltarmos para Jesus quando estamos sozinhos. Juntos, filhos e pais ser\u00e3o orientados em conversas significativas sobre como viver pela f\u00e9 na vida cotidiana.<\/p>\n","protected":false},"excerpt":{"rendered":"<p>A tartaruga Laura se sente sozinha. Ela acabou de se mudar para um novo lago e uma nova escola com sua fam\u00edlia, mas parece que todo mundo tem um amigo, exceto ela. A professora percebe que ela se sente sozinha e a ajuda a lembrar-se de que Jesus \u00e9 sempre o seu amigo e, ao longo do caminho, ela faz novas amizades. A \u00faltima p\u00e1gina cont\u00e9m informa\u00e7\u00f5es para os pais sobre como Deus, em sua Palavra, nos ajuda a voltarmos para Jesus quando estamos sozinhos. Juntos, filhos e pais ser\u00e3o orientados em conversas significativas sobre como viver pela f\u00e9 na vida cotidiana.<\/p>\n","protected":false},"featured_media":274,"comment_status":"closed","ping_status":"closed","template":"","meta":[],"product_brand":[],"product_cat":[20],"product_tag":[139,152],"class_list":{"0":"post-273","1":"product","2":"type-product","3":"status-publish","4":"has-post-thumbnail","6":"product_cat-editora-fiel","7":"product_tag-ate-5o-ano","8":"product_tag-fund-1","10":"first","11":"instock","12":"shipping-taxable","13":"purchasable","14":"product-type-simple"},"_links":{"self":[{"href":"https:\/\/acsi.com.br\/lojavirtual\/wp-json\/wp\/v2\/product\/273","targetHints":{"allow":["GET"]}}],"collection":[{"href":"https:\/\/acsi.com.br\/lojavirtual\/wp-json\/wp\/v2\/product"}],"about":[{"href":"https:\/\/acsi.com.br\/lojavirtual\/wp-json\/wp\/v2\/types\/product"}],"replies":[{"embeddable":true,"href":"https:\/\/acsi.com.br\/lojavirtual\/wp-json\/wp\/v2\/comments?post=273"}],"version-history":[{"count":1,"href":"https:\/\/acsi.com.br\/lojavirtual\/wp-json\/wp\/v2\/product\/273\/revisions"}],"predecessor-version":[{"id":275,"href":"https:\/\/acsi.com.br\/lojavirtual\/wp-json\/wp\/v2\/product\/273\/revisions\/275"}],"wp:featuredmedia":[{"embeddable":true,"href":"https:\/\/acsi.com.br\/lojavirtual\/wp-json\/wp\/v2\/media\/274"}],"wp:attachment":[{"href":"https:\/\/acsi.com.br\/lojavirtual\/wp-json\/wp\/v2\/media?parent=273"}],"wp:term":[{"taxonomy":"product_brand","embeddable":true,"href":"https:\/\/acsi.com.br\/lojavirtual\/wp-json\/wp\/v2\/product_brand?post=273"},{"taxonomy":"product_cat","embeddable":true,"href":"https:\/\/acsi.com.br\/lojavirtual\/wp-json\/wp\/v2\/product_cat?post=273"},{"taxonomy":"product_tag","embeddable":true,"href":"https:\/\/acsi.com.br\/lojavirtual\/wp-json\/wp\/v2\/product_tag?post=273"}],"curies":[{"name":"wp","href":"https:\/\/api.w.org\/{rel}","templated":true}]}}