{"id":255,"date":"2023-08-03T22:09:36","date_gmt":"2023-08-03T22:09:36","guid":{"rendered":"https:\/\/acsi.com.br\/lojavirtual\/?post_type=product&#038;p=255"},"modified":"2026-04-30T11:31:50","modified_gmt":"2026-04-30T14:31:50","slug":"interligados","status":"publish","type":"product","link":"https:\/\/acsi.com.br\/lojavirtual\/produto\/interligados\/","title":{"rendered":"Interligados"},"content":{"rendered":"<p>Em um passeio de fam\u00edlia durante o fim de semana, a curiosidade de dois irm\u00e3os pr\u00e9-adolescentes os levam a descobrir um caminho cheio de armadilhas e uma grande descoberta.<\/p>\n<p>Interligados \u00e9 um livro curto, de leitura f\u00e1cil e envolvente. O primeiro de uma s\u00e9rie de hist\u00f3rias de fic\u00e7\u00e3o que pode ser lido por todas as idades e trabalha valores como coragem, conhecimento, confian\u00e7a em Deus, honra, perseveran\u00e7a e f\u00e9.<\/p>\n","protected":false},"excerpt":{"rendered":"<p>Em um passeio de fam\u00edlia durante o fim de semana, a curiosidade de dois irm\u00e3os pr\u00e9-adolescentes os levam a descobrir um caminho cheio de armadilhas e uma grande descoberta.<\/p>\n","protected":false},"featured_media":570,"comment_status":"closed","ping_status":"closed","template":"","meta":[],"product_brand":[],"product_cat":[19],"product_tag":[139,152],"class_list":{"0":"post-255","1":"product","2":"type-product","3":"status-publish","4":"has-post-thumbnail","6":"product_cat-pack-educacional","7":"product_tag-ate-5o-ano","8":"product_tag-fund-1","10":"first","11":"instock","12":"featured","13":"shipping-taxable","14":"purchasable","15":"product-type-simple"},"_links":{"self":[{"href":"https:\/\/acsi.com.br\/lojavirtual\/wp-json\/wp\/v2\/product\/255","targetHints":{"allow":["GET"]}}],"collection":[{"href":"https:\/\/acsi.com.br\/lojavirtual\/wp-json\/wp\/v2\/product"}],"about":[{"href":"https:\/\/acsi.com.br\/lojavirtual\/wp-json\/wp\/v2\/types\/product"}],"replies":[{"embeddable":true,"href":"https:\/\/acsi.com.br\/lojavirtual\/wp-json\/wp\/v2\/comments?post=255"}],"version-history":[{"count":2,"href":"https:\/\/acsi.com.br\/lojavirtual\/wp-json\/wp\/v2\/product\/255\/revisions"}],"predecessor-version":[{"id":3360,"href":"https:\/\/acsi.com.br\/lojavirtual\/wp-json\/wp\/v2\/product\/255\/revisions\/3360"}],"wp:featuredmedia":[{"embeddable":true,"href":"https:\/\/acsi.com.br\/lojavirtual\/wp-json\/wp\/v2\/media\/570"}],"wp:attachment":[{"href":"https:\/\/acsi.com.br\/lojavirtual\/wp-json\/wp\/v2\/media?parent=255"}],"wp:term":[{"taxonomy":"product_brand","embeddable":true,"href":"https:\/\/acsi.com.br\/lojavirtual\/wp-json\/wp\/v2\/product_brand?post=255"},{"taxonomy":"product_cat","embeddable":true,"href":"https:\/\/acsi.com.br\/lojavirtual\/wp-json\/wp\/v2\/product_cat?post=255"},{"taxonomy":"product_tag","embeddable":true,"href":"https:\/\/acsi.com.br\/lojavirtual\/wp-json\/wp\/v2\/product_tag?post=255"}],"curies":[{"name":"wp","href":"https:\/\/api.w.org\/{rel}","templated":true}]}}