{"id":2505,"date":"2024-03-06T14:56:30","date_gmt":"2024-03-06T14:56:30","guid":{"rendered":"https:\/\/acsi.com.br\/lojavirtual\/?post_type=product&#038;p=2505"},"modified":"2026-04-22T11:12:54","modified_gmt":"2026-04-22T14:12:54","slug":"o-jardim-a-cortina-e-a-cruz","status":"publish","type":"product","link":"https:\/\/acsi.com.br\/lojavirtual\/produto\/o-jardim-a-cortina-e-a-cruz\/","title":{"rendered":"O Jardim, a Cortina e a Cruz"},"content":{"rendered":"<p><i>H\u00e1 muito tempo, neste mundo, existia um jardim extraordin\u00e1rio.<\/i><\/p>\n<p>Um lugar onde a alegria flu\u00eda, as risadas eram abundantes, e cada momento era repleto de maravilhas. Nesse jardim, a tristeza era desconhecida, pois nada de ruim encontrava espa\u00e7o ali. O auge da perfei\u00e7\u00e3o era a presen\u00e7a divina, pois Deus habitava neste para\u00edso encantador.<\/p>\n<p><i>Contudo, em certo dia&#8230;<\/i><\/p>\n<p>Descubra a fascinante narrativa b\u00edblica que esclarece o motivo pelo qual Jesus sacrificou Sua vida e ressurgiu, e aprenda como voc\u00ea pode se integrar a esse relato incr\u00edvel!<\/p>\n","protected":false},"excerpt":{"rendered":"<p><i>H\u00e1 muito tempo, neste mundo, existia um jardim extraordin\u00e1rio.<\/i><\/p>\n<p>Um lugar onde a alegria flu\u00eda, as risadas eram abundantes, e cada momento era repleto de maravilhas. Nesse jardim, a tristeza era desconhecida, pois nada de ruim encontrava espa\u00e7o ali. O auge da perfei\u00e7\u00e3o era a presen\u00e7a divina, pois Deus habitava neste para\u00edso encantador.<\/p>\n<p><i>Contudo, em certo dia&#8230;<\/i><\/p>\n<p>Descubra a fascinante narrativa b\u00edblica que esclarece o motivo pelo qual Jesus sacrificou Sua vida e ressurgiu, e aprenda como voc\u00ea pode se integrar a esse relato incr\u00edvel!<\/p>\n","protected":false},"featured_media":2506,"comment_status":"closed","ping_status":"closed","template":"","meta":[],"product_brand":[],"product_cat":[32],"product_tag":[],"class_list":{"0":"post-2505","1":"product","2":"type-product","3":"status-publish","4":"has-post-thumbnail","6":"product_cat-livraria-100-cristao","8":"first","9":"instock","10":"shipping-taxable","11":"purchasable","12":"product-type-simple"},"_links":{"self":[{"href":"https:\/\/acsi.com.br\/lojavirtual\/wp-json\/wp\/v2\/product\/2505","targetHints":{"allow":["GET"]}}],"collection":[{"href":"https:\/\/acsi.com.br\/lojavirtual\/wp-json\/wp\/v2\/product"}],"about":[{"href":"https:\/\/acsi.com.br\/lojavirtual\/wp-json\/wp\/v2\/types\/product"}],"replies":[{"embeddable":true,"href":"https:\/\/acsi.com.br\/lojavirtual\/wp-json\/wp\/v2\/comments?post=2505"}],"version-history":[{"count":1,"href":"https:\/\/acsi.com.br\/lojavirtual\/wp-json\/wp\/v2\/product\/2505\/revisions"}],"predecessor-version":[{"id":2508,"href":"https:\/\/acsi.com.br\/lojavirtual\/wp-json\/wp\/v2\/product\/2505\/revisions\/2508"}],"wp:featuredmedia":[{"embeddable":true,"href":"https:\/\/acsi.com.br\/lojavirtual\/wp-json\/wp\/v2\/media\/2506"}],"wp:attachment":[{"href":"https:\/\/acsi.com.br\/lojavirtual\/wp-json\/wp\/v2\/media?parent=2505"}],"wp:term":[{"taxonomy":"product_brand","embeddable":true,"href":"https:\/\/acsi.com.br\/lojavirtual\/wp-json\/wp\/v2\/product_brand?post=2505"},{"taxonomy":"product_cat","embeddable":true,"href":"https:\/\/acsi.com.br\/lojavirtual\/wp-json\/wp\/v2\/product_cat?post=2505"},{"taxonomy":"product_tag","embeddable":true,"href":"https:\/\/acsi.com.br\/lojavirtual\/wp-json\/wp\/v2\/product_tag?post=2505"}],"curies":[{"name":"wp","href":"https:\/\/api.w.org\/{rel}","templated":true}]}}