{"id":2309,"date":"2024-02-21T19:31:20","date_gmt":"2024-02-21T19:31:20","guid":{"rendered":"https:\/\/acsi.com.br\/lojavirtual\/?post_type=product&#038;p=2309"},"modified":"2026-04-16T20:58:09","modified_gmt":"2026-04-16T23:58:09","slug":"40-dias-em-gotham","status":"publish","type":"product","link":"https:\/\/acsi.com.br\/lojavirtual\/produto\/40-dias-em-gotham\/","title":{"rendered":"Devocional 40 Dias em Gotham"},"content":{"rendered":"<p>Uma incr\u00edvel devocional inspirada no universo de Batman! O Cavaleiro das Trevas \u00e9 um dos super-her\u00f3is mais emblem\u00e1ticos de todos os tempos, sen\u00e3o o mais importante. Um homem rico e solit\u00e1rio, envolto num passado de trag\u00e9dia pessoal, que decide combater com as pr\u00f3prias m\u00e3os o crime da sua cidade, Gotham City. Por sinal, um local cheio de tipos exc\u00eantricos, criminalidade, caos e desigualdade social. Poderia at\u00e9 ser realidade, mas n\u00e3o \u00e9. Talvez por n\u00e3o ter super poderes e depender apenas das suas for\u00e7as, o mais \u201chumano\u201d e complexo dos super her\u00f3is vem marcando gera\u00e7\u00f5es \u2013 Batman. O alter ego de Bruce Wayne (ou ao contr\u00e1rio?) j\u00e1 nos traria uma infinidade de li\u00e7\u00f5es. Por\u00e9m, neste livro especial da s\u00e9rie \u201c40 Dias\u201d, trazemos ainda mais aliados e vil\u00f5es do Homem-Morcego, todos envoltos na atmosfera da sombria Gotham. Por meio de cada devocional, descubra quais as li\u00e7\u00f5es que podemos aprender com eles, \u00e0 luz da Palavra de Deus, trazendo princ\u00edpios eternos e espirituais para uma caminhada crist\u00e3 mais madura. Prepare-se para uma das mais dif\u00edceis e recompensadoras jornada de 40 Dias que voc\u00ea j\u00e1 trilhou.<\/p>\n","protected":false},"excerpt":{"rendered":"<p>Uma incr\u00edvel devocional inspirada no universo de Batman! O Cavaleiro das Trevas \u00e9 um dos super-her\u00f3is mais emblem\u00e1ticos de todos os tempos, sen\u00e3o o mais importante. Um homem rico e solit\u00e1rio, envolto num passado de trag\u00e9dia pessoal, que decide combater com as pr\u00f3prias m\u00e3os o crime da sua cidade, Gotham City. Por sinal, um local cheio de tipos exc\u00eantricos, criminalidade, caos e desigualdade social. Poderia at\u00e9 ser realidade, mas n\u00e3o \u00e9. Talvez por n\u00e3o ter super poderes e depender apenas das suas for\u00e7as, o mais \u201chumano\u201d e complexo dos super her\u00f3is vem marcando gera\u00e7\u00f5es \u2013 Batman. O alter ego de Bruce Wayne (ou ao contr\u00e1rio?) j\u00e1 nos traria uma infinidade de li\u00e7\u00f5es. Por\u00e9m, neste livro especial da s\u00e9rie \u201c40 Dias\u201d, trazemos ainda mais aliados e vil\u00f5es do Homem-Morcego, todos envoltos na atmosfera da sombria Gotham. Por meio de cada devocional, descubra quais as li\u00e7\u00f5es que podemos aprender com eles, \u00e0 luz da Palavra de Deus, trazendo princ\u00edpios eternos e espirituais para uma caminhada crist\u00e3 mais madura. Prepare-se para uma das mais dif\u00edceis e recompensadoras jornada de 40 Dias que voc\u00ea j\u00e1 trilhou.<\/p>\n","protected":false},"featured_media":2310,"comment_status":"closed","ping_status":"closed","template":"","meta":[],"product_brand":[],"product_cat":[26],"product_tag":[],"class_list":{"0":"post-2309","1":"product","2":"type-product","3":"status-publish","4":"has-post-thumbnail","6":"product_cat-lion-editora","8":"first","9":"instock","10":"shipping-taxable","11":"purchasable","12":"product-type-simple"},"_links":{"self":[{"href":"https:\/\/acsi.com.br\/lojavirtual\/wp-json\/wp\/v2\/product\/2309","targetHints":{"allow":["GET"]}}],"collection":[{"href":"https:\/\/acsi.com.br\/lojavirtual\/wp-json\/wp\/v2\/product"}],"about":[{"href":"https:\/\/acsi.com.br\/lojavirtual\/wp-json\/wp\/v2\/types\/product"}],"replies":[{"embeddable":true,"href":"https:\/\/acsi.com.br\/lojavirtual\/wp-json\/wp\/v2\/comments?post=2309"}],"version-history":[{"count":3,"href":"https:\/\/acsi.com.br\/lojavirtual\/wp-json\/wp\/v2\/product\/2309\/revisions"}],"predecessor-version":[{"id":6205,"href":"https:\/\/acsi.com.br\/lojavirtual\/wp-json\/wp\/v2\/product\/2309\/revisions\/6205"}],"wp:featuredmedia":[{"embeddable":true,"href":"https:\/\/acsi.com.br\/lojavirtual\/wp-json\/wp\/v2\/media\/2310"}],"wp:attachment":[{"href":"https:\/\/acsi.com.br\/lojavirtual\/wp-json\/wp\/v2\/media?parent=2309"}],"wp:term":[{"taxonomy":"product_brand","embeddable":true,"href":"https:\/\/acsi.com.br\/lojavirtual\/wp-json\/wp\/v2\/product_brand?post=2309"},{"taxonomy":"product_cat","embeddable":true,"href":"https:\/\/acsi.com.br\/lojavirtual\/wp-json\/wp\/v2\/product_cat?post=2309"},{"taxonomy":"product_tag","embeddable":true,"href":"https:\/\/acsi.com.br\/lojavirtual\/wp-json\/wp\/v2\/product_tag?post=2309"}],"curies":[{"name":"wp","href":"https:\/\/api.w.org\/{rel}","templated":true}]}}