{"id":2118,"date":"2024-02-09T17:35:21","date_gmt":"2024-02-09T17:35:21","guid":{"rendered":"https:\/\/acsi.com.br\/lojavirtual\/?post_type=product&#038;p=2118"},"modified":"2026-04-24T07:14:33","modified_gmt":"2026-04-24T10:14:33","slug":"um-adolescente-com-proposito","status":"publish","type":"product","link":"https:\/\/acsi.com.br\/lojavirtual\/produto\/um-adolescente-com-proposito\/","title":{"rendered":"Um Adolescente com Prop\u00f3sito"},"content":{"rendered":"<p>Em uma abordagem genu\u00edna e sens\u00edvel, a obra &#8220;de adolescente para adolescente&#8221; explora tem\u00e1ticas cruciais dessa fase da vida, como namoro, rela\u00e7\u00f5es familiares, vis\u00f5es para o futuro e f\u00e9. Com uma escrita perspicaz e repleta de bom humor, o autor convida os leitores a ponderarem sobre as li\u00e7\u00f5es da Palavra de Deus, proporcionando orienta\u00e7\u00f5es para enfrentar os desafios t\u00edpicos da adolesc\u00eancia.<\/p>\n","protected":false},"excerpt":{"rendered":"<p>Em uma abordagem genu\u00edna e sens\u00edvel, a obra &#8220;de adolescente para adolescente&#8221; explora tem\u00e1ticas cruciais dessa fase da vida, como namoro, rela\u00e7\u00f5es familiares, vis\u00f5es para o futuro e f\u00e9. Com uma escrita perspicaz e repleta de bom humor, o autor convida os leitores a ponderarem sobre as li\u00e7\u00f5es da Palavra de Deus, proporcionando orienta\u00e7\u00f5es para enfrentar os desafios t\u00edpicos da adolesc\u00eancia.<\/p>\n","protected":false},"featured_media":3390,"comment_status":"closed","ping_status":"closed","template":"","meta":[],"product_brand":[],"product_cat":[26],"product_tag":[],"class_list":{"0":"post-2118","1":"product","2":"type-product","3":"status-publish","4":"has-post-thumbnail","6":"product_cat-lion-editora","8":"first","9":"instock","10":"shipping-taxable","11":"purchasable","12":"product-type-simple"},"_links":{"self":[{"href":"https:\/\/acsi.com.br\/lojavirtual\/wp-json\/wp\/v2\/product\/2118","targetHints":{"allow":["GET"]}}],"collection":[{"href":"https:\/\/acsi.com.br\/lojavirtual\/wp-json\/wp\/v2\/product"}],"about":[{"href":"https:\/\/acsi.com.br\/lojavirtual\/wp-json\/wp\/v2\/types\/product"}],"replies":[{"embeddable":true,"href":"https:\/\/acsi.com.br\/lojavirtual\/wp-json\/wp\/v2\/comments?post=2118"}],"version-history":[{"count":1,"href":"https:\/\/acsi.com.br\/lojavirtual\/wp-json\/wp\/v2\/product\/2118\/revisions"}],"predecessor-version":[{"id":2121,"href":"https:\/\/acsi.com.br\/lojavirtual\/wp-json\/wp\/v2\/product\/2118\/revisions\/2121"}],"wp:featuredmedia":[{"embeddable":true,"href":"https:\/\/acsi.com.br\/lojavirtual\/wp-json\/wp\/v2\/media\/3390"}],"wp:attachment":[{"href":"https:\/\/acsi.com.br\/lojavirtual\/wp-json\/wp\/v2\/media?parent=2118"}],"wp:term":[{"taxonomy":"product_brand","embeddable":true,"href":"https:\/\/acsi.com.br\/lojavirtual\/wp-json\/wp\/v2\/product_brand?post=2118"},{"taxonomy":"product_cat","embeddable":true,"href":"https:\/\/acsi.com.br\/lojavirtual\/wp-json\/wp\/v2\/product_cat?post=2118"},{"taxonomy":"product_tag","embeddable":true,"href":"https:\/\/acsi.com.br\/lojavirtual\/wp-json\/wp\/v2\/product_tag?post=2118"}],"curies":[{"name":"wp","href":"https:\/\/api.w.org\/{rel}","templated":true}]}}