{"id":2029,"date":"2024-02-08T15:07:15","date_gmt":"2024-02-08T15:07:15","guid":{"rendered":"https:\/\/acsi.com.br\/lojavirtual\/?post_type=product&#038;p=2029"},"modified":"2026-04-16T20:58:09","modified_gmt":"2026-04-16T23:58:09","slug":"temas-fundamentais-da-educacao-crista","status":"publish","type":"product","link":"https:\/\/acsi.com.br\/lojavirtual\/produto\/temas-fundamentais-da-educacao-crista\/","title":{"rendered":"Temas Fundamentais da Educa\u00e7\u00e3o Crist\u00e3"},"content":{"rendered":"<p>Para que o cristianismo evang\u00e9lico seja atuante hoje e no futuro \u00e9 necess\u00e1rio que haja preocupa\u00e7\u00e3o constante com a ortodoxia, a prega\u00e7\u00e3o e o ensino de uma f\u00e9 viva ao mundo p\u00f3s-moderno. Para isso os crist\u00e3os s\u00e3o chamados a ser fi\u00e9is na teoria e na pr\u00e1tica do ensino crist\u00e3o. O educador crist\u00e3o \u00e9 chamado a reavaliar seu pensamento e pr\u00e1tica com rela\u00e7\u00e3o aos temas fundamentais da Educa\u00e7\u00e3o Crist\u00e3. Este livro examina as disciplinas necess\u00e1rias para formar um conceito integral de Educa\u00e7\u00e3o Crist\u00e3 do qual se podem extrair diretrizes e princ\u00edpios pr\u00e1ticos. Os educadores crist\u00e3os precisam fazer um esfor\u00e7o concentrado para afirmar o entendimento b\u00edblico que oferece autoridade essencial para a teoria e a pr\u00e1tica. Robert W. Pazmi\u00f1o \u00e9 professor de Educa\u00e7\u00e3o Crist\u00e3 na Andover Newton Theological School.<\/p>\n","protected":false},"excerpt":{"rendered":"<p>Para que o cristianismo evang\u00e9lico seja atuante hoje e no futuro \u00e9 necess\u00e1rio que haja preocupa\u00e7\u00e3o constante com a ortodoxia, a prega\u00e7\u00e3o e o ensino de uma f\u00e9 viva ao mundo p\u00f3s-moderno. Para isso os crist\u00e3os s\u00e3o chamados a ser fi\u00e9is na teoria e na pr\u00e1tica do ensino crist\u00e3o. O educador crist\u00e3o \u00e9 chamado a reavaliar seu pensamento e pr\u00e1tica com rela\u00e7\u00e3o aos temas fundamentais da Educa\u00e7\u00e3o Crist\u00e3. Este livro examina as disciplinas necess\u00e1rias para formar um conceito integral de Educa\u00e7\u00e3o Crist\u00e3 do qual se podem extrair diretrizes e princ\u00edpios pr\u00e1ticos. Os educadores crist\u00e3os precisam fazer um esfor\u00e7o concentrado para afirmar o entendimento b\u00edblico que oferece autoridade essencial para a teoria e a pr\u00e1tica. Robert W. Pazmi\u00f1o \u00e9 professor de Educa\u00e7\u00e3o Crist\u00e3 na Andover Newton Theological School.<\/p>\n<p>Excelente para a leitura individual e para estudos em grupo!<\/p>\n","protected":false},"featured_media":2031,"comment_status":"closed","ping_status":"closed","template":"","meta":[],"product_brand":[],"product_cat":[96,154],"product_tag":[],"class_list":{"0":"post-2029","1":"product","2":"type-product","3":"status-publish","4":"has-post-thumbnail","6":"product_cat-cultura-crista","7":"product_cat-formacao-profissional","9":"first","10":"outofstock","11":"featured","12":"shipping-taxable","13":"purchasable","14":"product-type-simple"},"_links":{"self":[{"href":"https:\/\/acsi.com.br\/lojavirtual\/wp-json\/wp\/v2\/product\/2029","targetHints":{"allow":["GET"]}}],"collection":[{"href":"https:\/\/acsi.com.br\/lojavirtual\/wp-json\/wp\/v2\/product"}],"about":[{"href":"https:\/\/acsi.com.br\/lojavirtual\/wp-json\/wp\/v2\/types\/product"}],"replies":[{"embeddable":true,"href":"https:\/\/acsi.com.br\/lojavirtual\/wp-json\/wp\/v2\/comments?post=2029"}],"version-history":[{"count":1,"href":"https:\/\/acsi.com.br\/lojavirtual\/wp-json\/wp\/v2\/product\/2029\/revisions"}],"predecessor-version":[{"id":2032,"href":"https:\/\/acsi.com.br\/lojavirtual\/wp-json\/wp\/v2\/product\/2029\/revisions\/2032"}],"wp:featuredmedia":[{"embeddable":true,"href":"https:\/\/acsi.com.br\/lojavirtual\/wp-json\/wp\/v2\/media\/2031"}],"wp:attachment":[{"href":"https:\/\/acsi.com.br\/lojavirtual\/wp-json\/wp\/v2\/media?parent=2029"}],"wp:term":[{"taxonomy":"product_brand","embeddable":true,"href":"https:\/\/acsi.com.br\/lojavirtual\/wp-json\/wp\/v2\/product_brand?post=2029"},{"taxonomy":"product_cat","embeddable":true,"href":"https:\/\/acsi.com.br\/lojavirtual\/wp-json\/wp\/v2\/product_cat?post=2029"},{"taxonomy":"product_tag","embeddable":true,"href":"https:\/\/acsi.com.br\/lojavirtual\/wp-json\/wp\/v2\/product_tag?post=2029"}],"curies":[{"name":"wp","href":"https:\/\/api.w.org\/{rel}","templated":true}]}}