{"id":1400,"date":"2023-11-17T19:07:15","date_gmt":"2023-11-17T19:07:15","guid":{"rendered":"https:\/\/acsi.com.br\/lojavirtual\/?post_type=product&#038;p=1400"},"modified":"2026-03-30T10:48:21","modified_gmt":"2026-03-30T13:48:21","slug":"mi-faz-falta","status":"publish","type":"product","link":"https:\/\/acsi.com.br\/lojavirtual\/produto\/mi-faz-falta\/","title":{"rendered":"Mi faz falta"},"content":{"rendered":"<p>Por onde anda Mi&#8230;Voc\u00ea viu por ai? \u00c9 o que querem saber os amiguinhos procurando em tudo o que \u00e9 canto: ser\u00e1 que foi pelos caminhos do vento, do rio ou do trem que passa? Ser\u00e1 que ainda \u00e9 tempo? Sem Mi, n\u00e3o tem gra\u00e7a.<\/p>\n","protected":false},"excerpt":{"rendered":"<p>Por onde anda Mi&#8230;Voc\u00ea viu por ai? \u00c9 o que querem saber os amiguinhos procurando em tudo o que \u00e9 canto: ser\u00e1 que foi pelos caminhos do vento, do rio ou do trem que passa? Ser\u00e1 que ainda \u00e9 tempo? Sem Mi, n\u00e3o tem gra\u00e7a.<\/p>\n","protected":false},"featured_media":1401,"comment_status":"open","ping_status":"closed","template":"","meta":[],"product_brand":[],"product_cat":[180],"product_tag":[184],"class_list":{"0":"post-1400","1":"product","2":"type-product","3":"status-publish","4":"has-post-thumbnail","6":"product_cat-educacao-criativa","7":"product_tag-3o-e-4o-ano","9":"first","10":"instock","11":"featured","12":"shipping-taxable","13":"purchasable","14":"product-type-simple"},"_links":{"self":[{"href":"https:\/\/acsi.com.br\/lojavirtual\/wp-json\/wp\/v2\/product\/1400","targetHints":{"allow":["GET"]}}],"collection":[{"href":"https:\/\/acsi.com.br\/lojavirtual\/wp-json\/wp\/v2\/product"}],"about":[{"href":"https:\/\/acsi.com.br\/lojavirtual\/wp-json\/wp\/v2\/types\/product"}],"replies":[{"embeddable":true,"href":"https:\/\/acsi.com.br\/lojavirtual\/wp-json\/wp\/v2\/comments?post=1400"}],"version-history":[{"count":1,"href":"https:\/\/acsi.com.br\/lojavirtual\/wp-json\/wp\/v2\/product\/1400\/revisions"}],"predecessor-version":[{"id":1402,"href":"https:\/\/acsi.com.br\/lojavirtual\/wp-json\/wp\/v2\/product\/1400\/revisions\/1402"}],"wp:featuredmedia":[{"embeddable":true,"href":"https:\/\/acsi.com.br\/lojavirtual\/wp-json\/wp\/v2\/media\/1401"}],"wp:attachment":[{"href":"https:\/\/acsi.com.br\/lojavirtual\/wp-json\/wp\/v2\/media?parent=1400"}],"wp:term":[{"taxonomy":"product_brand","embeddable":true,"href":"https:\/\/acsi.com.br\/lojavirtual\/wp-json\/wp\/v2\/product_brand?post=1400"},{"taxonomy":"product_cat","embeddable":true,"href":"https:\/\/acsi.com.br\/lojavirtual\/wp-json\/wp\/v2\/product_cat?post=1400"},{"taxonomy":"product_tag","embeddable":true,"href":"https:\/\/acsi.com.br\/lojavirtual\/wp-json\/wp\/v2\/product_tag?post=1400"}],"curies":[{"name":"wp","href":"https:\/\/api.w.org\/{rel}","templated":true}]}}